{"id":1064,"date":"2023-11-23T14:13:56","date_gmt":"2023-11-23T13:13:56","guid":{"rendered":"https:\/\/pepiteslitteraires.fr\/?page_id=1064"},"modified":"2023-11-23T23:17:09","modified_gmt":"2023-11-23T22:17:09","slug":"illustrations","status":"publish","type":"page","link":"https:\/\/pepiteslitteraires.fr\/index.php\/illustrations\/","title":{"rendered":"Illustrations"},"content":{"rendered":"\t\t<div data-elementor-type=\"wp-page\" data-elementor-id=\"1064\" class=\"elementor elementor-1064\">\n\t\t\t\t<div class=\"elementor-element elementor-element-2488027a e-con-full e-flex e-con e-parent\" data-id=\"2488027a\" data-element_type=\"container\">\n\t\t\t\t<div class=\"elementor-element elementor-element-7b8370d4 elementor-widget__width-initial elementor-widget elementor-widget-text-editor\" data-id=\"7b8370d4\" data-element_type=\"widget\" data-widget_type=\"text-editor.default\">\n\t\t\t\t<div class=\"elementor-widget-container\">\n\t\t\t\t\t\t\t\t\t<p>\u00a0\u00a0\u00a0\u00a0\u00a0\u00a0\u00a0\u00a0\u00a0\u00a0\u00a0\u00a0\u00a0 \u00a9 <a href=\"https:\/\/pepiteslitteraires.fr\/index.php\/illustrations\/\" target=\"_blank\" rel=\"noopener\">NicolasGuyot<\/a><\/p>\t\t\t\t\t\t\t\t<\/div>\n\t\t\t\t<\/div>\n\t\t\t\t<\/div>\n\t\t<div class=\"elementor-element elementor-element-1dc224e e-flex e-con-boxed e-con e-parent\" data-id=\"1dc224e\" data-element_type=\"container\">\n\t\t\t\t\t<div class=\"e-con-inner\">\n\t\t\t\t<div class=\"elementor-element elementor-element-4911412 elementor-widget elementor-widget-heading\" data-id=\"4911412\" data-element_type=\"widget\" data-widget_type=\"heading.default\">\n\t\t\t\t<div class=\"elementor-widget-container\">\n\t\t\t\t\t<h2 class=\"elementor-heading-title elementor-size-default\">Illustrations logo et couvertures<\/h2>\t\t\t\t<\/div>\n\t\t\t\t<\/div>\n\t\t<div class=\"elementor-element elementor-element-05e57ff e-flex e-con-boxed e-con e-child\" data-id=\"05e57ff\" data-element_type=\"container\">\n\t\t\t\t\t<div class=\"e-con-inner\">\n\t\t\t\t<div class=\"elementor-element elementor-element-7650792 elementor-widget elementor-widget-text-editor\" data-id=\"7650792\" data-element_type=\"widget\" data-widget_type=\"text-editor.default\">\n\t\t\t\t<div class=\"elementor-widget-container\">\n\t\t\t\t\t\t\t\t\t<p>Vous avez peut-\u00eatre reconnu les silhouettes de Don Quichotte et de Sancho Panza sur le logo et en couverture des \u0153uvres publi\u00e9es sur ce site. Les deux personnages sont les h\u00e9ros de l\u2019\u0153uvre de Miguel de Cervantes <em><b>L\u2019Ing\u00e9nieux Hidalgo Don Quichotte de la Manche\u00a0<\/b><\/em>publi\u00e9e en 1605.\u00a0 <\/p>\t\t\t\t\t\t\t\t<\/div>\n\t\t\t\t<\/div>\n\t\t<div class=\"elementor-element elementor-element-cc5df7b e-flex e-con-boxed e-con e-child\" data-id=\"cc5df7b\" data-element_type=\"container\">\n\t\t\t\t\t<div class=\"e-con-inner\">\n\t\t\t\t<div class=\"elementor-element elementor-element-adbd9cb elementor-widget elementor-widget-image-gallery\" data-id=\"adbd9cb\" data-element_type=\"widget\" data-widget_type=\"image-gallery.default\">\n\t\t\t\t<div class=\"elementor-widget-container\">\n\t\t\t\t\t\t\t<div class=\"elementor-image-gallery\">\n\t\t\t<div id='gallery-1' class='gallery galleryid-1064 gallery-columns-4 gallery-size-rcno-book-cover-sm'><figure class='gallery-item'>\n\t\t\t<div class='gallery-icon portrait'>\n\t\t\t\t<a data-elementor-open-lightbox=\"yes\" data-elementor-lightbox-slideshow=\"adbd9cb\" data-elementor-lightbox-title=\"Usher\" data-e-action-hash=\"#elementor-action%3Aaction%3Dlightbox%26settings%3DeyJpZCI6ODc2LCJ1cmwiOiJodHRwczpcL1wvcGVwaXRlc2xpdHRlcmFpcmVzLmZyXC93cC1jb250ZW50XC91cGxvYWRzXC8yMDIzXC8xMVwvVXNoZXIuanBnIiwic2xpZGVzaG93IjoiYWRiZDljYiJ9\" href='https:\/\/pepiteslitteraires.fr\/wp-content\/uploads\/2023\/11\/Usher.jpg'><img decoding=\"async\" width=\"85\" height=\"130\" src=\"https:\/\/pepiteslitteraires.fr\/wp-content\/uploads\/2023\/11\/Usher-85x130.jpg\" class=\"attachment-rcno-book-cover-sm size-rcno-book-cover-sm\" alt=\"\" \/><\/a>\n\t\t\t<\/div><\/figure><figure class='gallery-item'>\n\t\t\t<div class='gallery-icon portrait'>\n\t\t\t\t<a data-elementor-open-lightbox=\"yes\" data-elementor-lightbox-slideshow=\"adbd9cb\" data-elementor-lightbox-title=\"Le dernier feu\" data-e-action-hash=\"#elementor-action%3Aaction%3Dlightbox%26settings%3DeyJpZCI6ODg4LCJ1cmwiOiJodHRwczpcL1wvcGVwaXRlc2xpdHRlcmFpcmVzLmZyXC93cC1jb250ZW50XC91cGxvYWRzXC8yMDIzXC8xMVwvTGUtZGVybmllci1mZXUuanBnIiwic2xpZGVzaG93IjoiYWRiZDljYiJ9\" href='https:\/\/pepiteslitteraires.fr\/wp-content\/uploads\/2023\/11\/Le-dernier-feu.jpg'><img decoding=\"async\" width=\"85\" height=\"130\" src=\"https:\/\/pepiteslitteraires.fr\/wp-content\/uploads\/2023\/11\/Le-dernier-feu-85x130.jpg\" class=\"attachment-rcno-book-cover-sm size-rcno-book-cover-sm\" alt=\"\" \/><\/a>\n\t\t\t<\/div><\/figure><figure class='gallery-item'>\n\t\t\t<div class='gallery-icon portrait'>\n\t\t\t\t<a data-elementor-open-lightbox=\"yes\" data-elementor-lightbox-slideshow=\"adbd9cb\" data-elementor-lightbox-title=\"En camargue\" data-e-action-hash=\"#elementor-action%3Aaction%3Dlightbox%26settings%3DeyJpZCI6OTAwLCJ1cmwiOiJodHRwczpcL1wvcGVwaXRlc2xpdHRlcmFpcmVzLmZyXC93cC1jb250ZW50XC91cGxvYWRzXC8yMDIzXC8xMVwvRW4tY2FtYXJndWUuanBnIiwic2xpZGVzaG93IjoiYWRiZDljYiJ9\" href='https:\/\/pepiteslitteraires.fr\/wp-content\/uploads\/2023\/11\/En-camargue.jpg'><img decoding=\"async\" width=\"85\" height=\"130\" src=\"https:\/\/pepiteslitteraires.fr\/wp-content\/uploads\/2023\/11\/En-camargue-85x130.jpg\" class=\"attachment-rcno-book-cover-sm size-rcno-book-cover-sm\" alt=\"\" \/><\/a>\n\t\t\t<\/div><\/figure><figure class='gallery-item'>\n\t\t\t<div class='gallery-icon portrait'>\n\t\t\t\t<a data-elementor-open-lightbox=\"yes\" data-elementor-lightbox-slideshow=\"adbd9cb\" data-elementor-lightbox-title=\"Mademoiselle Else\" data-e-action-hash=\"#elementor-action%3Aaction%3Dlightbox%26settings%3DeyJpZCI6MTAyNiwidXJsIjoiaHR0cHM6XC9cL3BlcGl0ZXNsaXR0ZXJhaXJlcy5mclwvd3AtY29udGVudFwvdXBsb2Fkc1wvMjAyM1wvMTFcL01hZGVtb2lzZWxsZS1FbHNlLmpwZyIsInNsaWRlc2hvdyI6ImFkYmQ5Y2IifQ%3D%3D\" href='https:\/\/pepiteslitteraires.fr\/wp-content\/uploads\/2023\/11\/Mademoiselle-Else.jpg'><img loading=\"lazy\" decoding=\"async\" width=\"85\" height=\"130\" src=\"https:\/\/pepiteslitteraires.fr\/wp-content\/uploads\/2023\/11\/Mademoiselle-Else-85x130.jpg\" class=\"attachment-rcno-book-cover-sm size-rcno-book-cover-sm\" alt=\"\" \/><\/a>\n\t\t\t<\/div><\/figure>\n\t\t<\/div>\n\t\t<\/div>\n\t\t\t\t\t\t<\/div>\n\t\t\t\t<\/div>\n\t\t\t\t\t<\/div>\n\t\t\t\t<\/div>\n\t\t\t\t\t<\/div>\n\t\t\t\t<\/div>\n\t\t\t\t<div class=\"elementor-element elementor-element-aea9e6b elementor-widget elementor-widget-text-editor\" data-id=\"aea9e6b\" data-element_type=\"widget\" data-widget_type=\"text-editor.default\">\n\t\t\t\t<div class=\"elementor-widget-container\">\n\t\t\t\t\t\t\t\t\t<p>L&rsquo;illustration reprend un d\u00e9tail de l&rsquo;\u0153uvre <strong><em>Quixote 21<\/em><\/strong> de l&rsquo;artiste <strong>Nicolas Guyot<\/strong> qui nous a gracieusement autoris\u00e9 ces reproductions. Vous pouvez d\u00e9couvrir ses cr\u00e9ations (peintures au bromure d&rsquo;argent) sur son site:\u00a0 <a href=\"https:\/\/www.nicolasguyot.com\/\" target=\"_blank\" rel=\"noopener\">https:\/\/www.nicolasguyot.com\/<\/a><\/p>\t\t\t\t\t\t\t\t<\/div>\n\t\t\t\t<\/div>\n\t\t<div class=\"elementor-element elementor-element-82cf45b e-flex e-con-boxed e-con e-child\" data-id=\"82cf45b\" data-element_type=\"container\">\n\t\t\t\t\t<div class=\"e-con-inner\">\n\t\t\t\t<div class=\"elementor-element elementor-element-b2fc78e elementor-widget elementor-widget-image\" data-id=\"b2fc78e\" data-element_type=\"widget\" data-widget_type=\"image.default\">\n\t\t\t\t<div class=\"elementor-widget-container\">\n\t\t\t\t\t\t\t\t\t\t\t\t\t\t\t\t<a href=\"https:\/\/www.nicolasguyot.com\/\" target=\"_blank\">\n\t\t\t\t\t\t\t<img loading=\"lazy\" decoding=\"async\" width=\"231\" height=\"158\" src=\"https:\/\/pepiteslitteraires.fr\/wp-content\/uploads\/2023\/11\/Quixote-2.jpg\" class=\"attachment-large size-large wp-image-1079\" alt=\"\" \/>\t\t\t\t\t\t\t\t<\/a>\n\t\t\t\t\t\t\t\t\t\t\t\t\t\t\t<\/div>\n\t\t\t\t<\/div>\n\t\t\t\t\t<\/div>\n\t\t\t\t<\/div>\n\t\t\t\t\t<\/div>\n\t\t\t\t<\/div>\n\t\t\t\t<\/div>\n\t\t","protected":false},"excerpt":{"rendered":"<p>\u00a0\u00a0\u00a0\u00a0\u00a0\u00a0\u00a0\u00a0\u00a0\u00a0\u00a0\u00a0\u00a0 \u00a9 NicolasGuyot Illustrations logo et couvertures Vous avez peut-\u00eatre reconnu les silhouettes de Don Quichotte et de Sancho Panza sur le logo et en couverture des \u0153uvres publi\u00e9es sur ce site. Les deux personnages sont les h\u00e9ros de l\u2019\u0153uvre de Miguel de Cervantes L\u2019Ing\u00e9nieux Hidalgo Don Quichotte de la Manche\u00a0publi\u00e9e en 1605.\u00a0 L&rsquo;illustration reprend <a class=\"read-more\" href=\"https:\/\/pepiteslitteraires.fr\/index.php\/illustrations\/\">Lire la suite<\/a><\/p>\n","protected":false},"author":1,"featured_media":0,"parent":0,"menu_order":0,"comment_status":"closed","ping_status":"closed","template":"","meta":{"footnotes":""},"class_list":["post-1064","page","type-page","status-publish","hentry","entry"],"yoast_head":"<!-- This site is optimized with the Yoast SEO plugin v27.6 - https:\/\/yoast.com\/product\/yoast-seo-wordpress\/ -->\n<title>Illustrations - pepiteslitteraires.fr<\/title>\n<meta name=\"robots\" content=\"index, follow, max-snippet:-1, max-image-preview:large, max-video-preview:-1\" \/>\n<link rel=\"canonical\" href=\"https:\/\/pepiteslitteraires.fr\/index.php\/illustrations\/\" \/>\n<meta property=\"og:locale\" content=\"fr_FR\" \/>\n<meta property=\"og:type\" content=\"article\" \/>\n<meta property=\"og:title\" content=\"Illustrations - pepiteslitteraires.fr\" \/>\n<meta property=\"og:description\" content=\"\u00a0\u00a0\u00a0\u00a0\u00a0\u00a0\u00a0\u00a0\u00a0\u00a0\u00a0\u00a0\u00a0 \u00a9 NicolasGuyot Illustrations logo et couvertures Vous avez peut-\u00eatre reconnu les silhouettes de Don Quichotte et de Sancho Panza sur le logo et en couverture des \u0153uvres publi\u00e9es sur ce site. Les deux personnages sont les h\u00e9ros de l\u2019\u0153uvre de Miguel de Cervantes L\u2019Ing\u00e9nieux Hidalgo Don Quichotte de la Manche\u00a0publi\u00e9e en 1605.\u00a0 L&rsquo;illustration reprend Lire la suite\" \/>\n<meta property=\"og:url\" content=\"https:\/\/pepiteslitteraires.fr\/index.php\/illustrations\/\" \/>\n<meta property=\"og:site_name\" content=\"pepiteslitteraires.fr\" \/>\n<meta property=\"article:modified_time\" content=\"2023-11-23T22:17:09+00:00\" \/>\n<meta property=\"og:image\" content=\"https:\/\/pepiteslitteraires.fr\/wp-content\/uploads\/2023\/11\/Usher-85x130.jpg\" \/>\n<meta name=\"twitter:card\" content=\"summary_large_image\" \/>\n<meta name=\"twitter:label1\" content=\"Dur\u00e9e de lecture estim\u00e9e\" \/>\n\t<meta name=\"twitter:data1\" content=\"2 minutes\" \/>\n<script type=\"application\/ld+json\" class=\"yoast-schema-graph\">{\"@context\":\"https:\\\/\\\/schema.org\",\"@graph\":[{\"@type\":\"WebPage\",\"@id\":\"https:\\\/\\\/pepiteslitteraires.fr\\\/index.php\\\/illustrations\\\/\",\"url\":\"https:\\\/\\\/pepiteslitteraires.fr\\\/index.php\\\/illustrations\\\/\",\"name\":\"Illustrations - pepiteslitteraires.fr\",\"isPartOf\":{\"@id\":\"https:\\\/\\\/pepiteslitteraires.fr\\\/#website\"},\"primaryImageOfPage\":{\"@id\":\"https:\\\/\\\/pepiteslitteraires.fr\\\/index.php\\\/illustrations\\\/#primaryimage\"},\"image\":{\"@id\":\"https:\\\/\\\/pepiteslitteraires.fr\\\/index.php\\\/illustrations\\\/#primaryimage\"},\"thumbnailUrl\":\"https:\\\/\\\/pepiteslitteraires.fr\\\/wp-content\\\/uploads\\\/2023\\\/11\\\/Usher-85x130.jpg\",\"datePublished\":\"2023-11-23T13:13:56+00:00\",\"dateModified\":\"2023-11-23T22:17:09+00:00\",\"breadcrumb\":{\"@id\":\"https:\\\/\\\/pepiteslitteraires.fr\\\/index.php\\\/illustrations\\\/#breadcrumb\"},\"inLanguage\":\"fr-FR\",\"potentialAction\":[{\"@type\":\"ReadAction\",\"target\":[\"https:\\\/\\\/pepiteslitteraires.fr\\\/index.php\\\/illustrations\\\/\"]}]},{\"@type\":\"ImageObject\",\"inLanguage\":\"fr-FR\",\"@id\":\"https:\\\/\\\/pepiteslitteraires.fr\\\/index.php\\\/illustrations\\\/#primaryimage\",\"url\":\"https:\\\/\\\/pepiteslitteraires.fr\\\/wp-content\\\/uploads\\\/2023\\\/11\\\/Usher.jpg\",\"contentUrl\":\"https:\\\/\\\/pepiteslitteraires.fr\\\/wp-content\\\/uploads\\\/2023\\\/11\\\/Usher.jpg\",\"width\":512,\"height\":800},{\"@type\":\"BreadcrumbList\",\"@id\":\"https:\\\/\\\/pepiteslitteraires.fr\\\/index.php\\\/illustrations\\\/#breadcrumb\",\"itemListElement\":[{\"@type\":\"ListItem\",\"position\":1,\"name\":\"Accueil\",\"item\":\"https:\\\/\\\/pepiteslitteraires.fr\\\/\"},{\"@type\":\"ListItem\",\"position\":2,\"name\":\"Illustrations\"}]},{\"@type\":\"WebSite\",\"@id\":\"https:\\\/\\\/pepiteslitteraires.fr\\\/#website\",\"url\":\"https:\\\/\\\/pepiteslitteraires.fr\\\/\",\"name\":\"pepiteslitteraires.fr\",\"description\":\"\",\"publisher\":{\"@id\":\"https:\\\/\\\/pepiteslitteraires.fr\\\/#organization\"},\"potentialAction\":[{\"@type\":\"SearchAction\",\"target\":{\"@type\":\"EntryPoint\",\"urlTemplate\":\"https:\\\/\\\/pepiteslitteraires.fr\\\/?s={search_term_string}\"},\"query-input\":{\"@type\":\"PropertyValueSpecification\",\"valueRequired\":true,\"valueName\":\"search_term_string\"}}],\"inLanguage\":\"fr-FR\"},{\"@type\":\"Organization\",\"@id\":\"https:\\\/\\\/pepiteslitteraires.fr\\\/#organization\",\"name\":\"pepiteslitteraires.fr\",\"url\":\"https:\\\/\\\/pepiteslitteraires.fr\\\/\",\"logo\":{\"@type\":\"ImageObject\",\"inLanguage\":\"fr-FR\",\"@id\":\"https:\\\/\\\/pepiteslitteraires.fr\\\/#\\\/schema\\\/logo\\\/image\\\/\",\"url\":\"https:\\\/\\\/pepiteslitteraires.fr\\\/wp-content\\\/uploads\\\/2023\\\/10\\\/cropped-Pepites-litteraires-logo.jpg\",\"contentUrl\":\"https:\\\/\\\/pepiteslitteraires.fr\\\/wp-content\\\/uploads\\\/2023\\\/10\\\/cropped-Pepites-litteraires-logo.jpg\",\"width\":500,\"height\":202,\"caption\":\"pepiteslitteraires.fr\"},\"image\":{\"@id\":\"https:\\\/\\\/pepiteslitteraires.fr\\\/#\\\/schema\\\/logo\\\/image\\\/\"}}]}<\/script>\n<!-- \/ Yoast SEO plugin. -->","yoast_head_json":{"title":"Illustrations - pepiteslitteraires.fr","robots":{"index":"index","follow":"follow","max-snippet":"max-snippet:-1","max-image-preview":"max-image-preview:large","max-video-preview":"max-video-preview:-1"},"canonical":"https:\/\/pepiteslitteraires.fr\/index.php\/illustrations\/","og_locale":"fr_FR","og_type":"article","og_title":"Illustrations - pepiteslitteraires.fr","og_description":"\u00a0\u00a0\u00a0\u00a0\u00a0\u00a0\u00a0\u00a0\u00a0\u00a0\u00a0\u00a0\u00a0 \u00a9 NicolasGuyot Illustrations logo et couvertures Vous avez peut-\u00eatre reconnu les silhouettes de Don Quichotte et de Sancho Panza sur le logo et en couverture des \u0153uvres publi\u00e9es sur ce site. Les deux personnages sont les h\u00e9ros de l\u2019\u0153uvre de Miguel de Cervantes L\u2019Ing\u00e9nieux Hidalgo Don Quichotte de la Manche\u00a0publi\u00e9e en 1605.\u00a0 L&rsquo;illustration reprend Lire la suite","og_url":"https:\/\/pepiteslitteraires.fr\/index.php\/illustrations\/","og_site_name":"pepiteslitteraires.fr","article_modified_time":"2023-11-23T22:17:09+00:00","og_image":[{"url":"https:\/\/pepiteslitteraires.fr\/wp-content\/uploads\/2023\/11\/Usher-85x130.jpg","type":"","width":"","height":""}],"twitter_card":"summary_large_image","twitter_misc":{"Dur\u00e9e de lecture estim\u00e9e":"2 minutes"},"schema":{"@context":"https:\/\/schema.org","@graph":[{"@type":"WebPage","@id":"https:\/\/pepiteslitteraires.fr\/index.php\/illustrations\/","url":"https:\/\/pepiteslitteraires.fr\/index.php\/illustrations\/","name":"Illustrations - pepiteslitteraires.fr","isPartOf":{"@id":"https:\/\/pepiteslitteraires.fr\/#website"},"primaryImageOfPage":{"@id":"https:\/\/pepiteslitteraires.fr\/index.php\/illustrations\/#primaryimage"},"image":{"@id":"https:\/\/pepiteslitteraires.fr\/index.php\/illustrations\/#primaryimage"},"thumbnailUrl":"https:\/\/pepiteslitteraires.fr\/wp-content\/uploads\/2023\/11\/Usher-85x130.jpg","datePublished":"2023-11-23T13:13:56+00:00","dateModified":"2023-11-23T22:17:09+00:00","breadcrumb":{"@id":"https:\/\/pepiteslitteraires.fr\/index.php\/illustrations\/#breadcrumb"},"inLanguage":"fr-FR","potentialAction":[{"@type":"ReadAction","target":["https:\/\/pepiteslitteraires.fr\/index.php\/illustrations\/"]}]},{"@type":"ImageObject","inLanguage":"fr-FR","@id":"https:\/\/pepiteslitteraires.fr\/index.php\/illustrations\/#primaryimage","url":"https:\/\/pepiteslitteraires.fr\/wp-content\/uploads\/2023\/11\/Usher.jpg","contentUrl":"https:\/\/pepiteslitteraires.fr\/wp-content\/uploads\/2023\/11\/Usher.jpg","width":512,"height":800},{"@type":"BreadcrumbList","@id":"https:\/\/pepiteslitteraires.fr\/index.php\/illustrations\/#breadcrumb","itemListElement":[{"@type":"ListItem","position":1,"name":"Accueil","item":"https:\/\/pepiteslitteraires.fr\/"},{"@type":"ListItem","position":2,"name":"Illustrations"}]},{"@type":"WebSite","@id":"https:\/\/pepiteslitteraires.fr\/#website","url":"https:\/\/pepiteslitteraires.fr\/","name":"pepiteslitteraires.fr","description":"","publisher":{"@id":"https:\/\/pepiteslitteraires.fr\/#organization"},"potentialAction":[{"@type":"SearchAction","target":{"@type":"EntryPoint","urlTemplate":"https:\/\/pepiteslitteraires.fr\/?s={search_term_string}"},"query-input":{"@type":"PropertyValueSpecification","valueRequired":true,"valueName":"search_term_string"}}],"inLanguage":"fr-FR"},{"@type":"Organization","@id":"https:\/\/pepiteslitteraires.fr\/#organization","name":"pepiteslitteraires.fr","url":"https:\/\/pepiteslitteraires.fr\/","logo":{"@type":"ImageObject","inLanguage":"fr-FR","@id":"https:\/\/pepiteslitteraires.fr\/#\/schema\/logo\/image\/","url":"https:\/\/pepiteslitteraires.fr\/wp-content\/uploads\/2023\/10\/cropped-Pepites-litteraires-logo.jpg","contentUrl":"https:\/\/pepiteslitteraires.fr\/wp-content\/uploads\/2023\/10\/cropped-Pepites-litteraires-logo.jpg","width":500,"height":202,"caption":"pepiteslitteraires.fr"},"image":{"@id":"https:\/\/pepiteslitteraires.fr\/#\/schema\/logo\/image\/"}}]}},"_links":{"self":[{"href":"https:\/\/pepiteslitteraires.fr\/index.php\/wp-json\/wp\/v2\/pages\/1064","targetHints":{"allow":["GET"]}}],"collection":[{"href":"https:\/\/pepiteslitteraires.fr\/index.php\/wp-json\/wp\/v2\/pages"}],"about":[{"href":"https:\/\/pepiteslitteraires.fr\/index.php\/wp-json\/wp\/v2\/types\/page"}],"author":[{"embeddable":true,"href":"https:\/\/pepiteslitteraires.fr\/index.php\/wp-json\/wp\/v2\/users\/1"}],"replies":[{"embeddable":true,"href":"https:\/\/pepiteslitteraires.fr\/index.php\/wp-json\/wp\/v2\/comments?post=1064"}],"version-history":[{"count":22,"href":"https:\/\/pepiteslitteraires.fr\/index.php\/wp-json\/wp\/v2\/pages\/1064\/revisions"}],"predecessor-version":[{"id":1123,"href":"https:\/\/pepiteslitteraires.fr\/index.php\/wp-json\/wp\/v2\/pages\/1064\/revisions\/1123"}],"wp:attachment":[{"href":"https:\/\/pepiteslitteraires.fr\/index.php\/wp-json\/wp\/v2\/media?parent=1064"}],"curies":[{"name":"wp","href":"https:\/\/api.w.org\/{rel}","templated":true}]}}