{"id":1196,"date":"2023-12-06T22:08:27","date_gmt":"2023-12-06T21:08:27","guid":{"rendered":"https:\/\/pepiteslitteraires.fr\/?page_id=1196"},"modified":"2024-09-28T09:20:40","modified_gmt":"2024-09-28T07:20:40","slug":"violence-et-histoire","status":"publish","type":"page","link":"https:\/\/pepiteslitteraires.fr\/index.php\/violence-et-histoire\/","title":{"rendered":"Violence et histoire"},"content":{"rendered":"\t\t<div data-elementor-type=\"wp-page\" data-elementor-id=\"1196\" class=\"elementor elementor-1196\">\n\t\t\t\t<div class=\"elementor-element elementor-element-116f64bf e-flex e-con-boxed e-con e-parent\" data-id=\"116f64bf\" data-element_type=\"container\">\n\t\t\t\t\t<div class=\"e-con-inner\">\n\t\t<div class=\"elementor-element elementor-element-140c296e e-flex e-con-boxed e-con e-child\" data-id=\"140c296e\" data-element_type=\"container\">\n\t\t\t\t\t<div class=\"e-con-inner\">\n\t\t\t\t<div class=\"elementor-element elementor-element-656a791d elementor-widget elementor-widget-heading\" data-id=\"656a791d\" data-element_type=\"widget\" data-widget_type=\"heading.default\">\n\t\t\t\t<div class=\"elementor-widget-container\">\n\t\t\t\t\t<h1 class=\"elementor-heading-title elementor-size-default\">Sp\u00e9cialit\u00e9 HLP - La question de l'Homme - Histoire et violence<\/h1>\t\t\t\t<\/div>\n\t\t\t\t<\/div>\n\t\t\t\t\t<\/div>\n\t\t\t\t<\/div>\n\t\t<div class=\"elementor-element elementor-element-401bf6a5 e-flex e-con-boxed e-con e-child\" data-id=\"401bf6a5\" data-element_type=\"container\">\n\t\t\t\t\t<div class=\"e-con-inner\">\n\t\t\t\t<div class=\"elementor-element elementor-element-28e0d428 elementor-widget elementor-widget-heading\" data-id=\"28e0d428\" data-element_type=\"widget\" data-widget_type=\"heading.default\">\n\t\t\t\t<div class=\"elementor-widget-container\">\n\t\t\t\t\t<h1 class=\"elementor-heading-title elementor-size-default\">S\u00e9lection de nouvelles autour du th\u00e8me \"Histoire et violence\"<\/h1>\t\t\t\t<\/div>\n\t\t\t\t<\/div>\n\t\t\t\t\t<\/div>\n\t\t\t\t<\/div>\n\t\t\t\t<div class=\"elementor-element elementor-element-229f0a2c elementor-widget elementor-widget-shortcode\" data-id=\"229f0a2c\" data-element_type=\"widget\" data-widget_type=\"shortcode.default\">\n\t\t\t\t<div class=\"elementor-widget-container\">\n\t\t\t\t\t\t\t<div class=\"elementor-shortcode\"><div id=\"macy-container\" class=\"rcno-book-grid-index-container rcno-book-grid-index\"><div class=\"rcno-book-grid-item\"><a href=\"https:\/\/pepiteslitteraires.fr\/index.php\/publication\/je-veux-vivre\/\"><img decoding=\"async\"  src=\"https:\/\/pepiteslitteraires.fr\/wp-content\/uploads\/2023\/12\/Je-veux-vivre.jpg\" title=\"Je veux vivre\" alt=\"Je veux vivre\" class=\"rcno-book-cover medium\" data-rcno-attachment-id=\"1191\" srcset=\"https:\/\/pepiteslitteraires.fr\/wp-content\/uploads\/2023\/12\/Je-veux-vivre.jpg 512w, https:\/\/pepiteslitteraires.fr\/wp-content\/uploads\/2023\/12\/Je-veux-vivre-192x300.jpg 192w\" sizes=\"(max-width: 512px) 100vw, 512px\" \/><p>Je veux vivre<\/p><\/a><\/div><div class=\"rcno-book-grid-item\"><a href=\"https:\/\/pepiteslitteraires.fr\/index.php\/publication\/liliade-ou-le-poeme-de-la-force\/\"><img decoding=\"async\"  src=\"https:\/\/pepiteslitteraires.fr\/wp-content\/uploads\/2025\/02\/Simon-eWeil.jpg\" title=\"L&#039;Iliade ou le po\u00e8me de la force\" alt=\"L&#039;Iliade ou le po\u00e8me de la force\" class=\"rcno-book-cover medium\" data-rcno-attachment-id=\"2497\" srcset=\"https:\/\/pepiteslitteraires.fr\/wp-content\/uploads\/2025\/02\/Simon-eWeil.jpg 1600w, https:\/\/pepiteslitteraires.fr\/wp-content\/uploads\/2025\/02\/Simon-eWeil-192x300.jpg 192w, https:\/\/pepiteslitteraires.fr\/wp-content\/uploads\/2025\/02\/Simon-eWeil-655x1024.jpg 655w, https:\/\/pepiteslitteraires.fr\/wp-content\/uploads\/2025\/02\/Simon-eWeil-768x1200.jpg 768w, https:\/\/pepiteslitteraires.fr\/wp-content\/uploads\/2025\/02\/Simon-eWeil-983x1536.jpg 983w, https:\/\/pepiteslitteraires.fr\/wp-content\/uploads\/2025\/02\/Simon-eWeil-1311x2048.jpg 1311w\" sizes=\"(max-width: 1600px) 100vw, 1600px\" \/><p>L'Iliade ou le po\u00e8me de la force<\/p><\/a><\/div><div class=\"rcno-book-grid-item\"><a href=\"https:\/\/pepiteslitteraires.fr\/index.php\/publication\/dans-la-colonie-penitentiaire\/\"><img decoding=\"async\"  src=\"https:\/\/pepiteslitteraires.fr\/wp-content\/uploads\/2023\/12\/Colonie-penitentiaire.jpg\" title=\"Dans la Colonie p\u00e9nitentiaire\" alt=\"Dans la Colonie p\u00e9nitentiaire\" class=\"rcno-book-cover medium\" data-rcno-attachment-id=\"1188\" srcset=\"https:\/\/pepiteslitteraires.fr\/wp-content\/uploads\/2023\/12\/Colonie-penitentiaire.jpg 512w, https:\/\/pepiteslitteraires.fr\/wp-content\/uploads\/2023\/12\/Colonie-penitentiaire-192x300.jpg 192w\" sizes=\"(max-width: 512px) 100vw, 512px\" \/><p>Dans la Colonie p\u00e9nitentiaire<\/p><\/a><\/div><div class=\"rcno-book-grid-item\"><a href=\"https:\/\/pepiteslitteraires.fr\/index.php\/publication\/le-masque-de-la-mort-rouge\/\"><img decoding=\"async\"  src=\"https:\/\/pepiteslitteraires.fr\/wp-content\/uploads\/2023\/12\/Masque-mort-rouge.jpg\" title=\"Le Masque de la mort rouge\" alt=\"Le Masque de la mort rouge\" class=\"rcno-book-cover medium\" data-rcno-attachment-id=\"1185\" srcset=\"https:\/\/pepiteslitteraires.fr\/wp-content\/uploads\/2023\/12\/Masque-mort-rouge.jpg 512w, https:\/\/pepiteslitteraires.fr\/wp-content\/uploads\/2023\/12\/Masque-mort-rouge-192x300.jpg 192w\" sizes=\"(max-width: 512px) 100vw, 512px\" \/><p>Le Masque de la mort rouge<\/p><\/a><\/div><div class=\"rcno-book-grid-item\"><a href=\"https:\/\/pepiteslitteraires.fr\/index.php\/publication\/verdun-poste-n5\/\"><img decoding=\"async\"  src=\"https:\/\/pepiteslitteraires.fr\/wp-content\/uploads\/2023\/12\/Verdun.jpg\" title=\"Verdun - Poste n\u00b05\" alt=\"Verdun - Poste n\u00b05\" class=\"rcno-book-cover medium\" data-rcno-attachment-id=\"1194\" srcset=\"https:\/\/pepiteslitteraires.fr\/wp-content\/uploads\/2023\/12\/Verdun.jpg 512w, https:\/\/pepiteslitteraires.fr\/wp-content\/uploads\/2023\/12\/Verdun-192x300.jpg 192w\" sizes=\"(max-width: 512px) 100vw, 512px\" \/><p>Verdun - Poste n\u00b05<\/p><\/a><\/div><\/div> <\/div>\n\t\t\t\t\t\t<\/div>\n\t\t\t\t<\/div>\n\t\t\t\t\t<\/div>\n\t\t\t\t<\/div>\n\t\t\t\t<\/div>\n\t\t","protected":false},"excerpt":{"rendered":"<p>Sp\u00e9cialit\u00e9 HLP &#8211; La question de l&rsquo;Homme &#8211; Histoire et violence S\u00e9lection de nouvelles autour du th\u00e8me \u00ab\u00a0Histoire et violence\u00a0\u00bb<\/p>\n","protected":false},"author":1,"featured_media":0,"parent":0,"menu_order":0,"comment_status":"closed","ping_status":"closed","template":"","meta":{"footnotes":""},"class_list":["post-1196","page","type-page","status-publish","hentry","entry"],"yoast_head":"<!-- This site is optimized with the Yoast SEO plugin v27.6 - https:\/\/yoast.com\/product\/yoast-seo-wordpress\/ -->\n<title>Violence et histoire - pepiteslitteraires.fr<\/title>\n<meta name=\"robots\" content=\"index, follow, max-snippet:-1, max-image-preview:large, max-video-preview:-1\" \/>\n<link rel=\"canonical\" href=\"https:\/\/pepiteslitteraires.fr\/index.php\/violence-et-histoire\/\" \/>\n<meta property=\"og:locale\" content=\"fr_FR\" \/>\n<meta property=\"og:type\" content=\"article\" \/>\n<meta property=\"og:title\" content=\"Violence et histoire - pepiteslitteraires.fr\" \/>\n<meta property=\"og:description\" content=\"Sp\u00e9cialit\u00e9 HLP &#8211; La question de l&rsquo;Homme &#8211; Histoire et violence S\u00e9lection de nouvelles autour du th\u00e8me \u00ab\u00a0Histoire et violence\u00a0\u00bb\" \/>\n<meta property=\"og:url\" content=\"https:\/\/pepiteslitteraires.fr\/index.php\/violence-et-histoire\/\" \/>\n<meta property=\"og:site_name\" content=\"pepiteslitteraires.fr\" \/>\n<meta property=\"article:modified_time\" content=\"2024-09-28T07:20:40+00:00\" \/>\n<meta name=\"twitter:card\" content=\"summary_large_image\" \/>\n<meta name=\"twitter:label1\" content=\"Dur\u00e9e de lecture estim\u00e9e\" \/>\n\t<meta name=\"twitter:data1\" content=\"1 minute\" \/>\n<script type=\"application\/ld+json\" class=\"yoast-schema-graph\">{\"@context\":\"https:\\\/\\\/schema.org\",\"@graph\":[{\"@type\":\"WebPage\",\"@id\":\"https:\\\/\\\/pepiteslitteraires.fr\\\/index.php\\\/violence-et-histoire\\\/\",\"url\":\"https:\\\/\\\/pepiteslitteraires.fr\\\/index.php\\\/violence-et-histoire\\\/\",\"name\":\"Violence et histoire - pepiteslitteraires.fr\",\"isPartOf\":{\"@id\":\"https:\\\/\\\/pepiteslitteraires.fr\\\/#website\"},\"datePublished\":\"2023-12-06T21:08:27+00:00\",\"dateModified\":\"2024-09-28T07:20:40+00:00\",\"breadcrumb\":{\"@id\":\"https:\\\/\\\/pepiteslitteraires.fr\\\/index.php\\\/violence-et-histoire\\\/#breadcrumb\"},\"inLanguage\":\"fr-FR\",\"potentialAction\":[{\"@type\":\"ReadAction\",\"target\":[\"https:\\\/\\\/pepiteslitteraires.fr\\\/index.php\\\/violence-et-histoire\\\/\"]}]},{\"@type\":\"BreadcrumbList\",\"@id\":\"https:\\\/\\\/pepiteslitteraires.fr\\\/index.php\\\/violence-et-histoire\\\/#breadcrumb\",\"itemListElement\":[{\"@type\":\"ListItem\",\"position\":1,\"name\":\"Accueil\",\"item\":\"https:\\\/\\\/pepiteslitteraires.fr\\\/\"},{\"@type\":\"ListItem\",\"position\":2,\"name\":\"Violence et histoire\"}]},{\"@type\":\"WebSite\",\"@id\":\"https:\\\/\\\/pepiteslitteraires.fr\\\/#website\",\"url\":\"https:\\\/\\\/pepiteslitteraires.fr\\\/\",\"name\":\"pepiteslitteraires.fr\",\"description\":\"\",\"publisher\":{\"@id\":\"https:\\\/\\\/pepiteslitteraires.fr\\\/#organization\"},\"potentialAction\":[{\"@type\":\"SearchAction\",\"target\":{\"@type\":\"EntryPoint\",\"urlTemplate\":\"https:\\\/\\\/pepiteslitteraires.fr\\\/?s={search_term_string}\"},\"query-input\":{\"@type\":\"PropertyValueSpecification\",\"valueRequired\":true,\"valueName\":\"search_term_string\"}}],\"inLanguage\":\"fr-FR\"},{\"@type\":\"Organization\",\"@id\":\"https:\\\/\\\/pepiteslitteraires.fr\\\/#organization\",\"name\":\"pepiteslitteraires.fr\",\"url\":\"https:\\\/\\\/pepiteslitteraires.fr\\\/\",\"logo\":{\"@type\":\"ImageObject\",\"inLanguage\":\"fr-FR\",\"@id\":\"https:\\\/\\\/pepiteslitteraires.fr\\\/#\\\/schema\\\/logo\\\/image\\\/\",\"url\":\"https:\\\/\\\/pepiteslitteraires.fr\\\/wp-content\\\/uploads\\\/2023\\\/10\\\/cropped-Pepites-litteraires-logo.jpg\",\"contentUrl\":\"https:\\\/\\\/pepiteslitteraires.fr\\\/wp-content\\\/uploads\\\/2023\\\/10\\\/cropped-Pepites-litteraires-logo.jpg\",\"width\":500,\"height\":202,\"caption\":\"pepiteslitteraires.fr\"},\"image\":{\"@id\":\"https:\\\/\\\/pepiteslitteraires.fr\\\/#\\\/schema\\\/logo\\\/image\\\/\"}}]}<\/script>\n<!-- \/ Yoast SEO plugin. -->","yoast_head_json":{"title":"Violence et histoire - pepiteslitteraires.fr","robots":{"index":"index","follow":"follow","max-snippet":"max-snippet:-1","max-image-preview":"max-image-preview:large","max-video-preview":"max-video-preview:-1"},"canonical":"https:\/\/pepiteslitteraires.fr\/index.php\/violence-et-histoire\/","og_locale":"fr_FR","og_type":"article","og_title":"Violence et histoire - pepiteslitteraires.fr","og_description":"Sp\u00e9cialit\u00e9 HLP &#8211; La question de l&rsquo;Homme &#8211; Histoire et violence S\u00e9lection de nouvelles autour du th\u00e8me \u00ab\u00a0Histoire et violence\u00a0\u00bb","og_url":"https:\/\/pepiteslitteraires.fr\/index.php\/violence-et-histoire\/","og_site_name":"pepiteslitteraires.fr","article_modified_time":"2024-09-28T07:20:40+00:00","twitter_card":"summary_large_image","twitter_misc":{"Dur\u00e9e de lecture estim\u00e9e":"1 minute"},"schema":{"@context":"https:\/\/schema.org","@graph":[{"@type":"WebPage","@id":"https:\/\/pepiteslitteraires.fr\/index.php\/violence-et-histoire\/","url":"https:\/\/pepiteslitteraires.fr\/index.php\/violence-et-histoire\/","name":"Violence et histoire - pepiteslitteraires.fr","isPartOf":{"@id":"https:\/\/pepiteslitteraires.fr\/#website"},"datePublished":"2023-12-06T21:08:27+00:00","dateModified":"2024-09-28T07:20:40+00:00","breadcrumb":{"@id":"https:\/\/pepiteslitteraires.fr\/index.php\/violence-et-histoire\/#breadcrumb"},"inLanguage":"fr-FR","potentialAction":[{"@type":"ReadAction","target":["https:\/\/pepiteslitteraires.fr\/index.php\/violence-et-histoire\/"]}]},{"@type":"BreadcrumbList","@id":"https:\/\/pepiteslitteraires.fr\/index.php\/violence-et-histoire\/#breadcrumb","itemListElement":[{"@type":"ListItem","position":1,"name":"Accueil","item":"https:\/\/pepiteslitteraires.fr\/"},{"@type":"ListItem","position":2,"name":"Violence et histoire"}]},{"@type":"WebSite","@id":"https:\/\/pepiteslitteraires.fr\/#website","url":"https:\/\/pepiteslitteraires.fr\/","name":"pepiteslitteraires.fr","description":"","publisher":{"@id":"https:\/\/pepiteslitteraires.fr\/#organization"},"potentialAction":[{"@type":"SearchAction","target":{"@type":"EntryPoint","urlTemplate":"https:\/\/pepiteslitteraires.fr\/?s={search_term_string}"},"query-input":{"@type":"PropertyValueSpecification","valueRequired":true,"valueName":"search_term_string"}}],"inLanguage":"fr-FR"},{"@type":"Organization","@id":"https:\/\/pepiteslitteraires.fr\/#organization","name":"pepiteslitteraires.fr","url":"https:\/\/pepiteslitteraires.fr\/","logo":{"@type":"ImageObject","inLanguage":"fr-FR","@id":"https:\/\/pepiteslitteraires.fr\/#\/schema\/logo\/image\/","url":"https:\/\/pepiteslitteraires.fr\/wp-content\/uploads\/2023\/10\/cropped-Pepites-litteraires-logo.jpg","contentUrl":"https:\/\/pepiteslitteraires.fr\/wp-content\/uploads\/2023\/10\/cropped-Pepites-litteraires-logo.jpg","width":500,"height":202,"caption":"pepiteslitteraires.fr"},"image":{"@id":"https:\/\/pepiteslitteraires.fr\/#\/schema\/logo\/image\/"}}]}},"_links":{"self":[{"href":"https:\/\/pepiteslitteraires.fr\/index.php\/wp-json\/wp\/v2\/pages\/1196","targetHints":{"allow":["GET"]}}],"collection":[{"href":"https:\/\/pepiteslitteraires.fr\/index.php\/wp-json\/wp\/v2\/pages"}],"about":[{"href":"https:\/\/pepiteslitteraires.fr\/index.php\/wp-json\/wp\/v2\/types\/page"}],"author":[{"embeddable":true,"href":"https:\/\/pepiteslitteraires.fr\/index.php\/wp-json\/wp\/v2\/users\/1"}],"replies":[{"embeddable":true,"href":"https:\/\/pepiteslitteraires.fr\/index.php\/wp-json\/wp\/v2\/comments?post=1196"}],"version-history":[{"count":7,"href":"https:\/\/pepiteslitteraires.fr\/index.php\/wp-json\/wp\/v2\/pages\/1196\/revisions"}],"predecessor-version":[{"id":1897,"href":"https:\/\/pepiteslitteraires.fr\/index.php\/wp-json\/wp\/v2\/pages\/1196\/revisions\/1897"}],"wp:attachment":[{"href":"https:\/\/pepiteslitteraires.fr\/index.php\/wp-json\/wp\/v2\/media?parent=1196"}],"curies":[{"name":"wp","href":"https:\/\/api.w.org\/{rel}","templated":true}]}}