{"id":12,"date":"2023-10-18T16:43:47","date_gmt":"2023-10-18T14:43:47","guid":{"rendered":"https:\/\/pepiteslitteraires.fr\/?page_id=12"},"modified":"2025-05-07T17:13:49","modified_gmt":"2025-05-07T15:13:49","slug":"hlp","status":"publish","type":"page","link":"https:\/\/pepiteslitteraires.fr\/index.php\/hlp\/","title":{"rendered":"Lectures programme HLP"},"content":{"rendered":"\t\t<div data-elementor-type=\"wp-page\" data-elementor-id=\"12\" class=\"elementor elementor-12\">\n\t\t\t\t<div class=\"elementor-element elementor-element-6bd38e9b e-con-full e-flex e-con e-parent\" data-id=\"6bd38e9b\" data-element_type=\"container\">\n\t\t\t\t<div class=\"elementor-element elementor-element-704ab733 elementor-widget__width-initial elementor-widget elementor-widget-text-editor\" data-id=\"704ab733\" data-element_type=\"widget\" data-widget_type=\"text-editor.default\">\n\t\t\t\t<div class=\"elementor-widget-container\">\n\t\t\t\t\t\t\t\t\t<p>\u00a0\u00a0\u00a0\u00a0\u00a0\u00a0\u00a0\u00a0\u00a0\u00a0\u00a0\u00a0\u00a0 \u00a9 <a href=\"https:\/\/pepiteslitteraires.fr\/index.php\/illustrations\/\" target=\"_blank\" rel=\"noopener\">NicolasGuyot<\/a><\/p>\t\t\t\t\t\t\t\t<\/div>\n\t\t\t\t<\/div>\n\t\t\t\t<\/div>\n\t\t<div class=\"elementor-element elementor-element-1738493 e-flex e-con-boxed e-con e-parent\" data-id=\"1738493\" data-element_type=\"container\">\n\t\t\t\t\t<div class=\"e-con-inner\">\n\t\t<div class=\"elementor-element elementor-element-667e7b8 e-flex e-con-boxed e-con e-child\" data-id=\"667e7b8\" data-element_type=\"container\">\n\t\t\t\t\t<div class=\"e-con-inner\">\n\t\t\t\t<div class=\"elementor-element elementor-element-a5024c6 elementor-widget elementor-widget-heading\" data-id=\"a5024c6\" data-element_type=\"widget\" data-widget_type=\"heading.default\">\n\t\t\t\t<div class=\"elementor-widget-container\">\n\t\t\t\t\t<h1 class=\"elementor-heading-title elementor-size-default\">Sp\u00e9cialit\u00e9 HLP terminale <\/h1>\t\t\t\t<\/div>\n\t\t\t\t<\/div>\n\t\t\t\t\t<\/div>\n\t\t\t\t<\/div>\n\t\t\t\t\t<\/div>\n\t\t\t\t<\/div>\n\t\t<div class=\"elementor-element elementor-element-b8492a6 e-flex e-con-boxed e-con e-parent\" data-id=\"b8492a6\" data-element_type=\"container\">\n\t\t\t\t\t<div class=\"e-con-inner\">\n\t\t<div class=\"elementor-element elementor-element-0b5fd65 e-flex e-con-boxed e-con e-child\" data-id=\"0b5fd65\" data-element_type=\"container\">\n\t\t\t\t\t<div class=\"e-con-inner\">\n\t\t\t\t<div class=\"elementor-element elementor-element-0a46551 elementor-widget elementor-widget-heading\" data-id=\"0a46551\" data-element_type=\"widget\" data-widget_type=\"heading.default\">\n\t\t\t\t<div class=\"elementor-widget-container\">\n\t\t\t\t\t<h2 class=\"elementor-heading-title elementor-size-default\">Th\u00e8me 1 - Recherche et formation de soi<\/h2>\t\t\t\t<\/div>\n\t\t\t\t<\/div>\n\t\t\t\t\t<\/div>\n\t\t\t\t<\/div>\n\t\t\t\t\t<\/div>\n\t\t\t\t<\/div>\n\t\t<div class=\"elementor-element elementor-element-5647bef e-flex e-con-boxed e-con e-parent\" data-id=\"5647bef\" data-element_type=\"container\">\n\t\t\t\t\t<div class=\"e-con-inner\">\n\t\t<div class=\"elementor-element elementor-element-3825627 e-flex e-con-boxed e-con e-child\" data-id=\"3825627\" data-element_type=\"container\">\n\t\t\t\t\t<div class=\"e-con-inner\">\n\t\t\t\t<div class=\"elementor-element elementor-element-85012df elementor-widget elementor-widget-text-editor\" data-id=\"85012df\" data-element_type=\"widget\" data-widget_type=\"text-editor.default\">\n\t\t\t\t<div class=\"elementor-widget-container\">\n\t\t\t\t\t\t\t\t\t<p>Le premier semestre de la classe terminale en sp\u00e9cialit\u00e9 HLP est consacr\u00e9 \u00e0 la probl\u00e9matique de <strong>\u00ab\u00a0la recherche et de la formation de soi\u00a0\u00bb<\/strong> avec une p\u00e9riode de r\u00e9f\u00e9rence qui s\u2019\u00e9tend du romantisme au XXe si\u00e8cle.<\/p>\t\t\t\t\t\t\t\t<\/div>\n\t\t\t\t<\/div>\n\t\t\t\t\t<\/div>\n\t\t\t\t<\/div>\n\t\t\t\t\t<\/div>\n\t\t\t\t<\/div>\n\t\t<div class=\"elementor-element elementor-element-e723b82 e-flex e-con-boxed e-con e-parent\" data-id=\"e723b82\" data-element_type=\"container\">\n\t\t\t\t\t<div class=\"e-con-inner\">\n\t\t\t\t<div class=\"elementor-element elementor-element-d022825 elementor-widget elementor-widget-text-editor\" data-id=\"d022825\" data-element_type=\"widget\" data-widget_type=\"text-editor.default\">\n\t\t\t\t<div class=\"elementor-widget-container\">\n\t\t\t\t\t\t\t\t\t<p>La probl\u00e9matique est abord\u00e9e \u00e0 travers trois chapitres (cliquez sur les titres pour acc\u00e9der aux nouvelles litt\u00e9raires \u00e0 t\u00e9l\u00e9charger):<\/p>\t\t\t\t\t\t\t\t<\/div>\n\t\t\t\t<\/div>\n\t\t\t\t\t<\/div>\n\t\t\t\t<\/div>\n\t\t<div class=\"elementor-element elementor-element-de86df1 e-flex e-con-boxed e-con e-parent\" data-id=\"de86df1\" data-element_type=\"container\">\n\t\t\t\t\t<div class=\"e-con-inner\">\n\t\t<div class=\"elementor-element elementor-element-769a454 e-con-full e-flex e-con e-child\" data-id=\"769a454\" data-element_type=\"container\">\n\t\t\t\t<div class=\"elementor-element elementor-element-070b831 elementor-view-default elementor-widget elementor-widget-icon\" data-id=\"070b831\" data-element_type=\"widget\" data-widget_type=\"icon.default\">\n\t\t\t\t<div class=\"elementor-widget-container\">\n\t\t\t\t\t\t\t<div class=\"elementor-icon-wrapper\">\n\t\t\t<div class=\"elementor-icon\">\n\t\t\t<i aria-hidden=\"true\" class=\"fas fa-arrow-right\"><\/i>\t\t\t<\/div>\n\t\t<\/div>\n\t\t\t\t\t\t<\/div>\n\t\t\t\t<\/div>\n\t\t\t\t<\/div>\n\t\t<div class=\"elementor-element elementor-element-efffde0 e-con-full e-flex e-con e-child\" data-id=\"efffde0\" data-element_type=\"container\">\n\t\t\t\t<div class=\"elementor-element elementor-element-28d866a elementor-widget elementor-widget-text-editor\" data-id=\"28d866a\" data-element_type=\"widget\" data-widget_type=\"text-editor.default\">\n\t\t\t\t<div class=\"elementor-widget-container\">\n\t\t\t\t\t\t\t\t\t<p><a href=\"https:\/\/pepiteslitteraires.fr\/index.php\/elementor-1902\/\"><strong>\u00c9ducation, transmission, \u00e9mancipation<\/strong><\/a><\/p>\t\t\t\t\t\t\t\t<\/div>\n\t\t\t\t<\/div>\n\t\t\t\t<\/div>\n\t\t\t\t\t<\/div>\n\t\t\t\t<\/div>\n\t\t<div class=\"elementor-element elementor-element-d494042 e-flex e-con-boxed e-con e-parent\" data-id=\"d494042\" data-element_type=\"container\">\n\t\t\t\t\t<div class=\"e-con-inner\">\n\t\t<div class=\"elementor-element elementor-element-337e0fb e-con-full e-flex e-con e-child\" data-id=\"337e0fb\" data-element_type=\"container\">\n\t\t\t\t<div class=\"elementor-element elementor-element-1326934 elementor-view-default elementor-widget elementor-widget-icon\" data-id=\"1326934\" data-element_type=\"widget\" data-widget_type=\"icon.default\">\n\t\t\t\t<div class=\"elementor-widget-container\">\n\t\t\t\t\t\t\t<div class=\"elementor-icon-wrapper\">\n\t\t\t<div class=\"elementor-icon\">\n\t\t\t<i aria-hidden=\"true\" class=\"fas fa-arrow-right\"><\/i>\t\t\t<\/div>\n\t\t<\/div>\n\t\t\t\t\t\t<\/div>\n\t\t\t\t<\/div>\n\t\t\t\t<\/div>\n\t\t<div class=\"elementor-element elementor-element-af722e4 e-con-full e-flex e-con e-child\" data-id=\"af722e4\" data-element_type=\"container\">\n\t\t\t\t<div class=\"elementor-element elementor-element-8918f7a elementor-widget elementor-widget-text-editor\" data-id=\"8918f7a\" data-element_type=\"widget\" data-widget_type=\"text-editor.default\">\n\t\t\t\t<div class=\"elementor-widget-container\">\n\t\t\t\t\t\t\t\t\t<p><a href=\"https:\/\/pepiteslitteraires.fr\/index.php\/expressions-de-la-sensibilite-hlp\/\"><strong>Expressions de la sensibilit\u00e9<\/strong><\/a><\/p>\t\t\t\t\t\t\t\t<\/div>\n\t\t\t\t<\/div>\n\t\t\t\t<\/div>\n\t\t\t\t\t<\/div>\n\t\t\t\t<\/div>\n\t\t<div class=\"elementor-element elementor-element-57e41b9 e-flex e-con-boxed e-con e-parent\" data-id=\"57e41b9\" data-element_type=\"container\">\n\t\t\t\t\t<div class=\"e-con-inner\">\n\t\t<div class=\"elementor-element elementor-element-ac52764 e-con-full e-flex e-con e-child\" data-id=\"ac52764\" data-element_type=\"container\">\n\t\t\t\t<div class=\"elementor-element elementor-element-74f8649 elementor-view-default elementor-widget elementor-widget-icon\" data-id=\"74f8649\" data-element_type=\"widget\" data-widget_type=\"icon.default\">\n\t\t\t\t<div class=\"elementor-widget-container\">\n\t\t\t\t\t\t\t<div class=\"elementor-icon-wrapper\">\n\t\t\t<div class=\"elementor-icon\">\n\t\t\t<i aria-hidden=\"true\" class=\"fas fa-arrow-right\"><\/i>\t\t\t<\/div>\n\t\t<\/div>\n\t\t\t\t\t\t<\/div>\n\t\t\t\t<\/div>\n\t\t\t\t<\/div>\n\t\t<div class=\"elementor-element elementor-element-0ee5d4a e-con-full e-flex e-con e-child\" data-id=\"0ee5d4a\" data-element_type=\"container\">\n\t\t\t\t<div class=\"elementor-element elementor-element-605ce79 elementor-widget elementor-widget-text-editor\" data-id=\"605ce79\" data-element_type=\"widget\" data-widget_type=\"text-editor.default\">\n\t\t\t\t<div class=\"elementor-widget-container\">\n\t\t\t\t\t\t\t\t\t<p><a href=\"https:\/\/pepiteslitteraires.fr\/index.php\/metamorphoses-du-moi-hlp\/\"><strong>M\u00e9tamorphoses du moi<\/strong><\/a><\/p>\t\t\t\t\t\t\t\t<\/div>\n\t\t\t\t<\/div>\n\t\t\t\t<\/div>\n\t\t\t\t\t<\/div>\n\t\t\t\t<\/div>\n\t\t<div class=\"elementor-element elementor-element-b0f22e9 e-flex e-con-boxed e-con e-parent\" data-id=\"b0f22e9\" data-element_type=\"container\">\n\t\t\t\t\t<div class=\"e-con-inner\">\n\t\t\t\t<div class=\"elementor-element elementor-element-cd569b7 elementor-widget elementor-widget-spacer\" data-id=\"cd569b7\" data-element_type=\"widget\" data-widget_type=\"spacer.default\">\n\t\t\t\t<div class=\"elementor-widget-container\">\n\t\t\t\t\t\t\t<div class=\"elementor-spacer\">\n\t\t\t<div class=\"elementor-spacer-inner\"><\/div>\n\t\t<\/div>\n\t\t\t\t\t\t<\/div>\n\t\t\t\t<\/div>\n\t\t\t\t\t<\/div>\n\t\t\t\t<\/div>\n\t\t<div class=\"elementor-element elementor-element-443d83f e-flex e-con-boxed e-con e-parent\" data-id=\"443d83f\" data-element_type=\"container\">\n\t\t\t\t\t<div class=\"e-con-inner\">\n\t\t\t\t<div class=\"elementor-element elementor-element-26ab5d9 elementor-widget elementor-widget-heading\" data-id=\"26ab5d9\" data-element_type=\"widget\" data-widget_type=\"heading.default\">\n\t\t\t\t<div class=\"elementor-widget-container\">\n\t\t\t\t\t<h2 class=\"elementor-heading-title elementor-size-default\">Th\u00e8me 2 - L'Humanit\u00e9 en question<\/h2>\t\t\t\t<\/div>\n\t\t\t\t<\/div>\n\t\t\t\t\t<\/div>\n\t\t\t\t<\/div>\n\t\t<div class=\"elementor-element elementor-element-d93d243 e-flex e-con-boxed e-con e-parent\" data-id=\"d93d243\" data-element_type=\"container\">\n\t\t\t\t\t<div class=\"e-con-inner\">\n\t\t<div class=\"elementor-element elementor-element-4c8b8f6 e-flex e-con-boxed e-con e-child\" data-id=\"4c8b8f6\" data-element_type=\"container\">\n\t\t\t\t\t<div class=\"e-con-inner\">\n\t\t\t\t<div class=\"elementor-element elementor-element-8028c59 elementor-widget elementor-widget-text-editor\" data-id=\"8028c59\" data-element_type=\"widget\" data-widget_type=\"text-editor.default\">\n\t\t\t\t<div class=\"elementor-widget-container\">\n\t\t\t\t\t\t\t\t\t<p>Le second semestre de la classe terminale en sp\u00e9cialit\u00e9 HLP est consacr\u00e9 \u00e0 la probl\u00e9matique de <strong>\u00ab L&rsquo;Humanit\u00e9 en question \u00bb<\/strong> avec une p\u00e9riode de r\u00e9f\u00e9rence qui s\u2019\u00e9tend du XXe si\u00e8cle \u00e0 nos jours.<\/p>\t\t\t\t\t\t\t\t<\/div>\n\t\t\t\t<\/div>\n\t\t\t\t\t<\/div>\n\t\t\t\t<\/div>\n\t\t\t\t\t<\/div>\n\t\t\t\t<\/div>\n\t\t<div class=\"elementor-element elementor-element-4b6a5ca e-flex e-con-boxed e-con e-parent\" data-id=\"4b6a5ca\" data-element_type=\"container\">\n\t\t\t\t\t<div class=\"e-con-inner\">\n\t\t<div class=\"elementor-element elementor-element-c939a69 e-con-full e-flex e-con e-child\" data-id=\"c939a69\" data-element_type=\"container\">\n\t\t\t\t<div class=\"elementor-element elementor-element-d0500d0 elementor-view-default elementor-widget elementor-widget-icon\" data-id=\"d0500d0\" data-element_type=\"widget\" data-widget_type=\"icon.default\">\n\t\t\t\t<div class=\"elementor-widget-container\">\n\t\t\t\t\t\t\t<div class=\"elementor-icon-wrapper\">\n\t\t\t<div class=\"elementor-icon\">\n\t\t\t<i aria-hidden=\"true\" class=\"fas fa-arrow-right\"><\/i>\t\t\t<\/div>\n\t\t<\/div>\n\t\t\t\t\t\t<\/div>\n\t\t\t\t<\/div>\n\t\t\t\t<\/div>\n\t\t<div class=\"elementor-element elementor-element-be5f9c6 e-con-full e-flex e-con e-child\" data-id=\"be5f9c6\" data-element_type=\"container\">\n\t\t\t\t<div class=\"elementor-element elementor-element-6a370e9 elementor-widget elementor-widget-heading\" data-id=\"6a370e9\" data-element_type=\"widget\" data-widget_type=\"heading.default\">\n\t\t\t\t<div class=\"elementor-widget-container\">\n\t\t\t\t\t<h2 class=\"elementor-heading-title elementor-size-default\">Cr\u00e9ations, continuit\u00e9s et ruptures<\/h2>\t\t\t\t<\/div>\n\t\t\t\t<\/div>\n\t\t\t\t<\/div>\n\t\t\t\t\t<\/div>\n\t\t\t\t<\/div>\n\t\t<div class=\"elementor-element elementor-element-867f7a6 e-flex e-con-boxed e-con e-parent\" data-id=\"867f7a6\" data-element_type=\"container\">\n\t\t\t\t\t<div class=\"e-con-inner\">\n\t\t<div class=\"elementor-element elementor-element-0c08e42 e-con-full e-flex e-con e-child\" data-id=\"0c08e42\" data-element_type=\"container\">\n\t\t\t\t<div class=\"elementor-element elementor-element-3e40378 elementor-view-default elementor-widget elementor-widget-icon\" data-id=\"3e40378\" data-element_type=\"widget\" data-widget_type=\"icon.default\">\n\t\t\t\t<div class=\"elementor-widget-container\">\n\t\t\t\t\t\t\t<div class=\"elementor-icon-wrapper\">\n\t\t\t<div class=\"elementor-icon\">\n\t\t\t<i aria-hidden=\"true\" class=\"fas fa-arrow-right\"><\/i>\t\t\t<\/div>\n\t\t<\/div>\n\t\t\t\t\t\t<\/div>\n\t\t\t\t<\/div>\n\t\t\t\t<\/div>\n\t\t<div class=\"elementor-element elementor-element-9f71f6d e-con-full e-flex e-con e-child\" data-id=\"9f71f6d\" data-element_type=\"container\">\n\t\t\t\t<div class=\"elementor-element elementor-element-a13c19b elementor-widget elementor-widget-heading\" data-id=\"a13c19b\" data-element_type=\"widget\" data-widget_type=\"heading.default\">\n\t\t\t\t<div class=\"elementor-widget-container\">\n\t\t\t\t\t<h2 class=\"elementor-heading-title elementor-size-default\"><a href=\"https:\/\/pepiteslitteraires.fr\/index.php\/violence-et-histoire\/\">Histoire et violence<\/a><\/h2>\t\t\t\t<\/div>\n\t\t\t\t<\/div>\n\t\t\t\t<\/div>\n\t\t\t\t\t<\/div>\n\t\t\t\t<\/div>\n\t\t<div class=\"elementor-element elementor-element-34ab4dd e-flex e-con-boxed e-con e-parent\" data-id=\"34ab4dd\" data-element_type=\"container\">\n\t\t\t\t\t<div class=\"e-con-inner\">\n\t\t<div class=\"elementor-element elementor-element-4663b76 e-con-full e-flex e-con e-child\" data-id=\"4663b76\" data-element_type=\"container\">\n\t\t\t\t<div class=\"elementor-element elementor-element-2cb43dc elementor-view-default elementor-widget elementor-widget-icon\" data-id=\"2cb43dc\" data-element_type=\"widget\" data-widget_type=\"icon.default\">\n\t\t\t\t<div class=\"elementor-widget-container\">\n\t\t\t\t\t\t\t<div class=\"elementor-icon-wrapper\">\n\t\t\t<div class=\"elementor-icon\">\n\t\t\t<i aria-hidden=\"true\" class=\"fas fa-arrow-right\"><\/i>\t\t\t<\/div>\n\t\t<\/div>\n\t\t\t\t\t\t<\/div>\n\t\t\t\t<\/div>\n\t\t\t\t<\/div>\n\t\t<div class=\"elementor-element elementor-element-1a1cb11 e-con-full e-flex e-con e-child\" data-id=\"1a1cb11\" data-element_type=\"container\">\n\t\t\t\t<div class=\"elementor-element elementor-element-52acfbb elementor-widget elementor-widget-heading\" data-id=\"52acfbb\" data-element_type=\"widget\" data-widget_type=\"heading.default\">\n\t\t\t\t<div class=\"elementor-widget-container\">\n\t\t\t\t\t<h2 class=\"elementor-heading-title elementor-size-default\">L'humain et ses limites<\/h2>\t\t\t\t<\/div>\n\t\t\t\t<\/div>\n\t\t\t\t<\/div>\n\t\t\t\t\t<\/div>\n\t\t\t\t<\/div>\n\t\t<div class=\"elementor-element elementor-element-155adcb e-flex e-con-boxed e-con e-parent\" data-id=\"155adcb\" data-element_type=\"container\">\n\t\t\t\t\t<div class=\"e-con-inner\">\n\t\t\t\t<div class=\"elementor-element elementor-element-81994b1 elementor-widget-divider--view-line elementor-widget elementor-widget-divider\" data-id=\"81994b1\" data-element_type=\"widget\" data-widget_type=\"divider.default\">\n\t\t\t\t<div class=\"elementor-widget-container\">\n\t\t\t\t\t\t\t<div class=\"elementor-divider\">\n\t\t\t<span class=\"elementor-divider-separator\">\n\t\t\t\t\t\t<\/span>\n\t\t<\/div>\n\t\t\t\t\t\t<\/div>\n\t\t\t\t<\/div>\n\t\t\t\t\t<\/div>\n\t\t\t\t<\/div>\n\t\t\t\t<\/div>\n\t\t","protected":false},"excerpt":{"rendered":"<p>\u00a9 NicolasGuyot Sp\u00e9cialit\u00e9 HLP terminale Th\u00e8me 1 &#8211; Recherche et formation de soi Le premier semestre de la classe terminale en sp\u00e9cialit\u00e9 HLP est consacr\u00e9 \u00e0 la probl\u00e9matique de \u00ab\u00a0la recherche et de la formation de soi\u00a0\u00bb avec une p\u00e9riode de r\u00e9f\u00e9rence qui s\u2019\u00e9tend du romantisme au XXe si\u00e8cle. La probl\u00e9matique est abord\u00e9e \u00e0 travers <a class=\"read-more\" href=\"https:\/\/pepiteslitteraires.fr\/index.php\/hlp\/\">Lire la suite<\/a><\/p>\n","protected":false},"author":1,"featured_media":0,"parent":0,"menu_order":0,"comment_status":"closed","ping_status":"closed","template":"","meta":{"footnotes":""},"class_list":["post-12","page","type-page","status-publish","hentry","entry"],"yoast_head":"<!-- This site is optimized with the Yoast SEO plugin v27.6 - https:\/\/yoast.com\/product\/yoast-seo-wordpress\/ -->\n<title>Lectures programme HLP - pepiteslitteraires.fr<\/title>\n<meta name=\"robots\" content=\"index, follow, max-snippet:-1, max-image-preview:large, max-video-preview:-1\" \/>\n<link rel=\"canonical\" href=\"https:\/\/pepiteslitteraires.fr\/index.php\/hlp\/\" \/>\n<meta property=\"og:locale\" content=\"fr_FR\" \/>\n<meta property=\"og:type\" content=\"article\" \/>\n<meta property=\"og:title\" content=\"Lectures programme HLP - pepiteslitteraires.fr\" \/>\n<meta property=\"og:description\" content=\"\u00a9 NicolasGuyot Sp\u00e9cialit\u00e9 HLP terminale Th\u00e8me 1 &#8211; Recherche et formation de soi Le premier semestre de la classe terminale en sp\u00e9cialit\u00e9 HLP est consacr\u00e9 \u00e0 la probl\u00e9matique de \u00ab\u00a0la recherche et de la formation de soi\u00a0\u00bb avec une p\u00e9riode de r\u00e9f\u00e9rence qui s\u2019\u00e9tend du romantisme au XXe si\u00e8cle. La probl\u00e9matique est abord\u00e9e \u00e0 travers Lire la suite\" \/>\n<meta property=\"og:url\" content=\"https:\/\/pepiteslitteraires.fr\/index.php\/hlp\/\" \/>\n<meta property=\"og:site_name\" content=\"pepiteslitteraires.fr\" \/>\n<meta property=\"article:modified_time\" content=\"2025-05-07T15:13:49+00:00\" \/>\n<meta name=\"twitter:card\" content=\"summary_large_image\" \/>\n<meta name=\"twitter:label1\" content=\"Dur\u00e9e de lecture estim\u00e9e\" \/>\n\t<meta name=\"twitter:data1\" content=\"1 minute\" \/>\n<script type=\"application\/ld+json\" class=\"yoast-schema-graph\">{\"@context\":\"https:\\\/\\\/schema.org\",\"@graph\":[{\"@type\":\"WebPage\",\"@id\":\"https:\\\/\\\/pepiteslitteraires.fr\\\/index.php\\\/hlp\\\/\",\"url\":\"https:\\\/\\\/pepiteslitteraires.fr\\\/index.php\\\/hlp\\\/\",\"name\":\"Lectures programme HLP - pepiteslitteraires.fr\",\"isPartOf\":{\"@id\":\"https:\\\/\\\/pepiteslitteraires.fr\\\/#website\"},\"datePublished\":\"2023-10-18T14:43:47+00:00\",\"dateModified\":\"2025-05-07T15:13:49+00:00\",\"breadcrumb\":{\"@id\":\"https:\\\/\\\/pepiteslitteraires.fr\\\/index.php\\\/hlp\\\/#breadcrumb\"},\"inLanguage\":\"fr-FR\",\"potentialAction\":[{\"@type\":\"ReadAction\",\"target\":[\"https:\\\/\\\/pepiteslitteraires.fr\\\/index.php\\\/hlp\\\/\"]}]},{\"@type\":\"BreadcrumbList\",\"@id\":\"https:\\\/\\\/pepiteslitteraires.fr\\\/index.php\\\/hlp\\\/#breadcrumb\",\"itemListElement\":[{\"@type\":\"ListItem\",\"position\":1,\"name\":\"Accueil\",\"item\":\"https:\\\/\\\/pepiteslitteraires.fr\\\/\"},{\"@type\":\"ListItem\",\"position\":2,\"name\":\"Lectures programme HLP\"}]},{\"@type\":\"WebSite\",\"@id\":\"https:\\\/\\\/pepiteslitteraires.fr\\\/#website\",\"url\":\"https:\\\/\\\/pepiteslitteraires.fr\\\/\",\"name\":\"pepiteslitteraires.fr\",\"description\":\"\",\"publisher\":{\"@id\":\"https:\\\/\\\/pepiteslitteraires.fr\\\/#organization\"},\"potentialAction\":[{\"@type\":\"SearchAction\",\"target\":{\"@type\":\"EntryPoint\",\"urlTemplate\":\"https:\\\/\\\/pepiteslitteraires.fr\\\/?s={search_term_string}\"},\"query-input\":{\"@type\":\"PropertyValueSpecification\",\"valueRequired\":true,\"valueName\":\"search_term_string\"}}],\"inLanguage\":\"fr-FR\"},{\"@type\":\"Organization\",\"@id\":\"https:\\\/\\\/pepiteslitteraires.fr\\\/#organization\",\"name\":\"pepiteslitteraires.fr\",\"url\":\"https:\\\/\\\/pepiteslitteraires.fr\\\/\",\"logo\":{\"@type\":\"ImageObject\",\"inLanguage\":\"fr-FR\",\"@id\":\"https:\\\/\\\/pepiteslitteraires.fr\\\/#\\\/schema\\\/logo\\\/image\\\/\",\"url\":\"https:\\\/\\\/pepiteslitteraires.fr\\\/wp-content\\\/uploads\\\/2023\\\/10\\\/cropped-Pepites-litteraires-logo.jpg\",\"contentUrl\":\"https:\\\/\\\/pepiteslitteraires.fr\\\/wp-content\\\/uploads\\\/2023\\\/10\\\/cropped-Pepites-litteraires-logo.jpg\",\"width\":500,\"height\":202,\"caption\":\"pepiteslitteraires.fr\"},\"image\":{\"@id\":\"https:\\\/\\\/pepiteslitteraires.fr\\\/#\\\/schema\\\/logo\\\/image\\\/\"}}]}<\/script>\n<!-- \/ Yoast SEO plugin. -->","yoast_head_json":{"title":"Lectures programme HLP - pepiteslitteraires.fr","robots":{"index":"index","follow":"follow","max-snippet":"max-snippet:-1","max-image-preview":"max-image-preview:large","max-video-preview":"max-video-preview:-1"},"canonical":"https:\/\/pepiteslitteraires.fr\/index.php\/hlp\/","og_locale":"fr_FR","og_type":"article","og_title":"Lectures programme HLP - pepiteslitteraires.fr","og_description":"\u00a9 NicolasGuyot Sp\u00e9cialit\u00e9 HLP terminale Th\u00e8me 1 &#8211; Recherche et formation de soi Le premier semestre de la classe terminale en sp\u00e9cialit\u00e9 HLP est consacr\u00e9 \u00e0 la probl\u00e9matique de \u00ab\u00a0la recherche et de la formation de soi\u00a0\u00bb avec une p\u00e9riode de r\u00e9f\u00e9rence qui s\u2019\u00e9tend du romantisme au XXe si\u00e8cle. La probl\u00e9matique est abord\u00e9e \u00e0 travers Lire la suite","og_url":"https:\/\/pepiteslitteraires.fr\/index.php\/hlp\/","og_site_name":"pepiteslitteraires.fr","article_modified_time":"2025-05-07T15:13:49+00:00","twitter_card":"summary_large_image","twitter_misc":{"Dur\u00e9e de lecture estim\u00e9e":"1 minute"},"schema":{"@context":"https:\/\/schema.org","@graph":[{"@type":"WebPage","@id":"https:\/\/pepiteslitteraires.fr\/index.php\/hlp\/","url":"https:\/\/pepiteslitteraires.fr\/index.php\/hlp\/","name":"Lectures programme HLP - pepiteslitteraires.fr","isPartOf":{"@id":"https:\/\/pepiteslitteraires.fr\/#website"},"datePublished":"2023-10-18T14:43:47+00:00","dateModified":"2025-05-07T15:13:49+00:00","breadcrumb":{"@id":"https:\/\/pepiteslitteraires.fr\/index.php\/hlp\/#breadcrumb"},"inLanguage":"fr-FR","potentialAction":[{"@type":"ReadAction","target":["https:\/\/pepiteslitteraires.fr\/index.php\/hlp\/"]}]},{"@type":"BreadcrumbList","@id":"https:\/\/pepiteslitteraires.fr\/index.php\/hlp\/#breadcrumb","itemListElement":[{"@type":"ListItem","position":1,"name":"Accueil","item":"https:\/\/pepiteslitteraires.fr\/"},{"@type":"ListItem","position":2,"name":"Lectures programme HLP"}]},{"@type":"WebSite","@id":"https:\/\/pepiteslitteraires.fr\/#website","url":"https:\/\/pepiteslitteraires.fr\/","name":"pepiteslitteraires.fr","description":"","publisher":{"@id":"https:\/\/pepiteslitteraires.fr\/#organization"},"potentialAction":[{"@type":"SearchAction","target":{"@type":"EntryPoint","urlTemplate":"https:\/\/pepiteslitteraires.fr\/?s={search_term_string}"},"query-input":{"@type":"PropertyValueSpecification","valueRequired":true,"valueName":"search_term_string"}}],"inLanguage":"fr-FR"},{"@type":"Organization","@id":"https:\/\/pepiteslitteraires.fr\/#organization","name":"pepiteslitteraires.fr","url":"https:\/\/pepiteslitteraires.fr\/","logo":{"@type":"ImageObject","inLanguage":"fr-FR","@id":"https:\/\/pepiteslitteraires.fr\/#\/schema\/logo\/image\/","url":"https:\/\/pepiteslitteraires.fr\/wp-content\/uploads\/2023\/10\/cropped-Pepites-litteraires-logo.jpg","contentUrl":"https:\/\/pepiteslitteraires.fr\/wp-content\/uploads\/2023\/10\/cropped-Pepites-litteraires-logo.jpg","width":500,"height":202,"caption":"pepiteslitteraires.fr"},"image":{"@id":"https:\/\/pepiteslitteraires.fr\/#\/schema\/logo\/image\/"}}]}},"_links":{"self":[{"href":"https:\/\/pepiteslitteraires.fr\/index.php\/wp-json\/wp\/v2\/pages\/12","targetHints":{"allow":["GET"]}}],"collection":[{"href":"https:\/\/pepiteslitteraires.fr\/index.php\/wp-json\/wp\/v2\/pages"}],"about":[{"href":"https:\/\/pepiteslitteraires.fr\/index.php\/wp-json\/wp\/v2\/types\/page"}],"author":[{"embeddable":true,"href":"https:\/\/pepiteslitteraires.fr\/index.php\/wp-json\/wp\/v2\/users\/1"}],"replies":[{"embeddable":true,"href":"https:\/\/pepiteslitteraires.fr\/index.php\/wp-json\/wp\/v2\/comments?post=12"}],"version-history":[{"count":66,"href":"https:\/\/pepiteslitteraires.fr\/index.php\/wp-json\/wp\/v2\/pages\/12\/revisions"}],"predecessor-version":[{"id":2582,"href":"https:\/\/pepiteslitteraires.fr\/index.php\/wp-json\/wp\/v2\/pages\/12\/revisions\/2582"}],"wp:attachment":[{"href":"https:\/\/pepiteslitteraires.fr\/index.php\/wp-json\/wp\/v2\/media?parent=12"}],"curies":[{"name":"wp","href":"https:\/\/api.w.org\/{rel}","templated":true}]}}