{"id":1579,"date":"2024-03-16T14:25:09","date_gmt":"2024-03-16T13:25:09","guid":{"rendered":"https:\/\/pepiteslitteraires.fr\/?page_id=1579"},"modified":"2024-05-05T11:14:58","modified_gmt":"2024-05-05T09:14:58","slug":"alexandre-neverov-je-veux-vivre","status":"publish","type":"page","link":"https:\/\/pepiteslitteraires.fr\/index.php\/alexandre-neverov-je-veux-vivre\/","title":{"rendered":"Publication n\u00b02 &#8211; Alexandre Neverov &#8211; Je veux vivre"},"content":{"rendered":"\t\t<div data-elementor-type=\"wp-page\" data-elementor-id=\"1579\" class=\"elementor elementor-1579\">\n\t\t\t\t<div class=\"elementor-element elementor-element-a89ff0c e-flex e-con-boxed e-con e-parent\" data-id=\"a89ff0c\" data-element_type=\"container\">\n\t\t\t\t\t<div class=\"e-con-inner\">\n\t\t\t\t<div class=\"elementor-element elementor-element-da3c0dd elementor-widget elementor-widget-heading\" data-id=\"da3c0dd\" data-element_type=\"widget\" data-widget_type=\"heading.default\">\n\t\t\t\t<div class=\"elementor-widget-container\">\n\t\t\t\t\t<h2 class=\"elementor-heading-title elementor-size-default\">Publication n\u00b02 - mars 2024<\/h2>\t\t\t\t<\/div>\n\t\t\t\t<\/div>\n\t\t<div class=\"elementor-element elementor-element-bd9c99f e-flex e-con-boxed e-con e-child\" data-id=\"bd9c99f\" data-element_type=\"container\">\n\t\t\t\t\t<div class=\"e-con-inner\">\n\t\t\t\t<div class=\"elementor-element elementor-element-f1a3071 elementor-widget elementor-widget-heading\" data-id=\"f1a3071\" data-element_type=\"widget\" data-widget_type=\"heading.default\">\n\t\t\t\t<div class=\"elementor-widget-container\">\n\t\t\t\t\t<h2 class=\"elementor-heading-title elementor-size-default\">Edition \u00e9tablie par les \u00e9l\u00e8ves de la terminale HLP groupe 1 du lyc\u00e9e Pierre Mend\u00e8s France de Vitrolles - Ann\u00e9e 2023\/2024\nEnseignant: Charles-Etienne Millon (litt\u00e9rature)<\/h2>\t\t\t\t<\/div>\n\t\t\t\t<\/div>\n\t\t\t\t\t<\/div>\n\t\t\t\t<\/div>\n\t\t\t\t<div class=\"elementor-element elementor-element-394249e elementor-widget elementor-widget-heading\" data-id=\"394249e\" data-element_type=\"widget\" data-widget_type=\"heading.default\">\n\t\t\t\t<div class=\"elementor-widget-container\">\n\t\t\t\t\t<h2 class=\"elementor-heading-title elementor-size-default\">Alexandre Neverov - Je veux vivre<\/h2>\t\t\t\t<\/div>\n\t\t\t\t<\/div>\n\t\t<div class=\"elementor-element elementor-element-d5c9c01 e-flex e-con-boxed e-con e-child\" data-id=\"d5c9c01\" data-element_type=\"container\">\n\t\t\t\t\t<div class=\"e-con-inner\">\n\t\t\t\t<div class=\"elementor-element elementor-element-4975452 elementor-widget elementor-widget-text-editor\" data-id=\"4975452\" data-element_type=\"widget\" data-widget_type=\"text-editor.default\">\n\t\t\t\t<div class=\"elementor-widget-container\">\n\t\t\t\t\t\t\t\t\t<p>Texte \u00e9tabli par la <a href=\"https:\/\/bibliotheque-russe-et-slave.com\/index1.html\">\u00ab\u00a0Biblioth\u00e8que Slave et Russe\u00a0\u00bb<\/a> et d\u00e9pos\u00e9 sur le site de la Biblioth\u00e8que le 11 d\u00e9cembre 2011.<\/p>\n<p>Premi\u00e8re publication de la nouvelle en 1923.<\/p>\n<p>Traduction du Russe par S.Kats dans le revue\u00a0 Europe, t. 38, 15 mai 1935<\/p>\t\t\t\t\t\t\t\t<\/div>\n\t\t\t\t<\/div>\n\t\t\t\t\t<\/div>\n\t\t\t\t<\/div>\n\t\t\t\t<div class=\"elementor-element elementor-element-8e534bf elementor-widget-divider--view-line elementor-widget elementor-widget-divider\" data-id=\"8e534bf\" data-element_type=\"widget\" data-widget_type=\"divider.default\">\n\t\t\t\t<div class=\"elementor-widget-container\">\n\t\t\t\t\t\t\t<div class=\"elementor-divider\">\n\t\t\t<span class=\"elementor-divider-separator\">\n\t\t\t\t\t\t<\/span>\n\t\t<\/div>\n\t\t\t\t\t\t<\/div>\n\t\t\t\t<\/div>\n\t\t\t\t<div class=\"elementor-element elementor-element-cfa730a elementor-widget elementor-widget-heading\" data-id=\"cfa730a\" data-element_type=\"widget\" data-widget_type=\"heading.default\">\n\t\t\t\t<div class=\"elementor-widget-container\">\n\t\t\t\t\t<h3 class=\"elementor-heading-title elementor-size-default\">Flipbook - Publication d\u00e9finitive \u00e0 feuilleter (cliquez sur les fl\u00e8ches pour tourner les pages)<\/h3>\t\t\t\t<\/div>\n\t\t\t\t<\/div>\n\t\t\t\t<div class=\"elementor-element elementor-element-e94dbbc elementor-widget elementor-widget-shortcode\" data-id=\"e94dbbc\" data-element_type=\"widget\" data-widget_type=\"shortcode.default\">\n\t\t\t\t<div class=\"elementor-widget-container\">\n\t\t\t\t\t\t\t<div class=\"elementor-shortcode\"><div class=\"_3d-flip-book  fb3d-fullscreen-mode full-size\" data-id=\"1597\" data-mode=\"fullscreen\" data-title=\"false\" data-template=\"short-white-book-view\" data-lightbox=\"dark-shadow\" data-urlparam=\"fb3d-page\" data-page-n=\"0\" data-pdf=\"\" data-tax=\"null\" data-thumbnail=\"\" data-cols=\"3\" data-book-template=\"default\" data-trigger=\"\"><\/div><script type=\"text\/javascript\">window.FB3D_CLIENT_DATA = window.FB3D_CLIENT_DATA || [];FB3D_CLIENT_DATA.push('eyJwb3N0cyI6eyIxNTk3Ijp7IklEIjoxNTk3LCJ0aXRsZSI6Ik5ldmVyb3YgLSBKZSB2ZXV4IHZpdnJlIiwidHlwZSI6InBkZiIsInJlYWR5X2Z1bmN0aW9uIjoiIiwiYm9va19zdHlsZSI6ImZsYXQiLCJib29rX3RlbXBsYXRlIjoibm9uZSIsIm91dGxpbmUiOltdLCJkYXRhIjp7InBvc3RfSUQiOiIxNTk4IiwiZ3VpZCI6Imh0dHBzOlwvXC9wZXBpdGVzbGl0dGVyYWlyZXMuZnJcL3dwLWNvbnRlbnRcL3VwbG9hZHNcLzIwMjRcLzAzXC9FZGl0aW9uX0plLXZldXgtdml2cmVfZmluYWxfUERGLWV0LWZsaXAucGRmIiwicGRmX3BhZ2VzIjoiMjAiLCJwYWdlc19jdXN0b21pemF0aW9uIjoibm9uZSJ9LCJ0aHVtYm5haWwiOnsiZGF0YSI6eyJwb3N0X0lEIjoiMCJ9LCJ0eXBlIjoiYXV0byJ9LCJwcm9wcyI6eyJiYWNrZ3JvdW5kQ29sb3IiOiJhdXRvIiwiYmFja2dyb3VuZEltYWdlIjoiYXV0byIsImJhY2tncm91bmRTdHlsZSI6ImF1dG8iLCJoaWdobGlnaHRMaW5rcyI6ImF1dG8iLCJsaWdodGluZyI6ImF1dG8iLCJjYWNoZWRQYWdlcyI6ImF1dG8iLCJyZW5kZXJJbmFjdGl2ZVBhZ2VzIjoiYXV0byIsInJlbmRlckluYWN0aXZlUGFnZXNPbk1vYmlsZSI6ImF1dG8iLCJyZW5kZXJXaGlsZUZsaXBwaW5nIjoiYXV0byIsInByZWxvYWRQYWdlcyI6ImF1dG8iLCJhdXRvUGxheUR1cmF0aW9uIjoiYXV0byIsInJ0bCI6ImF1dG8iLCJpbnRlcmFjdGl2ZUNvcm5lcnMiOiJhdXRvIiwibWF4RGVwdGgiOiJhdXRvIiwic2hlZXQiOnsic3RhcnRWZWxvY2l0eSI6ImF1dG8iLCJ3YXZlIjoiYXV0byIsInNoYXBlIjoiYXV0byIsIndpZHRoVGV4ZWxzIjoiYXV0byIsImNvbG9yIjoiYXV0byIsInNpZGUiOiJhdXRvIiwiY29ybmVyRGV2aWF0aW9uIjoiYXV0byIsImZsZXhpYmlsaXR5IjoiYXV0byIsImZsZXhpYmxlQ29ybmVyIjoiYXV0byIsImJlbmRpbmciOiJhdXRvIiwiaGVpZ2h0VGV4ZWxzIjoiYXV0byJ9LCJjb3ZlciI6eyJ3YXZlIjoiYXV0byIsImNvbG9yIjoiYXV0byIsInNpZGUiOiJhdXRvIiwiYmluZGVyVGV4dHVyZSI6ImF1dG8iLCJkZXB0aCI6ImF1dG8iLCJwYWRkaW5nIjoiYXV0byIsInN0YXJ0VmVsb2NpdHkiOiJhdXRvIiwiZmxleGliaWxpdHkiOiJhdXRvIiwiZmxleGlibGVDb3JuZXIiOiJhdXRvIiwiYmVuZGluZyI6ImF1dG8iLCJ3aWR0aFRleGVscyI6ImF1dG8iLCJoZWlnaHRUZXhlbHMiOiJhdXRvIiwibWFzcyI6ImF1dG8iLCJzaGFwZSI6ImF1dG8ifSwicGFnZSI6eyJ3YXZlIjoiYXV0byIsImNvbG9yIjoiYXV0byIsInNpZGUiOiJhdXRvIiwiZGVwdGgiOiJhdXRvIiwic3RhcnRWZWxvY2l0eSI6ImF1dG8iLCJmbGV4aWJpbGl0eSI6ImF1dG8iLCJmbGV4aWJsZUNvcm5lciI6ImF1dG8iLCJiZW5kaW5nIjoiYXV0byIsIndpZHRoVGV4ZWxzIjoiYXV0byIsImhlaWdodFRleGVscyI6ImF1dG8iLCJtYXNzIjoiYXV0byIsInNoYXBlIjoiYXV0byJ9LCJoZWlnaHQiOiJhdXRvIiwid2lkdGgiOiJhdXRvIiwiZ3Jhdml0eSI6ImF1dG8iLCJwYWdlc0ZvclByZWRpY3RpbmciOiJhdXRvIn0sImNvbnRyb2xQcm9wcyI6eyJhY3Rpb25zIjp7ImNtZFRvYyI6eyJlbmFibGVkIjoiYXV0byIsImVuYWJsZWRJbk5hcnJvdyI6ImF1dG8iLCJhY3RpdmUiOiJhdXRvIiwiZGVmYXVsdFRhYiI6ImF1dG8ifSwiY21kQXV0b1BsYXkiOnsiZW5hYmxlZCI6ImF1dG8iLCJlbmFibGVkSW5OYXJyb3ciOiJhdXRvIiwiYWN0aXZlIjoiYXV0byJ9LCJjbWRTYXZlIjp7ImVuYWJsZWQiOiJhdXRvIiwiZW5hYmxlZEluTmFycm93IjoiYXV0byJ9LCJjbWRQcmludCI6eyJlbmFibGVkIjoiYXV0byIsImVuYWJsZWRJbk5hcnJvdyI6ImF1dG8ifSwiY21kU2luZ2xlUGFnZSI6eyJlbmFibGVkIjoiYXV0byIsImVuYWJsZWRJbk5hcnJvdyI6ImF1dG8iLCJhY3RpdmUiOiJhdXRvIiwiYWN0aXZlRm9yTW9iaWxlIjoiYXV0byJ9LCJ3aWRUb29sYmFyIjp7ImVuYWJsZWQiOiJhdXRvIiwiZW5hYmxlZEluTmFycm93IjoiYXV0byJ9fX0sImF1dG9UaHVtYm5haWwiOiJodHRwczpcL1wvcGVwaXRlc2xpdHRlcmFpcmVzLmZyXC93cC1jb250ZW50XC91cGxvYWRzXC8zZC1mbGlwLWJvb2tcL2F1dG8tdGh1bWJuYWlsc1wvMTU5Ny5wbmciLCJwb3N0X25hbWUiOiJuZXZlcm92LWplLXZldXgtdml2cmUiLCJwb3N0X3R5cGUiOiIzZC1mbGlwLWJvb2sifX0sInBhZ2VzIjpbXSwiZmlyc3RQYWdlcyI6W119');window.FB3D_CLIENT_LOCALE && FB3D_CLIENT_LOCALE.render && FB3D_CLIENT_LOCALE.render();<\/script><\/div>\n\t\t\t\t\t\t<\/div>\n\t\t\t\t<\/div>\n\t\t\t\t<div class=\"elementor-element elementor-element-f0b8d09 elementor-widget elementor-widget-heading\" data-id=\"f0b8d09\" data-element_type=\"widget\" data-widget_type=\"heading.default\">\n\t\t\t\t<div class=\"elementor-widget-container\">\n\t\t\t\t\t<h2 class=\"elementor-heading-title elementor-size-default\">Version audio<\/h2>\t\t\t\t<\/div>\n\t\t\t\t<\/div>\n\t\t\t\t<div class=\"elementor-element elementor-element-e12975f elementor-widget elementor-widget-wp-widget-media_audio\" data-id=\"e12975f\" data-element_type=\"widget\" data-widget_type=\"wp-widget-media_audio.default\">\n\t\t\t\t<div class=\"elementor-widget-container\">\n\t\t\t\t\t<!--[if lt IE 9]><script>document.createElement('audio');<\/script><![endif]-->\n<audio class=\"wp-audio-shortcode\" id=\"audio-1579-1\" preload=\"none\" style=\"width: 100%;\" controls=\"controls\"><source type=\"audio\/mpeg\" src=\"https:\/\/pepiteslitteraires.fr\/wp-content\/uploads\/2024\/03\/audio-Neverov-Je-veux-vivre-Final-2.mp3?_=1\" \/><source type=\"audio\/mpeg\" src=\"https:\/\/pepiteslitteraires.fr\/wp-content\/uploads\/2024\/03\/audio-Neverov-Je-veux-vivre-Final-2.mp3?_=1\" \/><a href=\"https:\/\/pepiteslitteraires.fr\/wp-content\/uploads\/2024\/03\/audio-Neverov-Je-veux-vivre-Final-2.mp3\">https:\/\/pepiteslitteraires.fr\/wp-content\/uploads\/2024\/03\/audio-Neverov-Je-veux-vivre-Final-2.mp3<\/a><\/audio>\t\t\t\t<\/div>\n\t\t\t\t<\/div>\n\t\t\t\t\t<\/div>\n\t\t\t\t<\/div>\n\t\t<div class=\"elementor-element elementor-element-15d971e e-flex e-con-boxed e-con e-parent\" data-id=\"15d971e\" data-element_type=\"container\">\n\t\t\t\t\t<div class=\"e-con-inner\">\n\t\t\t\t<div class=\"elementor-element elementor-element-51fa58f elementor-widget elementor-widget-heading\" data-id=\"51fa58f\" data-element_type=\"widget\" data-widget_type=\"heading.default\">\n\t\t\t\t<div class=\"elementor-widget-container\">\n\t\t\t\t\t<h2 class=\"elementor-heading-title elementor-size-default\">Versions num\u00e9riques<\/h2>\t\t\t\t<\/div>\n\t\t\t\t<\/div>\n\t\t\t\t\t<\/div>\n\t\t\t\t<\/div>\n\t\t<div class=\"elementor-element elementor-element-5e16d88 e-flex e-con-boxed e-con e-parent\" data-id=\"5e16d88\" data-element_type=\"container\">\n\t\t\t\t\t<div class=\"e-con-inner\">\n\t\t<div class=\"elementor-element elementor-element-4d2c7d9 e-con-full e-flex e-con e-child\" data-id=\"4d2c7d9\" data-element_type=\"container\">\n\t\t\t\t<div class=\"elementor-element elementor-element-2dacfda elementor-align-center elementor-widget elementor-widget-button\" data-id=\"2dacfda\" data-element_type=\"widget\" data-widget_type=\"button.default\">\n\t\t\t\t<div class=\"elementor-widget-container\">\n\t\t\t\t\t\t\t\t\t<div class=\"elementor-button-wrapper\">\n\t\t\t\t\t<a class=\"elementor-button elementor-button-link elementor-size-sm\" href=\"https:\/\/pepiteslitteraires.fr\/wp-content\/uploads\/2024\/03\/Edition_Je-veux-vivre_final_PDF-et-flip.pdf\" target=\"_blank\">\n\t\t\t\t\t\t<span class=\"elementor-button-content-wrapper\">\n\t\t\t\t\t\t\t\t\t<span class=\"elementor-button-text\">Cliquez ici pour t\u00e9l\u00e9charger le format PDF<\/span>\n\t\t\t\t\t<\/span>\n\t\t\t\t\t<\/a>\n\t\t\t\t<\/div>\n\t\t\t\t\t\t\t\t<\/div>\n\t\t\t\t<\/div>\n\t\t\t\t<\/div>\n\t\t<div class=\"elementor-element elementor-element-342f26f e-con-full e-flex e-con e-child\" data-id=\"342f26f\" data-element_type=\"container\">\n\t\t\t\t<div class=\"elementor-element elementor-element-54c6b41 elementor-align-center elementor-widget elementor-widget-button\" data-id=\"54c6b41\" data-element_type=\"widget\" data-widget_type=\"button.default\">\n\t\t\t\t<div class=\"elementor-widget-container\">\n\t\t\t\t\t\t\t\t\t<div class=\"elementor-button-wrapper\">\n\t\t\t\t\t<a class=\"elementor-button elementor-button-link elementor-size-sm\" href=\"https:\/\/pepiteslitteraires.fr\/index.php\/download\/neverov-je-veux-vivre-epub\/?wpdmdl=1179&#038;masterkey=c7OYoMqmFqgTNU3OGfqq3-ZQRaryOD1WbLthyPoQGjZkhfN2JzL6oTduY_qDf_Tfedq5V473fsS-4x5kUalvCy_PJwhzOqQZEkFaz058dxI\" target=\"_blank\">\n\t\t\t\t\t\t<span class=\"elementor-button-content-wrapper\">\n\t\t\t\t\t\t\t\t\t<span class=\"elementor-button-text\">Cliquez ici pour t\u00e9l\u00e9charger le format Epub<\/span>\n\t\t\t\t\t<\/span>\n\t\t\t\t\t<\/a>\n\t\t\t\t<\/div>\n\t\t\t\t\t\t\t\t<\/div>\n\t\t\t\t<\/div>\n\t\t\t\t<\/div>\n\t\t\t\t\t<\/div>\n\t\t\t\t<\/div>\n\t\t<div class=\"elementor-element elementor-element-7497e3e e-flex e-con-boxed e-con e-parent\" data-id=\"7497e3e\" data-element_type=\"container\">\n\t\t\t\t\t<div class=\"e-con-inner\">\n\t\t\t\t<div class=\"elementor-element elementor-element-e32ea70 elementor-widget elementor-widget-heading\" data-id=\"e32ea70\" data-element_type=\"widget\" data-widget_type=\"heading.default\">\n\t\t\t\t<div class=\"elementor-widget-container\">\n\t\t\t\t\t<h2 class=\"elementor-heading-title elementor-size-default\">Version papier<\/h2>\t\t\t\t<\/div>\n\t\t\t\t<\/div>\n\t\t\t\t\t<\/div>\n\t\t\t\t<\/div>\n\t\t<div class=\"elementor-element elementor-element-c8f94bd e-flex e-con-boxed e-con e-parent\" data-id=\"c8f94bd\" data-element_type=\"container\">\n\t\t\t\t\t<div class=\"e-con-inner\">\n\t\t\t\t<div class=\"elementor-element elementor-element-7898583 elementor-widget elementor-widget-image\" data-id=\"7898583\" data-element_type=\"widget\" data-widget_type=\"image.default\">\n\t\t\t\t<div class=\"elementor-widget-container\">\n\t\t\t\t\t\t\t\t\t\t\t\t\t\t\t<img decoding=\"async\" src=\"https:\/\/pepiteslitteraires.fr\/wp-content\/uploads\/elementor\/thumbs\/20240418_143607-scaled-qnmzw7hegdvjk5dhh5z8dc2tp4xmfskkzzypu4gfy4.jpg\" title=\"20240418_143607\" alt=\"20240418_143607\" loading=\"lazy\" \/>\t\t\t\t\t\t\t\t\t\t\t\t\t\t\t<\/div>\n\t\t\t\t<\/div>\n\t\t\t\t\t<\/div>\n\t\t\t\t<\/div>\n\t\t<div class=\"elementor-element elementor-element-7d647d6 e-flex e-con-boxed e-con e-parent\" data-id=\"7d647d6\" data-element_type=\"container\">\n\t\t\t\t\t<div class=\"e-con-inner\">\n\t\t\t\t<div class=\"elementor-element elementor-element-9f820df elementor-widget elementor-widget-wp-widget-nav_menu\" data-id=\"9f820df\" data-element_type=\"widget\" data-widget_type=\"wp-widget-nav_menu.default\">\n\t\t\t\t<div class=\"elementor-widget-container\">\n\t\t\t\t\t<h5>Liste des nouvelles \u00e9dit\u00e9es<\/h5><div class=\"menu-toutes-les-publications-container\"><ul id=\"menu-toutes-les-publications\" class=\"menu\"><li id=\"menu-item-2578\" class=\"menu-item menu-item-type-post_type menu-item-object-page menu-item-home menu-item-2578\"><a href=\"https:\/\/pepiteslitteraires.fr\/\">Accueil<\/a><\/li>\n<li id=\"menu-item-1788\" class=\"menu-item menu-item-type-post_type menu-item-object-page menu-item-1788\"><a href=\"https:\/\/pepiteslitteraires.fr\/index.php\/modele-edition-miss-brill\/\">Exemple d\u00e9taill\u00e9 \u2013 Miss Brill<\/a><\/li>\n<\/ul><\/div>\t\t\t\t<\/div>\n\t\t\t\t<\/div>\n\t\t\t\t\t<\/div>\n\t\t\t\t<\/div>\n\t\t\t\t<\/div>\n\t\t","protected":false},"excerpt":{"rendered":"<p>Publication n\u00b02 &#8211; mars 2024 Edition \u00e9tablie par les \u00e9l\u00e8ves de la terminale HLP groupe 1 du lyc\u00e9e Pierre Mend\u00e8s France de Vitrolles &#8211; Ann\u00e9e 2023\/2024 Enseignant: Charles-Etienne Millon (litt\u00e9rature) Alexandre Neverov &#8211; Je veux vivre Texte \u00e9tabli par la \u00ab\u00a0Biblioth\u00e8que Slave et Russe\u00a0\u00bb et d\u00e9pos\u00e9 sur le site de la Biblioth\u00e8que le 11 d\u00e9cembre <a class=\"read-more\" href=\"https:\/\/pepiteslitteraires.fr\/index.php\/alexandre-neverov-je-veux-vivre\/\">Lire la suite<\/a><\/p>\n","protected":false},"author":1,"featured_media":0,"parent":0,"menu_order":0,"comment_status":"closed","ping_status":"closed","template":"","meta":{"footnotes":""},"class_list":["post-1579","page","type-page","status-publish","hentry","entry"],"yoast_head":"<!-- This site is optimized with the Yoast SEO plugin v27.6 - https:\/\/yoast.com\/product\/yoast-seo-wordpress\/ -->\n<title>Publication n\u00b02 - Alexandre Neverov - Je veux vivre - pepiteslitteraires.fr<\/title>\n<meta name=\"robots\" content=\"index, follow, max-snippet:-1, max-image-preview:large, max-video-preview:-1\" \/>\n<link rel=\"canonical\" href=\"https:\/\/pepiteslitteraires.fr\/index.php\/alexandre-neverov-je-veux-vivre\/\" \/>\n<meta property=\"og:locale\" content=\"fr_FR\" \/>\n<meta property=\"og:type\" content=\"article\" \/>\n<meta property=\"og:title\" content=\"Publication n\u00b02 - Alexandre Neverov - Je veux vivre - pepiteslitteraires.fr\" \/>\n<meta property=\"og:description\" content=\"Publication n\u00b02 &#8211; mars 2024 Edition \u00e9tablie par les \u00e9l\u00e8ves de la terminale HLP groupe 1 du lyc\u00e9e Pierre Mend\u00e8s France de Vitrolles &#8211; Ann\u00e9e 2023\/2024 Enseignant: Charles-Etienne Millon (litt\u00e9rature) Alexandre Neverov &#8211; Je veux vivre Texte \u00e9tabli par la \u00ab\u00a0Biblioth\u00e8que Slave et Russe\u00a0\u00bb et d\u00e9pos\u00e9 sur le site de la Biblioth\u00e8que le 11 d\u00e9cembre Lire la suite\" \/>\n<meta property=\"og:url\" content=\"https:\/\/pepiteslitteraires.fr\/index.php\/alexandre-neverov-je-veux-vivre\/\" \/>\n<meta property=\"og:site_name\" content=\"pepiteslitteraires.fr\" \/>\n<meta property=\"article:modified_time\" content=\"2024-05-05T09:14:58+00:00\" \/>\n<meta property=\"og:image\" content=\"https:\/\/pepiteslitteraires.fr\/wp-content\/uploads\/elementor\/thumbs\/20240418_143607-scaled-qnmzw7hegdvjk5dhh5z8dc2tp4xmfskkzzypu4gfy4.jpg\" \/>\n<meta name=\"twitter:card\" content=\"summary_large_image\" \/>\n<meta name=\"twitter:label1\" content=\"Dur\u00e9e de lecture estim\u00e9e\" \/>\n\t<meta name=\"twitter:data1\" content=\"1 minute\" \/>\n<script type=\"application\/ld+json\" class=\"yoast-schema-graph\">{\"@context\":\"https:\\\/\\\/schema.org\",\"@graph\":[{\"@type\":\"WebPage\",\"@id\":\"https:\\\/\\\/pepiteslitteraires.fr\\\/index.php\\\/alexandre-neverov-je-veux-vivre\\\/\",\"url\":\"https:\\\/\\\/pepiteslitteraires.fr\\\/index.php\\\/alexandre-neverov-je-veux-vivre\\\/\",\"name\":\"Publication n\u00b02 - Alexandre Neverov - Je veux vivre - pepiteslitteraires.fr\",\"isPartOf\":{\"@id\":\"https:\\\/\\\/pepiteslitteraires.fr\\\/#website\"},\"primaryImageOfPage\":{\"@id\":\"https:\\\/\\\/pepiteslitteraires.fr\\\/index.php\\\/alexandre-neverov-je-veux-vivre\\\/#primaryimage\"},\"image\":{\"@id\":\"https:\\\/\\\/pepiteslitteraires.fr\\\/index.php\\\/alexandre-neverov-je-veux-vivre\\\/#primaryimage\"},\"thumbnailUrl\":\"https:\\\/\\\/pepiteslitteraires.fr\\\/wp-content\\\/uploads\\\/elementor\\\/thumbs\\\/20240418_143607-scaled-qnmzw7hegdvjk5dhh5z8dc2tp4xmfskkzzypu4gfy4.jpg\",\"datePublished\":\"2024-03-16T13:25:09+00:00\",\"dateModified\":\"2024-05-05T09:14:58+00:00\",\"breadcrumb\":{\"@id\":\"https:\\\/\\\/pepiteslitteraires.fr\\\/index.php\\\/alexandre-neverov-je-veux-vivre\\\/#breadcrumb\"},\"inLanguage\":\"fr-FR\",\"potentialAction\":[{\"@type\":\"ReadAction\",\"target\":[\"https:\\\/\\\/pepiteslitteraires.fr\\\/index.php\\\/alexandre-neverov-je-veux-vivre\\\/\"]}]},{\"@type\":\"ImageObject\",\"inLanguage\":\"fr-FR\",\"@id\":\"https:\\\/\\\/pepiteslitteraires.fr\\\/index.php\\\/alexandre-neverov-je-veux-vivre\\\/#primaryimage\",\"url\":\"https:\\\/\\\/pepiteslitteraires.fr\\\/wp-content\\\/uploads\\\/elementor\\\/thumbs\\\/20240418_143607-scaled-qnmzw7hegdvjk5dhh5z8dc2tp4xmfskkzzypu4gfy4.jpg\",\"contentUrl\":\"https:\\\/\\\/pepiteslitteraires.fr\\\/wp-content\\\/uploads\\\/elementor\\\/thumbs\\\/20240418_143607-scaled-qnmzw7hegdvjk5dhh5z8dc2tp4xmfskkzzypu4gfy4.jpg\"},{\"@type\":\"BreadcrumbList\",\"@id\":\"https:\\\/\\\/pepiteslitteraires.fr\\\/index.php\\\/alexandre-neverov-je-veux-vivre\\\/#breadcrumb\",\"itemListElement\":[{\"@type\":\"ListItem\",\"position\":1,\"name\":\"Accueil\",\"item\":\"https:\\\/\\\/pepiteslitteraires.fr\\\/\"},{\"@type\":\"ListItem\",\"position\":2,\"name\":\"Publication n\u00b02 &#8211; Alexandre Neverov &#8211; Je veux vivre\"}]},{\"@type\":\"WebSite\",\"@id\":\"https:\\\/\\\/pepiteslitteraires.fr\\\/#website\",\"url\":\"https:\\\/\\\/pepiteslitteraires.fr\\\/\",\"name\":\"pepiteslitteraires.fr\",\"description\":\"\",\"publisher\":{\"@id\":\"https:\\\/\\\/pepiteslitteraires.fr\\\/#organization\"},\"potentialAction\":[{\"@type\":\"SearchAction\",\"target\":{\"@type\":\"EntryPoint\",\"urlTemplate\":\"https:\\\/\\\/pepiteslitteraires.fr\\\/?s={search_term_string}\"},\"query-input\":{\"@type\":\"PropertyValueSpecification\",\"valueRequired\":true,\"valueName\":\"search_term_string\"}}],\"inLanguage\":\"fr-FR\"},{\"@type\":\"Organization\",\"@id\":\"https:\\\/\\\/pepiteslitteraires.fr\\\/#organization\",\"name\":\"pepiteslitteraires.fr\",\"url\":\"https:\\\/\\\/pepiteslitteraires.fr\\\/\",\"logo\":{\"@type\":\"ImageObject\",\"inLanguage\":\"fr-FR\",\"@id\":\"https:\\\/\\\/pepiteslitteraires.fr\\\/#\\\/schema\\\/logo\\\/image\\\/\",\"url\":\"https:\\\/\\\/pepiteslitteraires.fr\\\/wp-content\\\/uploads\\\/2023\\\/10\\\/cropped-Pepites-litteraires-logo.jpg\",\"contentUrl\":\"https:\\\/\\\/pepiteslitteraires.fr\\\/wp-content\\\/uploads\\\/2023\\\/10\\\/cropped-Pepites-litteraires-logo.jpg\",\"width\":500,\"height\":202,\"caption\":\"pepiteslitteraires.fr\"},\"image\":{\"@id\":\"https:\\\/\\\/pepiteslitteraires.fr\\\/#\\\/schema\\\/logo\\\/image\\\/\"}}]}<\/script>\n<!-- \/ Yoast SEO plugin. -->","yoast_head_json":{"title":"Publication n\u00b02 - Alexandre Neverov - Je veux vivre - pepiteslitteraires.fr","robots":{"index":"index","follow":"follow","max-snippet":"max-snippet:-1","max-image-preview":"max-image-preview:large","max-video-preview":"max-video-preview:-1"},"canonical":"https:\/\/pepiteslitteraires.fr\/index.php\/alexandre-neverov-je-veux-vivre\/","og_locale":"fr_FR","og_type":"article","og_title":"Publication n\u00b02 - Alexandre Neverov - Je veux vivre - pepiteslitteraires.fr","og_description":"Publication n\u00b02 &#8211; mars 2024 Edition \u00e9tablie par les \u00e9l\u00e8ves de la terminale HLP groupe 1 du lyc\u00e9e Pierre Mend\u00e8s France de Vitrolles &#8211; Ann\u00e9e 2023\/2024 Enseignant: Charles-Etienne Millon (litt\u00e9rature) Alexandre Neverov &#8211; Je veux vivre Texte \u00e9tabli par la \u00ab\u00a0Biblioth\u00e8que Slave et Russe\u00a0\u00bb et d\u00e9pos\u00e9 sur le site de la Biblioth\u00e8que le 11 d\u00e9cembre Lire la suite","og_url":"https:\/\/pepiteslitteraires.fr\/index.php\/alexandre-neverov-je-veux-vivre\/","og_site_name":"pepiteslitteraires.fr","article_modified_time":"2024-05-05T09:14:58+00:00","og_image":[{"url":"https:\/\/pepiteslitteraires.fr\/wp-content\/uploads\/elementor\/thumbs\/20240418_143607-scaled-qnmzw7hegdvjk5dhh5z8dc2tp4xmfskkzzypu4gfy4.jpg","type":"","width":"","height":""}],"twitter_card":"summary_large_image","twitter_misc":{"Dur\u00e9e de lecture estim\u00e9e":"1 minute"},"schema":{"@context":"https:\/\/schema.org","@graph":[{"@type":"WebPage","@id":"https:\/\/pepiteslitteraires.fr\/index.php\/alexandre-neverov-je-veux-vivre\/","url":"https:\/\/pepiteslitteraires.fr\/index.php\/alexandre-neverov-je-veux-vivre\/","name":"Publication n\u00b02 - Alexandre Neverov - Je veux vivre - pepiteslitteraires.fr","isPartOf":{"@id":"https:\/\/pepiteslitteraires.fr\/#website"},"primaryImageOfPage":{"@id":"https:\/\/pepiteslitteraires.fr\/index.php\/alexandre-neverov-je-veux-vivre\/#primaryimage"},"image":{"@id":"https:\/\/pepiteslitteraires.fr\/index.php\/alexandre-neverov-je-veux-vivre\/#primaryimage"},"thumbnailUrl":"https:\/\/pepiteslitteraires.fr\/wp-content\/uploads\/elementor\/thumbs\/20240418_143607-scaled-qnmzw7hegdvjk5dhh5z8dc2tp4xmfskkzzypu4gfy4.jpg","datePublished":"2024-03-16T13:25:09+00:00","dateModified":"2024-05-05T09:14:58+00:00","breadcrumb":{"@id":"https:\/\/pepiteslitteraires.fr\/index.php\/alexandre-neverov-je-veux-vivre\/#breadcrumb"},"inLanguage":"fr-FR","potentialAction":[{"@type":"ReadAction","target":["https:\/\/pepiteslitteraires.fr\/index.php\/alexandre-neverov-je-veux-vivre\/"]}]},{"@type":"ImageObject","inLanguage":"fr-FR","@id":"https:\/\/pepiteslitteraires.fr\/index.php\/alexandre-neverov-je-veux-vivre\/#primaryimage","url":"https:\/\/pepiteslitteraires.fr\/wp-content\/uploads\/elementor\/thumbs\/20240418_143607-scaled-qnmzw7hegdvjk5dhh5z8dc2tp4xmfskkzzypu4gfy4.jpg","contentUrl":"https:\/\/pepiteslitteraires.fr\/wp-content\/uploads\/elementor\/thumbs\/20240418_143607-scaled-qnmzw7hegdvjk5dhh5z8dc2tp4xmfskkzzypu4gfy4.jpg"},{"@type":"BreadcrumbList","@id":"https:\/\/pepiteslitteraires.fr\/index.php\/alexandre-neverov-je-veux-vivre\/#breadcrumb","itemListElement":[{"@type":"ListItem","position":1,"name":"Accueil","item":"https:\/\/pepiteslitteraires.fr\/"},{"@type":"ListItem","position":2,"name":"Publication n\u00b02 &#8211; Alexandre Neverov &#8211; Je veux vivre"}]},{"@type":"WebSite","@id":"https:\/\/pepiteslitteraires.fr\/#website","url":"https:\/\/pepiteslitteraires.fr\/","name":"pepiteslitteraires.fr","description":"","publisher":{"@id":"https:\/\/pepiteslitteraires.fr\/#organization"},"potentialAction":[{"@type":"SearchAction","target":{"@type":"EntryPoint","urlTemplate":"https:\/\/pepiteslitteraires.fr\/?s={search_term_string}"},"query-input":{"@type":"PropertyValueSpecification","valueRequired":true,"valueName":"search_term_string"}}],"inLanguage":"fr-FR"},{"@type":"Organization","@id":"https:\/\/pepiteslitteraires.fr\/#organization","name":"pepiteslitteraires.fr","url":"https:\/\/pepiteslitteraires.fr\/","logo":{"@type":"ImageObject","inLanguage":"fr-FR","@id":"https:\/\/pepiteslitteraires.fr\/#\/schema\/logo\/image\/","url":"https:\/\/pepiteslitteraires.fr\/wp-content\/uploads\/2023\/10\/cropped-Pepites-litteraires-logo.jpg","contentUrl":"https:\/\/pepiteslitteraires.fr\/wp-content\/uploads\/2023\/10\/cropped-Pepites-litteraires-logo.jpg","width":500,"height":202,"caption":"pepiteslitteraires.fr"},"image":{"@id":"https:\/\/pepiteslitteraires.fr\/#\/schema\/logo\/image\/"}}]}},"_links":{"self":[{"href":"https:\/\/pepiteslitteraires.fr\/index.php\/wp-json\/wp\/v2\/pages\/1579","targetHints":{"allow":["GET"]}}],"collection":[{"href":"https:\/\/pepiteslitteraires.fr\/index.php\/wp-json\/wp\/v2\/pages"}],"about":[{"href":"https:\/\/pepiteslitteraires.fr\/index.php\/wp-json\/wp\/v2\/types\/page"}],"author":[{"embeddable":true,"href":"https:\/\/pepiteslitteraires.fr\/index.php\/wp-json\/wp\/v2\/users\/1"}],"replies":[{"embeddable":true,"href":"https:\/\/pepiteslitteraires.fr\/index.php\/wp-json\/wp\/v2\/comments?post=1579"}],"version-history":[{"count":56,"href":"https:\/\/pepiteslitteraires.fr\/index.php\/wp-json\/wp\/v2\/pages\/1579\/revisions"}],"predecessor-version":[{"id":1815,"href":"https:\/\/pepiteslitteraires.fr\/index.php\/wp-json\/wp\/v2\/pages\/1579\/revisions\/1815"}],"wp:attachment":[{"href":"https:\/\/pepiteslitteraires.fr\/index.php\/wp-json\/wp\/v2\/media?parent=1579"}],"curies":[{"name":"wp","href":"https:\/\/api.w.org\/{rel}","templated":true}]}}