{"id":1614,"date":"2024-03-17T08:48:04","date_gmt":"2024-03-17T07:48:04","guid":{"rendered":"https:\/\/pepiteslitteraires.fr\/?page_id=1614"},"modified":"2024-05-05T11:12:23","modified_gmt":"2024-05-05T09:12:23","slug":"juliusz-kaden-bandrowski-verdun-poste-n5","status":"publish","type":"page","link":"https:\/\/pepiteslitteraires.fr\/index.php\/juliusz-kaden-bandrowski-verdun-poste-n5\/","title":{"rendered":"Publication n\u00b01 &#8211; Juliusz Kaden-Bandrowski &#8211; Verdun, poste n\u00b05"},"content":{"rendered":"\t\t<div data-elementor-type=\"wp-page\" data-elementor-id=\"1614\" class=\"elementor elementor-1614\">\n\t\t\t\t<div class=\"elementor-element elementor-element-2e1378c e-flex e-con-boxed e-con e-parent\" data-id=\"2e1378c\" data-element_type=\"container\">\n\t\t\t\t\t<div class=\"e-con-inner\">\n\t\t\t\t<div class=\"elementor-element elementor-element-7230070 elementor-widget elementor-widget-heading\" data-id=\"7230070\" data-element_type=\"widget\" data-widget_type=\"heading.default\">\n\t\t\t\t<div class=\"elementor-widget-container\">\n\t\t\t\t\t<h2 class=\"elementor-heading-title elementor-size-default\">Publication n\u00b01 - mars 2024<\/h2>\t\t\t\t<\/div>\n\t\t\t\t<\/div>\n\t\t<div class=\"elementor-element elementor-element-de8567e e-flex e-con-boxed e-con e-child\" data-id=\"de8567e\" data-element_type=\"container\">\n\t\t\t\t\t<div class=\"e-con-inner\">\n\t\t\t\t<div class=\"elementor-element elementor-element-327efb9 elementor-widget elementor-widget-heading\" data-id=\"327efb9\" data-element_type=\"widget\" data-widget_type=\"heading.default\">\n\t\t\t\t<div class=\"elementor-widget-container\">\n\t\t\t\t\t<h2 class=\"elementor-heading-title elementor-size-default\">Edition \u00e9tablie par les \u00e9l\u00e8ves de la terminale HLP groupe 2  du lyc\u00e9e Pierre Mend\u00e8s France de Vitrolles - Ann\u00e9e 2023\/2024\nEnseignant: Charles-Etienne Millon (litt\u00e9rature)<\/h2>\t\t\t\t<\/div>\n\t\t\t\t<\/div>\n\t\t\t\t\t<\/div>\n\t\t\t\t<\/div>\n\t\t\t\t<div class=\"elementor-element elementor-element-58674720 elementor-widget elementor-widget-heading\" data-id=\"58674720\" data-element_type=\"widget\" data-widget_type=\"heading.default\">\n\t\t\t\t<div class=\"elementor-widget-container\">\n\t\t\t\t\t<h2 class=\"elementor-heading-title elementor-size-default\">Juliusz Kaden-Bandrowski - Verdun, poste n n\u00b05<\/h2>\t\t\t\t<\/div>\n\t\t\t\t<\/div>\n\t\t<div class=\"elementor-element elementor-element-70970dd e-flex e-con-boxed e-con e-child\" data-id=\"70970dd\" data-element_type=\"container\">\n\t\t\t\t\t<div class=\"e-con-inner\">\n\t\t\t\t<div class=\"elementor-element elementor-element-0716054 elementor-widget elementor-widget-text-editor\" data-id=\"0716054\" data-element_type=\"widget\" data-widget_type=\"text-editor.default\">\n\t\t\t\t<div class=\"elementor-widget-container\">\n\t\t\t\t\t\t\t\t\t<p><em>Texte \u00e9tabli par la <\/em>Biblioth\u00e8que russe et slave<em>, avec le concours de Marc Swajcer\u00a0; d\u00e9pos\u00e9 sur le site de la <\/em>Biblioth\u00e8que<em> le 20 septembre 2016.<\/em><\/p>\n<p>Premi\u00e8re publication de la nouvelle \u00ab\u00a0Verdun, poste n\u00b05 \u00bb en 1927.<\/p>\n<p>Traduction du polonais de S\u00e9verin Romin parue dans <em>La Pologne Litt\u00e9raire<\/em>, 2<sup>e<\/sup>\u00a0ann\u00e9e, n\u00b0\u00a09, 1927.<\/p>\t\t\t\t\t\t\t\t<\/div>\n\t\t\t\t<\/div>\n\t\t\t\t\t<\/div>\n\t\t\t\t<\/div>\n\t\t\t\t<div class=\"elementor-element elementor-element-7ff18cbf elementor-widget-divider--view-line elementor-widget elementor-widget-divider\" data-id=\"7ff18cbf\" data-element_type=\"widget\" data-widget_type=\"divider.default\">\n\t\t\t\t<div class=\"elementor-widget-container\">\n\t\t\t\t\t\t\t<div class=\"elementor-divider\">\n\t\t\t<span class=\"elementor-divider-separator\">\n\t\t\t\t\t\t<\/span>\n\t\t<\/div>\n\t\t\t\t\t\t<\/div>\n\t\t\t\t<\/div>\n\t\t\t\t<div class=\"elementor-element elementor-element-4adf53ac elementor-widget elementor-widget-heading\" data-id=\"4adf53ac\" data-element_type=\"widget\" data-widget_type=\"heading.default\">\n\t\t\t\t<div class=\"elementor-widget-container\">\n\t\t\t\t\t<h3 class=\"elementor-heading-title elementor-size-default\">Flipbook - Publication d\u00e9finitive \u00e0 feuilleter (cliquez sur les fl\u00e8ches pour tourner les pages)<\/h3>\t\t\t\t<\/div>\n\t\t\t\t<\/div>\n\t\t\t\t<div class=\"elementor-element elementor-element-32d2630c elementor-widget elementor-widget-shortcode\" data-id=\"32d2630c\" data-element_type=\"widget\" data-widget_type=\"shortcode.default\">\n\t\t\t\t<div class=\"elementor-widget-container\">\n\t\t\t\t\t\t\t<div class=\"elementor-shortcode\"><div class=\"_3d-flip-book  fb3d-fullscreen-mode full-size\" data-id=\"1665\" data-mode=\"fullscreen\" data-title=\"false\" data-template=\"short-white-book-view\" data-lightbox=\"dark-shadow\" data-urlparam=\"fb3d-page\" data-page-n=\"0\" data-pdf=\"\" data-tax=\"null\" data-thumbnail=\"\" data-cols=\"3\" data-book-template=\"default\" data-trigger=\"\"><\/div><script type=\"text\/javascript\">window.FB3D_CLIENT_DATA = window.FB3D_CLIENT_DATA || [];FB3D_CLIENT_DATA.push('eyJwb3N0cyI6eyIxNjY1Ijp7IklEIjoxNjY1LCJ0aXRsZSI6IkthZGVuLUJyYW5kb3dza2lfVmVyZHVuIHBvc3RlXHUwMGIwNSIsInR5cGUiOiJwZGYiLCJyZWFkeV9mdW5jdGlvbiI6IiIsImJvb2tfc3R5bGUiOiJmbGF0IiwiYm9va190ZW1wbGF0ZSI6Im5vbmUiLCJvdXRsaW5lIjpbXSwiZGF0YSI6eyJwb3N0X0lEIjoiMTYzNiIsImd1aWQiOiJodHRwczpcL1wvcGVwaXRlc2xpdHRlcmFpcmVzLmZyXC93cC1jb250ZW50XC91cGxvYWRzXC8yMDI0XC8wNVwvS2FkZW4tQnJhbmRvd3NraV9WZXJkdW4tcG9zdGUtblx1MDBiMDUucGRmIiwicGRmX3BhZ2VzIjoiMjkiLCJwYWdlc19jdXN0b21pemF0aW9uIjoibm9uZSJ9LCJ0aHVtYm5haWwiOnsiZGF0YSI6eyJwb3N0X0lEIjoiMCJ9LCJ0eXBlIjoiYXV0byJ9LCJwcm9wcyI6eyJiYWNrZ3JvdW5kQ29sb3IiOiJhdXRvIiwiYmFja2dyb3VuZEltYWdlIjoiYXV0byIsImJhY2tncm91bmRTdHlsZSI6ImF1dG8iLCJoaWdobGlnaHRMaW5rcyI6ImF1dG8iLCJsaWdodGluZyI6ImF1dG8iLCJjYWNoZWRQYWdlcyI6ImF1dG8iLCJyZW5kZXJJbmFjdGl2ZVBhZ2VzIjoiYXV0byIsInJlbmRlckluYWN0aXZlUGFnZXNPbk1vYmlsZSI6ImF1dG8iLCJyZW5kZXJXaGlsZUZsaXBwaW5nIjoiYXV0byIsInByZWxvYWRQYWdlcyI6ImF1dG8iLCJhdXRvUGxheUR1cmF0aW9uIjoiYXV0byIsInJ0bCI6ImF1dG8iLCJpbnRlcmFjdGl2ZUNvcm5lcnMiOiJhdXRvIiwibWF4RGVwdGgiOiJhdXRvIiwic2hlZXQiOnsic3RhcnRWZWxvY2l0eSI6ImF1dG8iLCJ3YXZlIjoiYXV0byIsInNoYXBlIjoiYXV0byIsIndpZHRoVGV4ZWxzIjoiYXV0byIsImNvbG9yIjoiYXV0byIsInNpZGUiOiJhdXRvIiwiY29ybmVyRGV2aWF0aW9uIjoiYXV0byIsImZsZXhpYmlsaXR5IjoiYXV0byIsImZsZXhpYmxlQ29ybmVyIjoiYXV0byIsImJlbmRpbmciOiJhdXRvIiwiaGVpZ2h0VGV4ZWxzIjoiYXV0byJ9LCJjb3ZlciI6eyJ3YXZlIjoiYXV0byIsImNvbG9yIjoiYXV0byIsInNpZGUiOiJhdXRvIiwiYmluZGVyVGV4dHVyZSI6ImF1dG8iLCJkZXB0aCI6ImF1dG8iLCJwYWRkaW5nIjoiYXV0byIsInN0YXJ0VmVsb2NpdHkiOiJhdXRvIiwiZmxleGliaWxpdHkiOiJhdXRvIiwiZmxleGlibGVDb3JuZXIiOiJhdXRvIiwiYmVuZGluZyI6ImF1dG8iLCJ3aWR0aFRleGVscyI6ImF1dG8iLCJoZWlnaHRUZXhlbHMiOiJhdXRvIiwibWFzcyI6ImF1dG8iLCJzaGFwZSI6ImF1dG8ifSwicGFnZSI6eyJ3YXZlIjoiYXV0byIsImNvbG9yIjoiYXV0byIsInNpZGUiOiJhdXRvIiwiZGVwdGgiOiJhdXRvIiwic3RhcnRWZWxvY2l0eSI6ImF1dG8iLCJmbGV4aWJpbGl0eSI6ImF1dG8iLCJmbGV4aWJsZUNvcm5lciI6ImF1dG8iLCJiZW5kaW5nIjoiYXV0byIsIndpZHRoVGV4ZWxzIjoiYXV0byIsImhlaWdodFRleGVscyI6ImF1dG8iLCJtYXNzIjoiYXV0byIsInNoYXBlIjoiYXV0byJ9LCJoZWlnaHQiOiJhdXRvIiwid2lkdGgiOiJhdXRvIiwiZ3Jhdml0eSI6ImF1dG8iLCJwYWdlc0ZvclByZWRpY3RpbmciOiJhdXRvIn0sImNvbnRyb2xQcm9wcyI6eyJhY3Rpb25zIjp7ImNtZFRvYyI6eyJlbmFibGVkIjoiYXV0byIsImVuYWJsZWRJbk5hcnJvdyI6ImF1dG8iLCJhY3RpdmUiOiJhdXRvIiwiZGVmYXVsdFRhYiI6ImF1dG8ifSwiY21kQXV0b1BsYXkiOnsiZW5hYmxlZCI6ImF1dG8iLCJlbmFibGVkSW5OYXJyb3ciOiJhdXRvIiwiYWN0aXZlIjoiYXV0byJ9LCJjbWRTYXZlIjp7ImVuYWJsZWQiOiJhdXRvIiwiZW5hYmxlZEluTmFycm93IjoiYXV0byJ9LCJjbWRQcmludCI6eyJlbmFibGVkIjoiYXV0byIsImVuYWJsZWRJbk5hcnJvdyI6ImF1dG8ifSwiY21kU2luZ2xlUGFnZSI6eyJlbmFibGVkIjoiYXV0byIsImVuYWJsZWRJbk5hcnJvdyI6ImF1dG8iLCJhY3RpdmUiOiJhdXRvIiwiYWN0aXZlRm9yTW9iaWxlIjoiYXV0byJ9LCJ3aWRUb29sYmFyIjp7ImVuYWJsZWQiOiJhdXRvIiwiZW5hYmxlZEluTmFycm93IjoiYXV0byJ9fX0sImF1dG9UaHVtYm5haWwiOiJodHRwczpcL1wvcGVwaXRlc2xpdHRlcmFpcmVzLmZyXC93cC1jb250ZW50XC91cGxvYWRzXC8zZC1mbGlwLWJvb2tcL2F1dG8tdGh1bWJuYWlsc1wvMTY2NS5wbmciLCJwb3N0X25hbWUiOiJrYWRlbi1icmFuZG93c2tpX3ZlcmR1bi1wb3N0ZTUiLCJwb3N0X3R5cGUiOiIzZC1mbGlwLWJvb2sifX0sInBhZ2VzIjpbXSwiZmlyc3RQYWdlcyI6W119');window.FB3D_CLIENT_LOCALE && FB3D_CLIENT_LOCALE.render && FB3D_CLIENT_LOCALE.render();<\/script><\/div>\n\t\t\t\t\t\t<\/div>\n\t\t\t\t<\/div>\n\t\t\t\t<div class=\"elementor-element elementor-element-6f656189 elementor-widget elementor-widget-heading\" data-id=\"6f656189\" data-element_type=\"widget\" data-widget_type=\"heading.default\">\n\t\t\t\t<div class=\"elementor-widget-container\">\n\t\t\t\t\t<h2 class=\"elementor-heading-title elementor-size-default\">Version audio<\/h2>\t\t\t\t<\/div>\n\t\t\t\t<\/div>\n\t\t\t\t<div class=\"elementor-element elementor-element-81b9542 elementor-widget elementor-widget-wp-widget-media_audio\" data-id=\"81b9542\" data-element_type=\"widget\" data-widget_type=\"wp-widget-media_audio.default\">\n\t\t\t\t<div class=\"elementor-widget-container\">\n\t\t\t\t\t<!--[if lt IE 9]><script>document.createElement('audio');<\/script><![endif]-->\n<audio class=\"wp-audio-shortcode\" id=\"audio-1614-1\" preload=\"none\" style=\"width: 100%;\" controls=\"controls\"><source type=\"audio\/mpeg\" src=\"https:\/\/pepiteslitteraires.fr\/wp-content\/uploads\/2024\/03\/Kaden-bandrowski_verdun-poste-n5_version-audio.mp3?_=1\" \/><source type=\"audio\/mpeg\" src=\"https:\/\/pepiteslitteraires.fr\/wp-content\/uploads\/2024\/03\/Kaden-bandrowski_verdun-poste-n5_version-audio.mp3?_=1\" \/><a href=\"https:\/\/pepiteslitteraires.fr\/wp-content\/uploads\/2024\/03\/Kaden-bandrowski_verdun-poste-n5_version-audio.mp3\">https:\/\/pepiteslitteraires.fr\/wp-content\/uploads\/2024\/03\/Kaden-bandrowski_verdun-poste-n5_version-audio.mp3<\/a><\/audio>\t\t\t\t<\/div>\n\t\t\t\t<\/div>\n\t\t\t\t\t<\/div>\n\t\t\t\t<\/div>\n\t\t<div class=\"elementor-element elementor-element-fff0412 e-flex e-con-boxed e-con e-parent\" data-id=\"fff0412\" data-element_type=\"container\">\n\t\t\t\t\t<div class=\"e-con-inner\">\n\t\t\t\t<div class=\"elementor-element elementor-element-d90b05a elementor-widget elementor-widget-heading\" data-id=\"d90b05a\" data-element_type=\"widget\" data-widget_type=\"heading.default\">\n\t\t\t\t<div class=\"elementor-widget-container\">\n\t\t\t\t\t<h2 class=\"elementor-heading-title elementor-size-default\">Versions num\u00e9riques<\/h2>\t\t\t\t<\/div>\n\t\t\t\t<\/div>\n\t\t\t\t\t<\/div>\n\t\t\t\t<\/div>\n\t\t<div class=\"elementor-element elementor-element-4927b80 e-flex e-con-boxed e-con e-parent\" data-id=\"4927b80\" data-element_type=\"container\">\n\t\t\t\t\t<div class=\"e-con-inner\">\n\t\t<div class=\"elementor-element elementor-element-5397c3b e-con-full e-flex e-con e-child\" data-id=\"5397c3b\" data-element_type=\"container\">\n\t\t\t\t<div class=\"elementor-element elementor-element-aad36f7 elementor-align-center elementor-widget elementor-widget-button\" data-id=\"aad36f7\" data-element_type=\"widget\" data-widget_type=\"button.default\">\n\t\t\t\t<div class=\"elementor-widget-container\">\n\t\t\t\t\t\t\t\t\t<div class=\"elementor-button-wrapper\">\n\t\t\t\t\t<a class=\"elementor-button elementor-button-link elementor-size-sm\" href=\"https:\/\/pepiteslitteraires.fr\/wp-content\/uploads\/2024\/05\/Kaden-Brandowski_Verdun-poste-n\u00b05.pdf\" target=\"_blank\">\n\t\t\t\t\t\t<span class=\"elementor-button-content-wrapper\">\n\t\t\t\t\t\t\t\t\t<span class=\"elementor-button-text\">Cliquez ici pour t\u00e9l\u00e9charger le format PDF<\/span>\n\t\t\t\t\t<\/span>\n\t\t\t\t\t<\/a>\n\t\t\t\t<\/div>\n\t\t\t\t\t\t\t\t<\/div>\n\t\t\t\t<\/div>\n\t\t\t\t<\/div>\n\t\t<div class=\"elementor-element elementor-element-0c2ff13 e-con-full e-flex e-con e-child\" data-id=\"0c2ff13\" data-element_type=\"container\">\n\t\t\t\t<div class=\"elementor-element elementor-element-b8ae438 elementor-align-center elementor-widget elementor-widget-button\" data-id=\"b8ae438\" data-element_type=\"widget\" data-widget_type=\"button.default\">\n\t\t\t\t<div class=\"elementor-widget-container\">\n\t\t\t\t\t\t\t\t\t<div class=\"elementor-button-wrapper\">\n\t\t\t\t\t<a class=\"elementor-button elementor-button-link elementor-size-sm\" href=\"https:\/\/pepiteslitteraires.fr\/index.php\/download\/kaden-bandrowski_-verdun-poste-n5_-epub-publi2\/?wpdmdl=1761&#038;masterkey=Da1WBYXgyw76EqHWRHJOSA-us_AodauQ9QFNssKNJMDDQLFPMivgbbbV7mNSsLFFm6KgpYLS40flGWknZtV2HwpVaRYFGhk7FPfOPb4roME\">\n\t\t\t\t\t\t<span class=\"elementor-button-content-wrapper\">\n\t\t\t\t\t\t\t\t\t<span class=\"elementor-button-text\">Cliquez ici pour t\u00e9l\u00e9charger le format Epub<\/span>\n\t\t\t\t\t<\/span>\n\t\t\t\t\t<\/a>\n\t\t\t\t<\/div>\n\t\t\t\t\t\t\t\t<\/div>\n\t\t\t\t<\/div>\n\t\t\t\t<\/div>\n\t\t\t\t\t<\/div>\n\t\t\t\t<\/div>\n\t\t<div class=\"elementor-element elementor-element-ad66d81 e-flex e-con-boxed e-con e-parent\" data-id=\"ad66d81\" data-element_type=\"container\">\n\t\t\t\t\t<div class=\"e-con-inner\">\n\t\t\t\t<div class=\"elementor-element elementor-element-d71363b elementor-widget elementor-widget-heading\" data-id=\"d71363b\" data-element_type=\"widget\" data-widget_type=\"heading.default\">\n\t\t\t\t<div class=\"elementor-widget-container\">\n\t\t\t\t\t<h2 class=\"elementor-heading-title elementor-size-default\">Version papier<\/h2>\t\t\t\t<\/div>\n\t\t\t\t<\/div>\n\t\t\t\t\t<\/div>\n\t\t\t\t<\/div>\n\t\t<div class=\"elementor-element elementor-element-23d3112 e-flex e-con-boxed e-con e-parent\" data-id=\"23d3112\" data-element_type=\"container\">\n\t\t\t\t\t<div class=\"e-con-inner\">\n\t\t\t\t<div class=\"elementor-element elementor-element-5969cd9 elementor-widget elementor-widget-image\" data-id=\"5969cd9\" data-element_type=\"widget\" data-widget_type=\"image.default\">\n\t\t\t\t<div class=\"elementor-widget-container\">\n\t\t\t\t\t\t\t\t\t\t\t\t\t\t\t<img decoding=\"async\" src=\"https:\/\/pepiteslitteraires.fr\/wp-content\/uploads\/elementor\/thumbs\/20240418_143643-qnmwygn1ld49fez4ygg6v0pzum52hmroglu87h8vfs.jpg\" title=\"20240418_143643\" alt=\"20240418_143643\" loading=\"lazy\" \/>\t\t\t\t\t\t\t\t\t\t\t\t\t\t\t<\/div>\n\t\t\t\t<\/div>\n\t\t\t\t\t<\/div>\n\t\t\t\t<\/div>\n\t\t<div class=\"elementor-element elementor-element-9ff7136 e-flex e-con-boxed e-con e-parent\" data-id=\"9ff7136\" data-element_type=\"container\">\n\t\t\t\t\t<div class=\"e-con-inner\">\n\t\t\t\t\t<\/div>\n\t\t\t\t<\/div>\n\t\t<div class=\"elementor-element elementor-element-8b1ac74 e-flex e-con-boxed e-con e-parent\" data-id=\"8b1ac74\" data-element_type=\"container\">\n\t\t\t\t\t<div class=\"e-con-inner\">\n\t\t\t\t<div class=\"elementor-element elementor-element-d9152a7 elementor-widget elementor-widget-wp-widget-nav_menu\" data-id=\"d9152a7\" data-element_type=\"widget\" data-widget_type=\"wp-widget-nav_menu.default\">\n\t\t\t\t<div class=\"elementor-widget-container\">\n\t\t\t\t\t<h5>Liste des nouvelles \u00e9dit\u00e9es<\/h5><div class=\"menu-toutes-les-publications-container\"><ul id=\"menu-toutes-les-publications\" class=\"menu\"><li id=\"menu-item-2578\" class=\"menu-item menu-item-type-post_type menu-item-object-page menu-item-home menu-item-2578\"><a href=\"https:\/\/pepiteslitteraires.fr\/\">Accueil<\/a><\/li>\n<li id=\"menu-item-1788\" class=\"menu-item menu-item-type-post_type menu-item-object-page menu-item-1788\"><a href=\"https:\/\/pepiteslitteraires.fr\/index.php\/modele-edition-miss-brill\/\">Exemple d\u00e9taill\u00e9 \u2013 Miss Brill<\/a><\/li>\n<\/ul><\/div>\t\t\t\t<\/div>\n\t\t\t\t<\/div>\n\t\t\t\t\t<\/div>\n\t\t\t\t<\/div>\n\t\t\t\t<\/div>\n\t\t","protected":false},"excerpt":{"rendered":"<p>Publication n\u00b01 &#8211; mars 2024 Edition \u00e9tablie par les \u00e9l\u00e8ves de la terminale HLP groupe 2 du lyc\u00e9e Pierre Mend\u00e8s France de Vitrolles &#8211; Ann\u00e9e 2023\/2024 Enseignant: Charles-Etienne Millon (litt\u00e9rature) Juliusz Kaden-Bandrowski &#8211; Verdun, poste n n\u00b05 Texte \u00e9tabli par la Biblioth\u00e8que russe et slave, avec le concours de Marc Swajcer\u00a0; d\u00e9pos\u00e9 sur le site <a class=\"read-more\" href=\"https:\/\/pepiteslitteraires.fr\/index.php\/juliusz-kaden-bandrowski-verdun-poste-n5\/\">Lire la suite<\/a><\/p>\n","protected":false},"author":1,"featured_media":0,"parent":0,"menu_order":0,"comment_status":"closed","ping_status":"closed","template":"","meta":{"footnotes":""},"class_list":["post-1614","page","type-page","status-publish","hentry","entry"],"yoast_head":"<!-- This site is optimized with the Yoast SEO plugin v27.6 - https:\/\/yoast.com\/product\/yoast-seo-wordpress\/ -->\n<title>Publication n\u00b01 - Juliusz Kaden-Bandrowski - Verdun, poste n\u00b05 - pepiteslitteraires.fr<\/title>\n<meta name=\"robots\" content=\"index, follow, max-snippet:-1, max-image-preview:large, max-video-preview:-1\" \/>\n<link rel=\"canonical\" href=\"https:\/\/pepiteslitteraires.fr\/index.php\/juliusz-kaden-bandrowski-verdun-poste-n5\/\" \/>\n<meta property=\"og:locale\" content=\"fr_FR\" \/>\n<meta property=\"og:type\" content=\"article\" \/>\n<meta property=\"og:title\" content=\"Publication n\u00b01 - Juliusz Kaden-Bandrowski - Verdun, poste n\u00b05 - pepiteslitteraires.fr\" \/>\n<meta property=\"og:description\" content=\"Publication n\u00b01 &#8211; mars 2024 Edition \u00e9tablie par les \u00e9l\u00e8ves de la terminale HLP groupe 2 du lyc\u00e9e Pierre Mend\u00e8s France de Vitrolles &#8211; Ann\u00e9e 2023\/2024 Enseignant: Charles-Etienne Millon (litt\u00e9rature) Juliusz Kaden-Bandrowski &#8211; Verdun, poste n n\u00b05 Texte \u00e9tabli par la Biblioth\u00e8que russe et slave, avec le concours de Marc Swajcer\u00a0; d\u00e9pos\u00e9 sur le site Lire la suite\" \/>\n<meta property=\"og:url\" content=\"https:\/\/pepiteslitteraires.fr\/index.php\/juliusz-kaden-bandrowski-verdun-poste-n5\/\" \/>\n<meta property=\"og:site_name\" content=\"pepiteslitteraires.fr\" \/>\n<meta property=\"article:modified_time\" content=\"2024-05-05T09:12:23+00:00\" \/>\n<meta property=\"og:image\" content=\"https:\/\/pepiteslitteraires.fr\/wp-content\/uploads\/elementor\/thumbs\/20240418_143643-qnmwygn1ld49fez4ygg6v0pzum52hmroglu87h8vg2.jpg\" \/>\n<meta name=\"twitter:card\" content=\"summary_large_image\" \/>\n<meta name=\"twitter:label1\" content=\"Dur\u00e9e de lecture estim\u00e9e\" \/>\n\t<meta name=\"twitter:data1\" content=\"1 minute\" \/>\n<script type=\"application\/ld+json\" class=\"yoast-schema-graph\">{\"@context\":\"https:\\\/\\\/schema.org\",\"@graph\":[{\"@type\":\"WebPage\",\"@id\":\"https:\\\/\\\/pepiteslitteraires.fr\\\/index.php\\\/juliusz-kaden-bandrowski-verdun-poste-n5\\\/\",\"url\":\"https:\\\/\\\/pepiteslitteraires.fr\\\/index.php\\\/juliusz-kaden-bandrowski-verdun-poste-n5\\\/\",\"name\":\"Publication n\u00b01 - Juliusz Kaden-Bandrowski - Verdun, poste n\u00b05 - pepiteslitteraires.fr\",\"isPartOf\":{\"@id\":\"https:\\\/\\\/pepiteslitteraires.fr\\\/#website\"},\"primaryImageOfPage\":{\"@id\":\"https:\\\/\\\/pepiteslitteraires.fr\\\/index.php\\\/juliusz-kaden-bandrowski-verdun-poste-n5\\\/#primaryimage\"},\"image\":{\"@id\":\"https:\\\/\\\/pepiteslitteraires.fr\\\/index.php\\\/juliusz-kaden-bandrowski-verdun-poste-n5\\\/#primaryimage\"},\"thumbnailUrl\":\"https:\\\/\\\/pepiteslitteraires.fr\\\/wp-content\\\/uploads\\\/elementor\\\/thumbs\\\/20240418_143643-qnmwygn1ld49fez4ygg6v0pzum52hmroglu87h8vg2.jpg\",\"datePublished\":\"2024-03-17T07:48:04+00:00\",\"dateModified\":\"2024-05-05T09:12:23+00:00\",\"breadcrumb\":{\"@id\":\"https:\\\/\\\/pepiteslitteraires.fr\\\/index.php\\\/juliusz-kaden-bandrowski-verdun-poste-n5\\\/#breadcrumb\"},\"inLanguage\":\"fr-FR\",\"potentialAction\":[{\"@type\":\"ReadAction\",\"target\":[\"https:\\\/\\\/pepiteslitteraires.fr\\\/index.php\\\/juliusz-kaden-bandrowski-verdun-poste-n5\\\/\"]}]},{\"@type\":\"ImageObject\",\"inLanguage\":\"fr-FR\",\"@id\":\"https:\\\/\\\/pepiteslitteraires.fr\\\/index.php\\\/juliusz-kaden-bandrowski-verdun-poste-n5\\\/#primaryimage\",\"url\":\"https:\\\/\\\/pepiteslitteraires.fr\\\/wp-content\\\/uploads\\\/elementor\\\/thumbs\\\/20240418_143643-qnmwygn1ld49fez4ygg6v0pzum52hmroglu87h8vg2.jpg\",\"contentUrl\":\"https:\\\/\\\/pepiteslitteraires.fr\\\/wp-content\\\/uploads\\\/elementor\\\/thumbs\\\/20240418_143643-qnmwygn1ld49fez4ygg6v0pzum52hmroglu87h8vg2.jpg\"},{\"@type\":\"BreadcrumbList\",\"@id\":\"https:\\\/\\\/pepiteslitteraires.fr\\\/index.php\\\/juliusz-kaden-bandrowski-verdun-poste-n5\\\/#breadcrumb\",\"itemListElement\":[{\"@type\":\"ListItem\",\"position\":1,\"name\":\"Accueil\",\"item\":\"https:\\\/\\\/pepiteslitteraires.fr\\\/\"},{\"@type\":\"ListItem\",\"position\":2,\"name\":\"Publication n\u00b01 &#8211; Juliusz Kaden-Bandrowski &#8211; Verdun, poste n\u00b05\"}]},{\"@type\":\"WebSite\",\"@id\":\"https:\\\/\\\/pepiteslitteraires.fr\\\/#website\",\"url\":\"https:\\\/\\\/pepiteslitteraires.fr\\\/\",\"name\":\"pepiteslitteraires.fr\",\"description\":\"\",\"publisher\":{\"@id\":\"https:\\\/\\\/pepiteslitteraires.fr\\\/#organization\"},\"potentialAction\":[{\"@type\":\"SearchAction\",\"target\":{\"@type\":\"EntryPoint\",\"urlTemplate\":\"https:\\\/\\\/pepiteslitteraires.fr\\\/?s={search_term_string}\"},\"query-input\":{\"@type\":\"PropertyValueSpecification\",\"valueRequired\":true,\"valueName\":\"search_term_string\"}}],\"inLanguage\":\"fr-FR\"},{\"@type\":\"Organization\",\"@id\":\"https:\\\/\\\/pepiteslitteraires.fr\\\/#organization\",\"name\":\"pepiteslitteraires.fr\",\"url\":\"https:\\\/\\\/pepiteslitteraires.fr\\\/\",\"logo\":{\"@type\":\"ImageObject\",\"inLanguage\":\"fr-FR\",\"@id\":\"https:\\\/\\\/pepiteslitteraires.fr\\\/#\\\/schema\\\/logo\\\/image\\\/\",\"url\":\"https:\\\/\\\/pepiteslitteraires.fr\\\/wp-content\\\/uploads\\\/2023\\\/10\\\/cropped-Pepites-litteraires-logo.jpg\",\"contentUrl\":\"https:\\\/\\\/pepiteslitteraires.fr\\\/wp-content\\\/uploads\\\/2023\\\/10\\\/cropped-Pepites-litteraires-logo.jpg\",\"width\":500,\"height\":202,\"caption\":\"pepiteslitteraires.fr\"},\"image\":{\"@id\":\"https:\\\/\\\/pepiteslitteraires.fr\\\/#\\\/schema\\\/logo\\\/image\\\/\"}}]}<\/script>\n<!-- \/ Yoast SEO plugin. -->","yoast_head_json":{"title":"Publication n\u00b01 - Juliusz Kaden-Bandrowski - Verdun, poste n\u00b05 - pepiteslitteraires.fr","robots":{"index":"index","follow":"follow","max-snippet":"max-snippet:-1","max-image-preview":"max-image-preview:large","max-video-preview":"max-video-preview:-1"},"canonical":"https:\/\/pepiteslitteraires.fr\/index.php\/juliusz-kaden-bandrowski-verdun-poste-n5\/","og_locale":"fr_FR","og_type":"article","og_title":"Publication n\u00b01 - Juliusz Kaden-Bandrowski - Verdun, poste n\u00b05 - pepiteslitteraires.fr","og_description":"Publication n\u00b01 &#8211; mars 2024 Edition \u00e9tablie par les \u00e9l\u00e8ves de la terminale HLP groupe 2 du lyc\u00e9e Pierre Mend\u00e8s France de Vitrolles &#8211; Ann\u00e9e 2023\/2024 Enseignant: Charles-Etienne Millon (litt\u00e9rature) Juliusz Kaden-Bandrowski &#8211; Verdun, poste n n\u00b05 Texte \u00e9tabli par la Biblioth\u00e8que russe et slave, avec le concours de Marc Swajcer\u00a0; d\u00e9pos\u00e9 sur le site Lire la suite","og_url":"https:\/\/pepiteslitteraires.fr\/index.php\/juliusz-kaden-bandrowski-verdun-poste-n5\/","og_site_name":"pepiteslitteraires.fr","article_modified_time":"2024-05-05T09:12:23+00:00","og_image":[{"url":"https:\/\/pepiteslitteraires.fr\/wp-content\/uploads\/elementor\/thumbs\/20240418_143643-qnmwygn1ld49fez4ygg6v0pzum52hmroglu87h8vg2.jpg","type":"","width":"","height":""}],"twitter_card":"summary_large_image","twitter_misc":{"Dur\u00e9e de lecture estim\u00e9e":"1 minute"},"schema":{"@context":"https:\/\/schema.org","@graph":[{"@type":"WebPage","@id":"https:\/\/pepiteslitteraires.fr\/index.php\/juliusz-kaden-bandrowski-verdun-poste-n5\/","url":"https:\/\/pepiteslitteraires.fr\/index.php\/juliusz-kaden-bandrowski-verdun-poste-n5\/","name":"Publication n\u00b01 - Juliusz Kaden-Bandrowski - Verdun, poste n\u00b05 - pepiteslitteraires.fr","isPartOf":{"@id":"https:\/\/pepiteslitteraires.fr\/#website"},"primaryImageOfPage":{"@id":"https:\/\/pepiteslitteraires.fr\/index.php\/juliusz-kaden-bandrowski-verdun-poste-n5\/#primaryimage"},"image":{"@id":"https:\/\/pepiteslitteraires.fr\/index.php\/juliusz-kaden-bandrowski-verdun-poste-n5\/#primaryimage"},"thumbnailUrl":"https:\/\/pepiteslitteraires.fr\/wp-content\/uploads\/elementor\/thumbs\/20240418_143643-qnmwygn1ld49fez4ygg6v0pzum52hmroglu87h8vg2.jpg","datePublished":"2024-03-17T07:48:04+00:00","dateModified":"2024-05-05T09:12:23+00:00","breadcrumb":{"@id":"https:\/\/pepiteslitteraires.fr\/index.php\/juliusz-kaden-bandrowski-verdun-poste-n5\/#breadcrumb"},"inLanguage":"fr-FR","potentialAction":[{"@type":"ReadAction","target":["https:\/\/pepiteslitteraires.fr\/index.php\/juliusz-kaden-bandrowski-verdun-poste-n5\/"]}]},{"@type":"ImageObject","inLanguage":"fr-FR","@id":"https:\/\/pepiteslitteraires.fr\/index.php\/juliusz-kaden-bandrowski-verdun-poste-n5\/#primaryimage","url":"https:\/\/pepiteslitteraires.fr\/wp-content\/uploads\/elementor\/thumbs\/20240418_143643-qnmwygn1ld49fez4ygg6v0pzum52hmroglu87h8vg2.jpg","contentUrl":"https:\/\/pepiteslitteraires.fr\/wp-content\/uploads\/elementor\/thumbs\/20240418_143643-qnmwygn1ld49fez4ygg6v0pzum52hmroglu87h8vg2.jpg"},{"@type":"BreadcrumbList","@id":"https:\/\/pepiteslitteraires.fr\/index.php\/juliusz-kaden-bandrowski-verdun-poste-n5\/#breadcrumb","itemListElement":[{"@type":"ListItem","position":1,"name":"Accueil","item":"https:\/\/pepiteslitteraires.fr\/"},{"@type":"ListItem","position":2,"name":"Publication n\u00b01 &#8211; Juliusz Kaden-Bandrowski &#8211; Verdun, poste n\u00b05"}]},{"@type":"WebSite","@id":"https:\/\/pepiteslitteraires.fr\/#website","url":"https:\/\/pepiteslitteraires.fr\/","name":"pepiteslitteraires.fr","description":"","publisher":{"@id":"https:\/\/pepiteslitteraires.fr\/#organization"},"potentialAction":[{"@type":"SearchAction","target":{"@type":"EntryPoint","urlTemplate":"https:\/\/pepiteslitteraires.fr\/?s={search_term_string}"},"query-input":{"@type":"PropertyValueSpecification","valueRequired":true,"valueName":"search_term_string"}}],"inLanguage":"fr-FR"},{"@type":"Organization","@id":"https:\/\/pepiteslitteraires.fr\/#organization","name":"pepiteslitteraires.fr","url":"https:\/\/pepiteslitteraires.fr\/","logo":{"@type":"ImageObject","inLanguage":"fr-FR","@id":"https:\/\/pepiteslitteraires.fr\/#\/schema\/logo\/image\/","url":"https:\/\/pepiteslitteraires.fr\/wp-content\/uploads\/2023\/10\/cropped-Pepites-litteraires-logo.jpg","contentUrl":"https:\/\/pepiteslitteraires.fr\/wp-content\/uploads\/2023\/10\/cropped-Pepites-litteraires-logo.jpg","width":500,"height":202,"caption":"pepiteslitteraires.fr"},"image":{"@id":"https:\/\/pepiteslitteraires.fr\/#\/schema\/logo\/image\/"}}]}},"_links":{"self":[{"href":"https:\/\/pepiteslitteraires.fr\/index.php\/wp-json\/wp\/v2\/pages\/1614","targetHints":{"allow":["GET"]}}],"collection":[{"href":"https:\/\/pepiteslitteraires.fr\/index.php\/wp-json\/wp\/v2\/pages"}],"about":[{"href":"https:\/\/pepiteslitteraires.fr\/index.php\/wp-json\/wp\/v2\/types\/page"}],"author":[{"embeddable":true,"href":"https:\/\/pepiteslitteraires.fr\/index.php\/wp-json\/wp\/v2\/users\/1"}],"replies":[{"embeddable":true,"href":"https:\/\/pepiteslitteraires.fr\/index.php\/wp-json\/wp\/v2\/comments?post=1614"}],"version-history":[{"count":95,"href":"https:\/\/pepiteslitteraires.fr\/index.php\/wp-json\/wp\/v2\/pages\/1614\/revisions"}],"predecessor-version":[{"id":1812,"href":"https:\/\/pepiteslitteraires.fr\/index.php\/wp-json\/wp\/v2\/pages\/1614\/revisions\/1812"}],"wp:attachment":[{"href":"https:\/\/pepiteslitteraires.fr\/index.php\/wp-json\/wp\/v2\/media?parent=1614"}],"curies":[{"name":"wp","href":"https:\/\/api.w.org\/{rel}","templated":true}]}}