{"id":32,"date":"2023-10-18T21:36:15","date_gmt":"2023-10-18T19:36:15","guid":{"rendered":"https:\/\/pepiteslitteraires.fr\/?page_id=32"},"modified":"2023-11-23T23:14:07","modified_gmt":"2023-11-23T22:14:07","slug":"a-propos","status":"publish","type":"page","link":"https:\/\/pepiteslitteraires.fr\/index.php\/a-propos\/","title":{"rendered":"A propos"},"content":{"rendered":"\t\t<div data-elementor-type=\"wp-page\" data-elementor-id=\"32\" class=\"elementor elementor-32\">\n\t\t\t\t<div class=\"elementor-element elementor-element-650264fd e-con-full e-flex e-con e-parent\" data-id=\"650264fd\" data-element_type=\"container\">\n\t\t\t\t<div class=\"elementor-element elementor-element-39615f elementor-widget__width-initial elementor-widget elementor-widget-text-editor\" data-id=\"39615f\" data-element_type=\"widget\" data-widget_type=\"text-editor.default\">\n\t\t\t\t<div class=\"elementor-widget-container\">\n\t\t\t\t\t\t\t\t\t<p>\u00a0\u00a0\u00a0\u00a0\u00a0\u00a0\u00a0\u00a0\u00a0\u00a0\u00a0\u00a0\u00a0 \u00a9 <a href=\"https:\/\/pepiteslitteraires.fr\/index.php\/illustrations\/\" target=\"_blank\" rel=\"noopener\">NicolasGuyot<\/a><\/p>\t\t\t\t\t\t\t\t<\/div>\n\t\t\t\t<\/div>\n\t\t\t\t<\/div>\n\t\t<div class=\"elementor-element elementor-element-52fef33 e-flex e-con-boxed e-con e-parent\" data-id=\"52fef33\" data-element_type=\"container\">\n\t\t\t\t\t<div class=\"e-con-inner\">\n\t\t\t\t<div class=\"elementor-element elementor-element-da5e415 elementor-widget elementor-widget-text-editor\" data-id=\"da5e415\" data-element_type=\"widget\" data-widget_type=\"text-editor.default\">\n\t\t\t\t<div class=\"elementor-widget-container\">\n\t\t\t\t\t\t\t\t\t<h2>Une invitation \u00e0 la lecture<\/h2><p>Le premier objectif de ce site est d\u2019<strong>inviter \u00e0 la lecture d\u2019\u0153uvres litt\u00e9raires<\/strong>. Comme nous l\u2019expliquons dans <a href=\"https:\/\/pepiteslitteraires.fr\/index.php\/2023\/10\/18\/les-nouvelles-litteraires-ou-comment-entrer-progressivement-dans-la-litterature\/\"><u>cet article<\/u><\/a>, les lecteurs modestes sont vite d\u00e9courag\u00e9s par le nombre de pages et se d\u00e9tournent de la litt\u00e9rature. Les formes br\u00e8ves offrent une entr\u00e9e en douceur dans la lecture sans sacrifier la qualit\u00e9 litt\u00e9raire. Pour le public scolaire, les nouvelles offrent aux enseignants la possibilit\u00e9 de lire avec r\u00e9gularit\u00e9 des \u0153uvres int\u00e9grales courtes (voir <span style=\"text-decoration: underline;\"><a href=\"https:\/\/pepiteslitteraires.fr\/index.php\/2023\/11\/02\/pourquoi-lire-des-nouvelles-litteraires-en-specialite-hlp\/\">article sur la sp\u00e9cialit\u00e9 HLP<\/a><\/span>).<\/p><h2>Editer des nouvelles litt\u00e9raires libres<\/h2><p>\u00ab\u00a0P\u00e9pites litt\u00e9raires\u00a0\u00bb a pour ambition de promouvoir et de diffuser des nouvelles litt\u00e9raires libres de droits au format num\u00e9rique.<\/p><p>Nous ne souhaitons pas proposer au t\u00e9l\u00e9chargement des \u0153uvres int\u00e9grales, d\u2019autres sites le font tr\u00e8s bien. Nous publions au format num\u00e9rique un petit nombre de nouvelles que nous jugeons de qualit\u00e9 et qui pourraient int\u00e9resser les lecteurs suivant leur profil et\/ou leurs centres d\u2019int\u00e9r\u00eat.<\/p><h2>La forme br\u00e8ve: une mine peu exploit\u00e9e<\/h2><p>Demandez \u00e0 des lecteurs de vous nommer des nouvelles litt\u00e9raires qu\u2019ils ont lues, ils vous citeront peut-\u00eatre quelques titres qu\u2019on \u00e9tudie traditionnellement au coll\u00e8ge pour aborder le r\u00e9alisme ou le fantastique, gu\u00e8re plus.<\/p><p>En cherchant un peu, on trouve une mine litt\u00e9raire peu explor\u00e9e. La plupart des grands romanciers se sont essay\u00e9s au genre de la nouvelle, elles \u00e9taient souvent publi\u00e9es dans des revues. M\u00eame en limitant notre recherche aux auteurs libres de droits, nous avons pu s\u00e9lectionner des \u0153uvres riches et vari\u00e9es que nous vous offrons ici en acc\u00e8s libre.<\/p><p>Bonne lecture\u00a0!<\/p>\t\t\t\t\t\t\t\t<\/div>\n\t\t\t\t<\/div>\n\t\t\t\t\t<\/div>\n\t\t\t\t<\/div>\n\t\t\t\t<\/div>\n\t\t","protected":false},"excerpt":{"rendered":"<p>\u00a0\u00a0\u00a0\u00a0\u00a0\u00a0\u00a0\u00a0\u00a0\u00a0\u00a0\u00a0\u00a0 \u00a9 NicolasGuyot Une invitation \u00e0 la lecture Le premier objectif de ce site est d\u2019inviter \u00e0 la lecture d\u2019\u0153uvres litt\u00e9raires. Comme nous l\u2019expliquons dans cet article, les lecteurs modestes sont vite d\u00e9courag\u00e9s par le nombre de pages et se d\u00e9tournent de la litt\u00e9rature. Les formes br\u00e8ves offrent une entr\u00e9e en douceur dans la lecture <a class=\"read-more\" href=\"https:\/\/pepiteslitteraires.fr\/index.php\/a-propos\/\">Lire la suite<\/a><\/p>\n","protected":false},"author":1,"featured_media":0,"parent":0,"menu_order":0,"comment_status":"closed","ping_status":"closed","template":"","meta":{"footnotes":""},"class_list":["post-32","page","type-page","status-publish","hentry","entry"],"yoast_head":"<!-- This site is optimized with the Yoast SEO plugin v27.6 - https:\/\/yoast.com\/product\/yoast-seo-wordpress\/ -->\n<title>A propos - pepiteslitteraires.fr<\/title>\n<meta name=\"robots\" content=\"index, follow, max-snippet:-1, max-image-preview:large, max-video-preview:-1\" \/>\n<link rel=\"canonical\" href=\"https:\/\/pepiteslitteraires.fr\/index.php\/a-propos\/\" \/>\n<meta property=\"og:locale\" content=\"fr_FR\" \/>\n<meta property=\"og:type\" content=\"article\" \/>\n<meta property=\"og:title\" content=\"A propos - pepiteslitteraires.fr\" \/>\n<meta property=\"og:description\" content=\"\u00a0\u00a0\u00a0\u00a0\u00a0\u00a0\u00a0\u00a0\u00a0\u00a0\u00a0\u00a0\u00a0 \u00a9 NicolasGuyot Une invitation \u00e0 la lecture Le premier objectif de ce site est d\u2019inviter \u00e0 la lecture d\u2019\u0153uvres litt\u00e9raires. Comme nous l\u2019expliquons dans cet article, les lecteurs modestes sont vite d\u00e9courag\u00e9s par le nombre de pages et se d\u00e9tournent de la litt\u00e9rature. Les formes br\u00e8ves offrent une entr\u00e9e en douceur dans la lecture Lire la suite\" \/>\n<meta property=\"og:url\" content=\"https:\/\/pepiteslitteraires.fr\/index.php\/a-propos\/\" \/>\n<meta property=\"og:site_name\" content=\"pepiteslitteraires.fr\" \/>\n<meta property=\"article:modified_time\" content=\"2023-11-23T22:14:07+00:00\" \/>\n<meta name=\"twitter:card\" content=\"summary_large_image\" \/>\n<meta name=\"twitter:label1\" content=\"Dur\u00e9e de lecture estim\u00e9e\" \/>\n\t<meta name=\"twitter:data1\" content=\"2 minutes\" \/>\n<script type=\"application\/ld+json\" class=\"yoast-schema-graph\">{\"@context\":\"https:\\\/\\\/schema.org\",\"@graph\":[{\"@type\":\"WebPage\",\"@id\":\"https:\\\/\\\/pepiteslitteraires.fr\\\/index.php\\\/a-propos\\\/\",\"url\":\"https:\\\/\\\/pepiteslitteraires.fr\\\/index.php\\\/a-propos\\\/\",\"name\":\"A propos - pepiteslitteraires.fr\",\"isPartOf\":{\"@id\":\"https:\\\/\\\/pepiteslitteraires.fr\\\/#website\"},\"datePublished\":\"2023-10-18T19:36:15+00:00\",\"dateModified\":\"2023-11-23T22:14:07+00:00\",\"breadcrumb\":{\"@id\":\"https:\\\/\\\/pepiteslitteraires.fr\\\/index.php\\\/a-propos\\\/#breadcrumb\"},\"inLanguage\":\"fr-FR\",\"potentialAction\":[{\"@type\":\"ReadAction\",\"target\":[\"https:\\\/\\\/pepiteslitteraires.fr\\\/index.php\\\/a-propos\\\/\"]}]},{\"@type\":\"BreadcrumbList\",\"@id\":\"https:\\\/\\\/pepiteslitteraires.fr\\\/index.php\\\/a-propos\\\/#breadcrumb\",\"itemListElement\":[{\"@type\":\"ListItem\",\"position\":1,\"name\":\"Accueil\",\"item\":\"https:\\\/\\\/pepiteslitteraires.fr\\\/\"},{\"@type\":\"ListItem\",\"position\":2,\"name\":\"A propos\"}]},{\"@type\":\"WebSite\",\"@id\":\"https:\\\/\\\/pepiteslitteraires.fr\\\/#website\",\"url\":\"https:\\\/\\\/pepiteslitteraires.fr\\\/\",\"name\":\"pepiteslitteraires.fr\",\"description\":\"\",\"publisher\":{\"@id\":\"https:\\\/\\\/pepiteslitteraires.fr\\\/#organization\"},\"potentialAction\":[{\"@type\":\"SearchAction\",\"target\":{\"@type\":\"EntryPoint\",\"urlTemplate\":\"https:\\\/\\\/pepiteslitteraires.fr\\\/?s={search_term_string}\"},\"query-input\":{\"@type\":\"PropertyValueSpecification\",\"valueRequired\":true,\"valueName\":\"search_term_string\"}}],\"inLanguage\":\"fr-FR\"},{\"@type\":\"Organization\",\"@id\":\"https:\\\/\\\/pepiteslitteraires.fr\\\/#organization\",\"name\":\"pepiteslitteraires.fr\",\"url\":\"https:\\\/\\\/pepiteslitteraires.fr\\\/\",\"logo\":{\"@type\":\"ImageObject\",\"inLanguage\":\"fr-FR\",\"@id\":\"https:\\\/\\\/pepiteslitteraires.fr\\\/#\\\/schema\\\/logo\\\/image\\\/\",\"url\":\"https:\\\/\\\/pepiteslitteraires.fr\\\/wp-content\\\/uploads\\\/2023\\\/10\\\/cropped-Pepites-litteraires-logo.jpg\",\"contentUrl\":\"https:\\\/\\\/pepiteslitteraires.fr\\\/wp-content\\\/uploads\\\/2023\\\/10\\\/cropped-Pepites-litteraires-logo.jpg\",\"width\":500,\"height\":202,\"caption\":\"pepiteslitteraires.fr\"},\"image\":{\"@id\":\"https:\\\/\\\/pepiteslitteraires.fr\\\/#\\\/schema\\\/logo\\\/image\\\/\"}}]}<\/script>\n<!-- \/ Yoast SEO plugin. -->","yoast_head_json":{"title":"A propos - pepiteslitteraires.fr","robots":{"index":"index","follow":"follow","max-snippet":"max-snippet:-1","max-image-preview":"max-image-preview:large","max-video-preview":"max-video-preview:-1"},"canonical":"https:\/\/pepiteslitteraires.fr\/index.php\/a-propos\/","og_locale":"fr_FR","og_type":"article","og_title":"A propos - pepiteslitteraires.fr","og_description":"\u00a0\u00a0\u00a0\u00a0\u00a0\u00a0\u00a0\u00a0\u00a0\u00a0\u00a0\u00a0\u00a0 \u00a9 NicolasGuyot Une invitation \u00e0 la lecture Le premier objectif de ce site est d\u2019inviter \u00e0 la lecture d\u2019\u0153uvres litt\u00e9raires. Comme nous l\u2019expliquons dans cet article, les lecteurs modestes sont vite d\u00e9courag\u00e9s par le nombre de pages et se d\u00e9tournent de la litt\u00e9rature. Les formes br\u00e8ves offrent une entr\u00e9e en douceur dans la lecture Lire la suite","og_url":"https:\/\/pepiteslitteraires.fr\/index.php\/a-propos\/","og_site_name":"pepiteslitteraires.fr","article_modified_time":"2023-11-23T22:14:07+00:00","twitter_card":"summary_large_image","twitter_misc":{"Dur\u00e9e de lecture estim\u00e9e":"2 minutes"},"schema":{"@context":"https:\/\/schema.org","@graph":[{"@type":"WebPage","@id":"https:\/\/pepiteslitteraires.fr\/index.php\/a-propos\/","url":"https:\/\/pepiteslitteraires.fr\/index.php\/a-propos\/","name":"A propos - pepiteslitteraires.fr","isPartOf":{"@id":"https:\/\/pepiteslitteraires.fr\/#website"},"datePublished":"2023-10-18T19:36:15+00:00","dateModified":"2023-11-23T22:14:07+00:00","breadcrumb":{"@id":"https:\/\/pepiteslitteraires.fr\/index.php\/a-propos\/#breadcrumb"},"inLanguage":"fr-FR","potentialAction":[{"@type":"ReadAction","target":["https:\/\/pepiteslitteraires.fr\/index.php\/a-propos\/"]}]},{"@type":"BreadcrumbList","@id":"https:\/\/pepiteslitteraires.fr\/index.php\/a-propos\/#breadcrumb","itemListElement":[{"@type":"ListItem","position":1,"name":"Accueil","item":"https:\/\/pepiteslitteraires.fr\/"},{"@type":"ListItem","position":2,"name":"A propos"}]},{"@type":"WebSite","@id":"https:\/\/pepiteslitteraires.fr\/#website","url":"https:\/\/pepiteslitteraires.fr\/","name":"pepiteslitteraires.fr","description":"","publisher":{"@id":"https:\/\/pepiteslitteraires.fr\/#organization"},"potentialAction":[{"@type":"SearchAction","target":{"@type":"EntryPoint","urlTemplate":"https:\/\/pepiteslitteraires.fr\/?s={search_term_string}"},"query-input":{"@type":"PropertyValueSpecification","valueRequired":true,"valueName":"search_term_string"}}],"inLanguage":"fr-FR"},{"@type":"Organization","@id":"https:\/\/pepiteslitteraires.fr\/#organization","name":"pepiteslitteraires.fr","url":"https:\/\/pepiteslitteraires.fr\/","logo":{"@type":"ImageObject","inLanguage":"fr-FR","@id":"https:\/\/pepiteslitteraires.fr\/#\/schema\/logo\/image\/","url":"https:\/\/pepiteslitteraires.fr\/wp-content\/uploads\/2023\/10\/cropped-Pepites-litteraires-logo.jpg","contentUrl":"https:\/\/pepiteslitteraires.fr\/wp-content\/uploads\/2023\/10\/cropped-Pepites-litteraires-logo.jpg","width":500,"height":202,"caption":"pepiteslitteraires.fr"},"image":{"@id":"https:\/\/pepiteslitteraires.fr\/#\/schema\/logo\/image\/"}}]}},"_links":{"self":[{"href":"https:\/\/pepiteslitteraires.fr\/index.php\/wp-json\/wp\/v2\/pages\/32","targetHints":{"allow":["GET"]}}],"collection":[{"href":"https:\/\/pepiteslitteraires.fr\/index.php\/wp-json\/wp\/v2\/pages"}],"about":[{"href":"https:\/\/pepiteslitteraires.fr\/index.php\/wp-json\/wp\/v2\/types\/page"}],"author":[{"embeddable":true,"href":"https:\/\/pepiteslitteraires.fr\/index.php\/wp-json\/wp\/v2\/users\/1"}],"replies":[{"embeddable":true,"href":"https:\/\/pepiteslitteraires.fr\/index.php\/wp-json\/wp\/v2\/comments?post=32"}],"version-history":[{"count":21,"href":"https:\/\/pepiteslitteraires.fr\/index.php\/wp-json\/wp\/v2\/pages\/32\/revisions"}],"predecessor-version":[{"id":2522,"href":"https:\/\/pepiteslitteraires.fr\/index.php\/wp-json\/wp\/v2\/pages\/32\/revisions\/2522"}],"wp:attachment":[{"href":"https:\/\/pepiteslitteraires.fr\/index.php\/wp-json\/wp\/v2\/media?parent=32"}],"curies":[{"name":"wp","href":"https:\/\/api.w.org\/{rel}","templated":true}]}}