{"id":6,"date":"2023-10-18T16:43:13","date_gmt":"2023-10-18T14:43:13","guid":{"rendered":"https:\/\/pepiteslitteraires.fr\/?page_id=6"},"modified":"2025-08-15T20:20:45","modified_gmt":"2025-08-15T18:20:45","slug":"accueil","status":"publish","type":"page","link":"https:\/\/pepiteslitteraires.fr\/","title":{"rendered":"Accueil"},"content":{"rendered":"\t\t<div data-elementor-type=\"wp-page\" data-elementor-id=\"6\" class=\"elementor elementor-6\">\n\t\t\t\t<div class=\"elementor-element elementor-element-7c300d7 e-con-full e-flex e-con e-parent\" data-id=\"7c300d7\" data-element_type=\"container\">\n\t\t\t\t<div class=\"elementor-element elementor-element-e44fe51 elementor-widget__width-initial elementor-widget elementor-widget-text-editor\" data-id=\"e44fe51\" data-element_type=\"widget\" data-widget_type=\"text-editor.default\">\n\t\t\t\t<div class=\"elementor-widget-container\">\n\t\t\t\t\t\t\t\t\t<p>\u00a0\u00a0\u00a0\u00a0\u00a0\u00a0\u00a0\u00a0\u00a0\u00a0\u00a0\u00a0\u00a0 \u00a9 <a href=\"https:\/\/pepiteslitteraires.fr\/index.php\/illustrations\/\" target=\"_blank\" rel=\"noopener\">NicolasGuyot<\/a><\/p>\t\t\t\t\t\t\t\t<\/div>\n\t\t\t\t<\/div>\n\t\t\t\t<\/div>\n\t\t<div class=\"elementor-element elementor-element-e40ff44 e-flex e-con-boxed e-con e-parent\" data-id=\"e40ff44\" data-element_type=\"container\">\n\t\t\t\t\t<div class=\"e-con-inner\">\n\t\t\t\t<div class=\"elementor-element elementor-element-a536c14 elementor-widget elementor-widget-heading\" data-id=\"a536c14\" data-element_type=\"widget\" data-widget_type=\"heading.default\">\n\t\t\t\t<div class=\"elementor-widget-container\">\n\t\t\t\t\t<h1 class=\"elementor-heading-title elementor-size-default\">P\u00e9pites litt\u00e9raires<\/h1>\t\t\t\t<\/div>\n\t\t\t\t<\/div>\n\t\t\t\t<div class=\"elementor-element elementor-element-cad010f elementor-widget elementor-widget-heading\" data-id=\"cad010f\" data-element_type=\"widget\" data-widget_type=\"heading.default\">\n\t\t\t\t<div class=\"elementor-widget-container\">\n\t\t\t\t\t<h1 class=\"elementor-heading-title elementor-size-default\">Biblioth\u00e8que en ligne  de textes et nouvelles litt\u00e9raires \u00e0 t\u00e9l\u00e9charger librement\n<\/h1>\t\t\t\t<\/div>\n\t\t\t\t<\/div>\n\t\t\t\t<div class=\"elementor-element elementor-element-ffacbab elementor-widget elementor-widget-heading\" data-id=\"ffacbab\" data-element_type=\"widget\" data-widget_type=\"heading.default\">\n\t\t\t\t<div class=\"elementor-widget-container\">\n\t\t\t\t\t<h2 class=\"elementor-heading-title elementor-size-default\">Le site p\u00e9pites litt\u00e9raires propose aux lecteurs curieux, \u00e0 ceux qui sont effray\u00e9s par les pav\u00e9s, aux \u00e9l\u00e8ves de la sp\u00e9cialit\u00e9 HLP, aux enseignants en qu\u00eate de lectures \u00e0 proposer...\nune s\u00e9lection de nouvelles libres de droits au format num\u00e9rique.<\/h2>\t\t\t\t<\/div>\n\t\t\t\t<\/div>\n\t\t\t\t<div class=\"elementor-element elementor-element-f7aaf27 elementor-widget-divider--view-line elementor-widget elementor-widget-divider\" data-id=\"f7aaf27\" data-element_type=\"widget\" data-widget_type=\"divider.default\">\n\t\t\t\t<div class=\"elementor-widget-container\">\n\t\t\t\t\t\t\t<div class=\"elementor-divider\">\n\t\t\t<span class=\"elementor-divider-separator\">\n\t\t\t\t\t\t<\/span>\n\t\t<\/div>\n\t\t\t\t\t\t<\/div>\n\t\t\t\t<\/div>\n\t\t\t\t\t<\/div>\n\t\t\t\t<\/div>\n\t\t<div class=\"elementor-element elementor-element-ebb392c e-flex e-con-boxed e-con e-parent\" data-id=\"ebb392c\" data-element_type=\"container\">\n\t\t\t\t\t<div class=\"e-con-inner\">\n\t\t\t\t<div class=\"elementor-element elementor-element-7f81ad0 elementor-widget elementor-widget-heading\" data-id=\"7f81ad0\" data-element_type=\"widget\" data-widget_type=\"heading.default\">\n\t\t\t\t<div class=\"elementor-widget-container\">\n\t\t\t\t\t<h2 class=\"elementor-heading-title elementor-size-medium\">Derni\u00e8res publications<\/h2>\t\t\t\t<\/div>\n\t\t\t\t<\/div>\n\t\t\t\t\t<\/div>\n\t\t\t\t<\/div>\n\t\t<div class=\"elementor-element elementor-element-410bb48 e-con-full e-flex e-con e-parent\" data-id=\"410bb48\" data-element_type=\"container\">\n\t\t\t\t<div class=\"elementor-element elementor-element-0415f5b elementor-widget__width-initial elementor-widget elementor-widget-wp-widget-rcno-reviews-recent-reviews\" data-id=\"0415f5b\" data-element_type=\"widget\" data-settings=\"{&quot;_animation&quot;:&quot;none&quot;}\" data-widget_type=\"wp-widget-rcno-reviews-recent-reviews.default\">\n\t\t\t\t<div class=\"elementor-widget-container\">\n\t\t\t\t\t<h5><\/h5><div class=\"rcno-recent-review\"><div class=\"widget-book-cover\"><a href=\"https:\/\/pepiteslitteraires.fr\/index.php\/publication\/lhomme-a-letui\/\"><img fetchpriority=\"high\" decoding=\"async\" width=\"380\" height=\"500\"  src=\"https:\/\/pepiteslitteraires.fr\/wp-content\/uploads\/2025\/02\/Lhomme-a-letui-380x500.jpg\" title=\"L&#039;homme \u00e0 l&#039;\u00e9tui\" alt=\"L&#039;homme \u00e0 l&#039;\u00e9tui\" class=\"rcno-book-cover rcno-book-cover-lg\" data-rcno-attachment-id=\"2510\"><\/a><\/div><div class=\"widget-book-details\"><a href=\"https:\/\/pepiteslitteraires.fr\/index.php\/publication\/lhomme-a-letui\/\"><h3>L'homme \u00e0 l'\u00e9tui<\/h3><\/a><p><\/p><div class=\"clear\"><\/div><\/div><\/div><div class=\"rcno-recent-review\"><div class=\"widget-book-cover\"><a href=\"https:\/\/pepiteslitteraires.fr\/index.php\/publication\/liliade-ou-le-poeme-de-la-force\/\"><img decoding=\"async\" width=\"380\" height=\"500\"  src=\"https:\/\/pepiteslitteraires.fr\/wp-content\/uploads\/2025\/02\/Simon-eWeil-380x500.jpg\" title=\"L&#039;Iliade ou le po\u00e8me de la force\" alt=\"L&#039;Iliade ou le po\u00e8me de la force\" class=\"rcno-book-cover rcno-book-cover-lg\" data-rcno-attachment-id=\"2497\"><\/a><\/div><div class=\"widget-book-details\"><a href=\"https:\/\/pepiteslitteraires.fr\/index.php\/publication\/liliade-ou-le-poeme-de-la-force\/\"><h3>L'Iliade ou le po\u00e8me de la force<\/h3><\/a><p><\/p><div class=\"clear\"><\/div><\/div><\/div><div class=\"rcno-recent-review\"><div class=\"widget-book-cover\"><a href=\"https:\/\/pepiteslitteraires.fr\/index.php\/publication\/le-retour-de-lenfant-prodigue\/\"><img decoding=\"async\" width=\"380\" height=\"500\"  src=\"https:\/\/pepiteslitteraires.fr\/wp-content\/uploads\/2024\/08\/Gide-Le-Retour-de-lenfant-prodigue-380x500.jpg\" title=\"Le Retour de l&#039;enfant prodigue\" alt=\"Le Retour de l&#039;enfant prodigue\" class=\"rcno-book-cover rcno-book-cover-lg\" data-rcno-attachment-id=\"1833\"><\/a><\/div><div class=\"widget-book-details\"><a href=\"https:\/\/pepiteslitteraires.fr\/index.php\/publication\/le-retour-de-lenfant-prodigue\/\"><h3>Le Retour de l'enfant prodigue<\/h3><\/a><p><\/p><div class=\"clear\"><\/div><\/div><\/div><div class=\"rcno-recent-review\"><div class=\"widget-book-cover\"><a href=\"https:\/\/pepiteslitteraires.fr\/index.php\/publication\/leducation-journal-le-cri-du-peuple\/\"><img loading=\"lazy\" decoding=\"async\" width=\"380\" height=\"500\"  src=\"https:\/\/pepiteslitteraires.fr\/wp-content\/uploads\/2024\/08\/Valles-leducationElse-380x500.jpg\" title=\"L&#039;\u00e9ducation - article du &quot;Cri du peuple&quot;\" alt=\"L&#039;\u00e9ducation - article du &quot;Cri du peuple&quot;\" class=\"rcno-book-cover rcno-book-cover-lg\" data-rcno-attachment-id=\"1827\"><\/a><\/div><div class=\"widget-book-details\"><a href=\"https:\/\/pepiteslitteraires.fr\/index.php\/publication\/leducation-journal-le-cri-du-peuple\/\"><h3>L'\u00e9ducation - Journal \"Le Cri du peuple\"<\/h3><\/a><p><\/p><div class=\"clear\"><\/div><\/div><\/div><div class=\"rcno-recent-review\"><div class=\"widget-book-cover\"><a href=\"https:\/\/pepiteslitteraires.fr\/index.php\/publication\/le-reve-dune-heure\/\"><img loading=\"lazy\" decoding=\"async\" width=\"380\" height=\"500\"  src=\"https:\/\/pepiteslitteraires.fr\/wp-content\/uploads\/2024\/08\/Chopin-Le-reve-dune-heure-380x500.jpg\" title=\"Le r\u00eave d&#039;une heure\" alt=\"Le r\u00eave d&#039;une heure\" class=\"rcno-book-cover rcno-book-cover-lg\" data-rcno-attachment-id=\"1819\"><\/a><\/div><div class=\"widget-book-details\"><a href=\"https:\/\/pepiteslitteraires.fr\/index.php\/publication\/le-reve-dune-heure\/\"><h3>Le r\u00eave d'une heure<\/h3><\/a><p><\/p><div class=\"clear\"><\/div><\/div><\/div>\t\t\t\t<\/div>\n\t\t\t\t<\/div>\n\t\t<div class=\"elementor-element elementor-element-dd90547 e-flex e-con-boxed e-con e-child\" data-id=\"dd90547\" data-element_type=\"container\">\n\t\t\t\t\t<div class=\"e-con-inner\">\n\t\t\t\t\t<\/div>\n\t\t\t\t<\/div>\n\t\t\t\t<\/div>\n\t\t<div class=\"elementor-element elementor-element-eaa7597 e-flex e-con-boxed e-con e-parent\" data-id=\"eaa7597\" data-element_type=\"container\">\n\t\t\t\t\t<div class=\"e-con-inner\">\n\t\t\t\t<div class=\"elementor-element elementor-element-0b41086 elementor-widget elementor-widget-wp-widget-recent-posts\" data-id=\"0b41086\" data-element_type=\"widget\" data-widget_type=\"wp-widget-recent-posts.default\">\n\t\t\t\t<div class=\"elementor-widget-container\">\n\t\t\t\t\t\n\t\t\n\t\t<h5>Articles r\u00e9cents<\/h5>\n\t\t<ul>\n\t\t\t\t\t\t\t\t\t\t\t<li>\n\t\t\t\t\t<a href=\"https:\/\/pepiteslitteraires.fr\/index.php\/2023\/11\/02\/pourquoi-lire-des-nouvelles-litteraires-en-specialite-hlp\/\">Pourquoi lire des nouvelles litt\u00e9raires en sp\u00e9cialit\u00e9 HLP ?<\/a>\n\t\t\t\t\t\t\t\t\t\t\t<span class=\"post-date\">2 novembre 2023<\/span>\n\t\t\t\t\t\t\t\t\t<\/li>\n\t\t\t\t\t\t\t\t\t\t\t<li>\n\t\t\t\t\t<a href=\"https:\/\/pepiteslitteraires.fr\/index.php\/2023\/10\/18\/les-nouvelles-litteraires-ou-comment-entrer-progressivement-dans-la-litterature\/\">Les nouvelles litt\u00e9raires\u00a0ou comment entrer progressivement dans la litt\u00e9rature<\/a>\n\t\t\t\t\t\t\t\t\t\t\t<span class=\"post-date\">18 octobre 2023<\/span>\n\t\t\t\t\t\t\t\t\t<\/li>\n\t\t\t\t\t<\/ul>\n\n\t\t\t\t\t\t<\/div>\n\t\t\t\t<\/div>\n\t\t\t\t\t<\/div>\n\t\t\t\t<\/div>\n\t\t<div class=\"elementor-element elementor-element-b06855e e-flex e-con-boxed e-con e-parent\" data-id=\"b06855e\" data-element_type=\"container\">\n\t\t\t\t\t<div class=\"e-con-inner\">\n\t\t\t\t\t<\/div>\n\t\t\t\t<\/div>\n\t\t\t\t<\/div>\n\t\t","protected":false},"excerpt":{"rendered":"<p>\u00a0\u00a0\u00a0\u00a0\u00a0\u00a0\u00a0\u00a0\u00a0\u00a0\u00a0\u00a0\u00a0 \u00a9 NicolasGuyot P\u00e9pites litt\u00e9raires Biblioth\u00e8que en ligne de textes et nouvelles litt\u00e9raires \u00e0 t\u00e9l\u00e9charger librement Le site p\u00e9pites litt\u00e9raires propose aux lecteurs curieux, \u00e0 ceux qui sont effray\u00e9s par les pav\u00e9s, aux \u00e9l\u00e8ves de la sp\u00e9cialit\u00e9 HLP, aux enseignants en qu\u00eate de lectures \u00e0 proposer&#8230; une s\u00e9lection de nouvelles libres de droits au format <a class=\"read-more\" href=\"https:\/\/pepiteslitteraires.fr\/\">Lire la suite<\/a><\/p>\n","protected":false},"author":1,"featured_media":0,"parent":0,"menu_order":0,"comment_status":"closed","ping_status":"closed","template":"","meta":{"footnotes":""},"class_list":["post-6","page","type-page","status-publish","hentry","entry"],"yoast_head":"<!-- This site is optimized with the Yoast SEO plugin v27.6 - https:\/\/yoast.com\/product\/yoast-seo-wordpress\/ -->\n<title>Accueil - pepiteslitteraires.fr<\/title>\n<meta name=\"description\" content=\"Une s\u00e9lection de nouvelles litt\u00e9raires libres de droits au format num\u00e9rique pour accompagner les programmes scolaires. Charles-Etienne Millon (fondateur du site et professeur agr\u00e9g\u00e9 de lettres modernes)\" \/>\n<meta name=\"robots\" content=\"index, follow, max-snippet:-1, max-image-preview:large, max-video-preview:-1\" \/>\n<link rel=\"canonical\" href=\"https:\/\/pepiteslitteraires.fr\/\" \/>\n<meta property=\"og:locale\" content=\"fr_FR\" \/>\n<meta property=\"og:type\" content=\"article\" \/>\n<meta property=\"og:title\" content=\"Accueil - pepiteslitteraires.fr\" \/>\n<meta property=\"og:description\" content=\"Une s\u00e9lection de nouvelles litt\u00e9raires libres de droits au format num\u00e9rique pour accompagner les programmes scolaires. Charles-Etienne Millon (fondateur du site et professeur agr\u00e9g\u00e9 de lettres modernes)\" \/>\n<meta property=\"og:url\" content=\"https:\/\/pepiteslitteraires.fr\/\" \/>\n<meta property=\"og:site_name\" content=\"pepiteslitteraires.fr\" \/>\n<meta property=\"article:modified_time\" content=\"2025-08-15T18:20:45+00:00\" \/>\n<meta name=\"twitter:card\" content=\"summary_large_image\" \/>\n<meta name=\"twitter:label1\" content=\"Dur\u00e9e de lecture estim\u00e9e\" \/>\n\t<meta name=\"twitter:data1\" content=\"2 minutes\" \/>\n<script type=\"application\/ld+json\" class=\"yoast-schema-graph\">{\"@context\":\"https:\\\/\\\/schema.org\",\"@graph\":[{\"@type\":\"WebPage\",\"@id\":\"https:\\\/\\\/pepiteslitteraires.fr\\\/\",\"url\":\"https:\\\/\\\/pepiteslitteraires.fr\\\/\",\"name\":\"Accueil - pepiteslitteraires.fr\",\"isPartOf\":{\"@id\":\"https:\\\/\\\/pepiteslitteraires.fr\\\/#website\"},\"datePublished\":\"2023-10-18T14:43:13+00:00\",\"dateModified\":\"2025-08-15T18:20:45+00:00\",\"description\":\"Une s\u00e9lection de nouvelles litt\u00e9raires libres de droits au format num\u00e9rique pour accompagner les programmes scolaires. Charles-Etienne Millon (fondateur du site et professeur agr\u00e9g\u00e9 de lettres modernes)\",\"breadcrumb\":{\"@id\":\"https:\\\/\\\/pepiteslitteraires.fr\\\/#breadcrumb\"},\"inLanguage\":\"fr-FR\",\"potentialAction\":[{\"@type\":\"ReadAction\",\"target\":[\"https:\\\/\\\/pepiteslitteraires.fr\\\/\"]}]},{\"@type\":\"BreadcrumbList\",\"@id\":\"https:\\\/\\\/pepiteslitteraires.fr\\\/#breadcrumb\",\"itemListElement\":[{\"@type\":\"ListItem\",\"position\":1,\"name\":\"Accueil\",\"item\":\"https:\\\/\\\/pepiteslitteraires.fr\\\/\"},{\"@type\":\"ListItem\",\"position\":2,\"name\":\"Accueil\"}]},{\"@type\":\"WebSite\",\"@id\":\"https:\\\/\\\/pepiteslitteraires.fr\\\/#website\",\"url\":\"https:\\\/\\\/pepiteslitteraires.fr\\\/\",\"name\":\"pepiteslitteraires.fr\",\"description\":\"\",\"publisher\":{\"@id\":\"https:\\\/\\\/pepiteslitteraires.fr\\\/#organization\"},\"potentialAction\":[{\"@type\":\"SearchAction\",\"target\":{\"@type\":\"EntryPoint\",\"urlTemplate\":\"https:\\\/\\\/pepiteslitteraires.fr\\\/?s={search_term_string}\"},\"query-input\":{\"@type\":\"PropertyValueSpecification\",\"valueRequired\":true,\"valueName\":\"search_term_string\"}}],\"inLanguage\":\"fr-FR\"},{\"@type\":\"Organization\",\"@id\":\"https:\\\/\\\/pepiteslitteraires.fr\\\/#organization\",\"name\":\"pepiteslitteraires.fr\",\"url\":\"https:\\\/\\\/pepiteslitteraires.fr\\\/\",\"logo\":{\"@type\":\"ImageObject\",\"inLanguage\":\"fr-FR\",\"@id\":\"https:\\\/\\\/pepiteslitteraires.fr\\\/#\\\/schema\\\/logo\\\/image\\\/\",\"url\":\"https:\\\/\\\/pepiteslitteraires.fr\\\/wp-content\\\/uploads\\\/2023\\\/10\\\/cropped-Pepites-litteraires-logo.jpg\",\"contentUrl\":\"https:\\\/\\\/pepiteslitteraires.fr\\\/wp-content\\\/uploads\\\/2023\\\/10\\\/cropped-Pepites-litteraires-logo.jpg\",\"width\":500,\"height\":202,\"caption\":\"pepiteslitteraires.fr\"},\"image\":{\"@id\":\"https:\\\/\\\/pepiteslitteraires.fr\\\/#\\\/schema\\\/logo\\\/image\\\/\"}}]}<\/script>\n<!-- \/ Yoast SEO plugin. -->","yoast_head_json":{"title":"Accueil - pepiteslitteraires.fr","description":"Une s\u00e9lection de nouvelles litt\u00e9raires libres de droits au format num\u00e9rique pour accompagner les programmes scolaires. Charles-Etienne Millon (fondateur du site et professeur agr\u00e9g\u00e9 de lettres modernes)","robots":{"index":"index","follow":"follow","max-snippet":"max-snippet:-1","max-image-preview":"max-image-preview:large","max-video-preview":"max-video-preview:-1"},"canonical":"https:\/\/pepiteslitteraires.fr\/","og_locale":"fr_FR","og_type":"article","og_title":"Accueil - pepiteslitteraires.fr","og_description":"Une s\u00e9lection de nouvelles litt\u00e9raires libres de droits au format num\u00e9rique pour accompagner les programmes scolaires. Charles-Etienne Millon (fondateur du site et professeur agr\u00e9g\u00e9 de lettres modernes)","og_url":"https:\/\/pepiteslitteraires.fr\/","og_site_name":"pepiteslitteraires.fr","article_modified_time":"2025-08-15T18:20:45+00:00","twitter_card":"summary_large_image","twitter_misc":{"Dur\u00e9e de lecture estim\u00e9e":"2 minutes"},"schema":{"@context":"https:\/\/schema.org","@graph":[{"@type":"WebPage","@id":"https:\/\/pepiteslitteraires.fr\/","url":"https:\/\/pepiteslitteraires.fr\/","name":"Accueil - pepiteslitteraires.fr","isPartOf":{"@id":"https:\/\/pepiteslitteraires.fr\/#website"},"datePublished":"2023-10-18T14:43:13+00:00","dateModified":"2025-08-15T18:20:45+00:00","description":"Une s\u00e9lection de nouvelles litt\u00e9raires libres de droits au format num\u00e9rique pour accompagner les programmes scolaires. Charles-Etienne Millon (fondateur du site et professeur agr\u00e9g\u00e9 de lettres modernes)","breadcrumb":{"@id":"https:\/\/pepiteslitteraires.fr\/#breadcrumb"},"inLanguage":"fr-FR","potentialAction":[{"@type":"ReadAction","target":["https:\/\/pepiteslitteraires.fr\/"]}]},{"@type":"BreadcrumbList","@id":"https:\/\/pepiteslitteraires.fr\/#breadcrumb","itemListElement":[{"@type":"ListItem","position":1,"name":"Accueil","item":"https:\/\/pepiteslitteraires.fr\/"},{"@type":"ListItem","position":2,"name":"Accueil"}]},{"@type":"WebSite","@id":"https:\/\/pepiteslitteraires.fr\/#website","url":"https:\/\/pepiteslitteraires.fr\/","name":"pepiteslitteraires.fr","description":"","publisher":{"@id":"https:\/\/pepiteslitteraires.fr\/#organization"},"potentialAction":[{"@type":"SearchAction","target":{"@type":"EntryPoint","urlTemplate":"https:\/\/pepiteslitteraires.fr\/?s={search_term_string}"},"query-input":{"@type":"PropertyValueSpecification","valueRequired":true,"valueName":"search_term_string"}}],"inLanguage":"fr-FR"},{"@type":"Organization","@id":"https:\/\/pepiteslitteraires.fr\/#organization","name":"pepiteslitteraires.fr","url":"https:\/\/pepiteslitteraires.fr\/","logo":{"@type":"ImageObject","inLanguage":"fr-FR","@id":"https:\/\/pepiteslitteraires.fr\/#\/schema\/logo\/image\/","url":"https:\/\/pepiteslitteraires.fr\/wp-content\/uploads\/2023\/10\/cropped-Pepites-litteraires-logo.jpg","contentUrl":"https:\/\/pepiteslitteraires.fr\/wp-content\/uploads\/2023\/10\/cropped-Pepites-litteraires-logo.jpg","width":500,"height":202,"caption":"pepiteslitteraires.fr"},"image":{"@id":"https:\/\/pepiteslitteraires.fr\/#\/schema\/logo\/image\/"}}]}},"_links":{"self":[{"href":"https:\/\/pepiteslitteraires.fr\/index.php\/wp-json\/wp\/v2\/pages\/6","targetHints":{"allow":["GET"]}}],"collection":[{"href":"https:\/\/pepiteslitteraires.fr\/index.php\/wp-json\/wp\/v2\/pages"}],"about":[{"href":"https:\/\/pepiteslitteraires.fr\/index.php\/wp-json\/wp\/v2\/types\/page"}],"author":[{"embeddable":true,"href":"https:\/\/pepiteslitteraires.fr\/index.php\/wp-json\/wp\/v2\/users\/1"}],"replies":[{"embeddable":true,"href":"https:\/\/pepiteslitteraires.fr\/index.php\/wp-json\/wp\/v2\/comments?post=6"}],"version-history":[{"count":74,"href":"https:\/\/pepiteslitteraires.fr\/index.php\/wp-json\/wp\/v2\/pages\/6\/revisions"}],"predecessor-version":[{"id":2586,"href":"https:\/\/pepiteslitteraires.fr\/index.php\/wp-json\/wp\/v2\/pages\/6\/revisions\/2586"}],"wp:attachment":[{"href":"https:\/\/pepiteslitteraires.fr\/index.php\/wp-json\/wp\/v2\/media?parent=6"}],"curies":[{"name":"wp","href":"https:\/\/api.w.org\/{rel}","templated":true}]}}