{"id":8,"date":"2023-10-18T16:43:23","date_gmt":"2023-10-18T14:43:23","guid":{"rendered":"https:\/\/pepiteslitteraires.fr\/?page_id=8"},"modified":"2023-11-23T23:16:38","modified_gmt":"2023-11-23T22:16:38","slug":"blog","status":"publish","type":"page","link":"https:\/\/pepiteslitteraires.fr\/index.php\/blog\/","title":{"rendered":"Blog"},"content":{"rendered":"\t\t<div data-elementor-type=\"wp-page\" data-elementor-id=\"8\" class=\"elementor elementor-8\">\n\t\t\t\t<div class=\"elementor-element elementor-element-68617727 e-con-full e-flex e-con e-parent\" data-id=\"68617727\" data-element_type=\"container\">\n\t\t\t\t<div class=\"elementor-element elementor-element-400c2c36 elementor-widget__width-initial elementor-widget elementor-widget-text-editor\" data-id=\"400c2c36\" data-element_type=\"widget\" data-widget_type=\"text-editor.default\">\n\t\t\t\t<div class=\"elementor-widget-container\">\n\t\t\t\t\t\t\t\t\t<p>\u00a0\u00a0\u00a0\u00a0\u00a0\u00a0\u00a0\u00a0\u00a0\u00a0\u00a0\u00a0\u00a0 \u00a9 <a href=\"https:\/\/pepiteslitteraires.fr\/index.php\/illustrations\/\" target=\"_blank\" rel=\"noopener\">NicolasGuyot<\/a><\/p>\t\t\t\t\t\t\t\t<\/div>\n\t\t\t\t<\/div>\n\t\t\t\t<\/div>\n\t\t<div class=\"elementor-element elementor-element-7d0d0e2 e-flex e-con-boxed e-con e-parent\" data-id=\"7d0d0e2\" data-element_type=\"container\">\n\t\t\t\t\t<div class=\"e-con-inner\">\n\t\t\t\t<div class=\"elementor-element elementor-element-448067c elementor-widget elementor-widget-wp-widget-recent-posts\" data-id=\"448067c\" data-element_type=\"widget\" data-widget_type=\"wp-widget-recent-posts.default\">\n\t\t\t\t<div class=\"elementor-widget-container\">\n\t\t\t\t\t\n\t\t\n\t\t<h5>Articles r\u00e9cents<\/h5>\n\t\t<ul>\n\t\t\t\t\t\t\t\t\t\t\t<li>\n\t\t\t\t\t<a href=\"https:\/\/pepiteslitteraires.fr\/index.php\/2023\/11\/02\/pourquoi-lire-des-nouvelles-litteraires-en-specialite-hlp\/\">Pourquoi lire des nouvelles litt\u00e9raires en sp\u00e9cialit\u00e9 HLP ?<\/a>\n\t\t\t\t\t\t\t\t\t\t\t<span class=\"post-date\">2 novembre 2023<\/span>\n\t\t\t\t\t\t\t\t\t<\/li>\n\t\t\t\t\t\t\t\t\t\t\t<li>\n\t\t\t\t\t<a href=\"https:\/\/pepiteslitteraires.fr\/index.php\/2023\/10\/18\/les-nouvelles-litteraires-ou-comment-entrer-progressivement-dans-la-litterature\/\">Les nouvelles litt\u00e9raires\u00a0ou comment entrer progressivement dans la litt\u00e9rature<\/a>\n\t\t\t\t\t\t\t\t\t\t\t<span class=\"post-date\">18 octobre 2023<\/span>\n\t\t\t\t\t\t\t\t\t<\/li>\n\t\t\t\t\t<\/ul>\n\n\t\t\t\t\t\t<\/div>\n\t\t\t\t<\/div>\n\t\t\t\t\t<\/div>\n\t\t\t\t<\/div>\n\t\t\t\t<\/div>\n\t\t","protected":false},"excerpt":{"rendered":"<p>\u00a0\u00a0\u00a0\u00a0\u00a0\u00a0\u00a0\u00a0\u00a0\u00a0\u00a0\u00a0\u00a0 \u00a9 NicolasGuyot<\/p>\n","protected":false},"author":1,"featured_media":0,"parent":0,"menu_order":0,"comment_status":"closed","ping_status":"closed","template":"","meta":{"footnotes":""},"class_list":["post-8","page","type-page","status-publish","hentry","entry"],"yoast_head":"<!-- This site is optimized with the Yoast SEO plugin v27.6 - https:\/\/yoast.com\/product\/yoast-seo-wordpress\/ -->\n<title>Blog - pepiteslitteraires.fr<\/title>\n<meta name=\"robots\" content=\"index, follow, max-snippet:-1, max-image-preview:large, max-video-preview:-1\" \/>\n<link rel=\"canonical\" href=\"https:\/\/pepiteslitteraires.fr\/index.php\/blog\/\" \/>\n<meta property=\"og:locale\" content=\"fr_FR\" \/>\n<meta property=\"og:type\" content=\"article\" \/>\n<meta property=\"og:title\" content=\"Blog - pepiteslitteraires.fr\" \/>\n<meta property=\"og:description\" content=\"\u00a0\u00a0\u00a0\u00a0\u00a0\u00a0\u00a0\u00a0\u00a0\u00a0\u00a0\u00a0\u00a0 \u00a9 NicolasGuyot\" \/>\n<meta property=\"og:url\" content=\"https:\/\/pepiteslitteraires.fr\/index.php\/blog\/\" \/>\n<meta property=\"og:site_name\" content=\"pepiteslitteraires.fr\" \/>\n<meta property=\"article:modified_time\" content=\"2023-11-23T22:16:38+00:00\" \/>\n<meta name=\"twitter:card\" content=\"summary_large_image\" \/>\n<meta name=\"twitter:label1\" content=\"Dur\u00e9e de lecture estim\u00e9e\" \/>\n\t<meta name=\"twitter:data1\" content=\"1 minute\" \/>\n<script type=\"application\/ld+json\" class=\"yoast-schema-graph\">{\"@context\":\"https:\\\/\\\/schema.org\",\"@graph\":[{\"@type\":[\"Article\",\"BlogPosting\"],\"@id\":\"https:\\\/\\\/pepiteslitteraires.fr\\\/index.php\\\/blog\\\/#article\",\"isPartOf\":{\"@id\":\"https:\\\/\\\/pepiteslitteraires.fr\\\/index.php\\\/blog\\\/\"},\"author\":{\"name\":\"pepiteslitteraires.fr\",\"@id\":\"https:\\\/\\\/pepiteslitteraires.fr\\\/#\\\/schema\\\/person\\\/8b4d31e9a56f576f95a485b381be6103\"},\"headline\":\"Blog\",\"datePublished\":\"2023-10-18T14:43:23+00:00\",\"dateModified\":\"2023-11-23T22:16:38+00:00\",\"mainEntityOfPage\":{\"@id\":\"https:\\\/\\\/pepiteslitteraires.fr\\\/index.php\\\/blog\\\/\"},\"wordCount\":2,\"publisher\":{\"@id\":\"https:\\\/\\\/pepiteslitteraires.fr\\\/#organization\"},\"inLanguage\":\"fr-FR\"},{\"@type\":\"WebPage\",\"@id\":\"https:\\\/\\\/pepiteslitteraires.fr\\\/index.php\\\/blog\\\/\",\"url\":\"https:\\\/\\\/pepiteslitteraires.fr\\\/index.php\\\/blog\\\/\",\"name\":\"Blog - pepiteslitteraires.fr\",\"isPartOf\":{\"@id\":\"https:\\\/\\\/pepiteslitteraires.fr\\\/#website\"},\"datePublished\":\"2023-10-18T14:43:23+00:00\",\"dateModified\":\"2023-11-23T22:16:38+00:00\",\"breadcrumb\":{\"@id\":\"https:\\\/\\\/pepiteslitteraires.fr\\\/index.php\\\/blog\\\/#breadcrumb\"},\"inLanguage\":\"fr-FR\",\"potentialAction\":[{\"@type\":\"ReadAction\",\"target\":[\"https:\\\/\\\/pepiteslitteraires.fr\\\/index.php\\\/blog\\\/\"]}]},{\"@type\":\"BreadcrumbList\",\"@id\":\"https:\\\/\\\/pepiteslitteraires.fr\\\/index.php\\\/blog\\\/#breadcrumb\",\"itemListElement\":[{\"@type\":\"ListItem\",\"position\":1,\"name\":\"Accueil\",\"item\":\"https:\\\/\\\/pepiteslitteraires.fr\\\/\"},{\"@type\":\"ListItem\",\"position\":2,\"name\":\"Blog\"}]},{\"@type\":\"WebSite\",\"@id\":\"https:\\\/\\\/pepiteslitteraires.fr\\\/#website\",\"url\":\"https:\\\/\\\/pepiteslitteraires.fr\\\/\",\"name\":\"pepiteslitteraires.fr\",\"description\":\"\",\"publisher\":{\"@id\":\"https:\\\/\\\/pepiteslitteraires.fr\\\/#organization\"},\"potentialAction\":[{\"@type\":\"SearchAction\",\"target\":{\"@type\":\"EntryPoint\",\"urlTemplate\":\"https:\\\/\\\/pepiteslitteraires.fr\\\/?s={search_term_string}\"},\"query-input\":{\"@type\":\"PropertyValueSpecification\",\"valueRequired\":true,\"valueName\":\"search_term_string\"}}],\"inLanguage\":\"fr-FR\"},{\"@type\":\"Organization\",\"@id\":\"https:\\\/\\\/pepiteslitteraires.fr\\\/#organization\",\"name\":\"pepiteslitteraires.fr\",\"url\":\"https:\\\/\\\/pepiteslitteraires.fr\\\/\",\"logo\":{\"@type\":\"ImageObject\",\"inLanguage\":\"fr-FR\",\"@id\":\"https:\\\/\\\/pepiteslitteraires.fr\\\/#\\\/schema\\\/logo\\\/image\\\/\",\"url\":\"https:\\\/\\\/pepiteslitteraires.fr\\\/wp-content\\\/uploads\\\/2023\\\/10\\\/cropped-Pepites-litteraires-logo.jpg\",\"contentUrl\":\"https:\\\/\\\/pepiteslitteraires.fr\\\/wp-content\\\/uploads\\\/2023\\\/10\\\/cropped-Pepites-litteraires-logo.jpg\",\"width\":500,\"height\":202,\"caption\":\"pepiteslitteraires.fr\"},\"image\":{\"@id\":\"https:\\\/\\\/pepiteslitteraires.fr\\\/#\\\/schema\\\/logo\\\/image\\\/\"}},{\"@type\":\"Person\",\"@id\":\"https:\\\/\\\/pepiteslitteraires.fr\\\/#\\\/schema\\\/person\\\/8b4d31e9a56f576f95a485b381be6103\",\"name\":\"pepiteslitteraires.fr\",\"image\":{\"@type\":\"ImageObject\",\"inLanguage\":\"fr-FR\",\"@id\":\"https:\\\/\\\/secure.gravatar.com\\\/avatar\\\/ee69161e582e62309424f0115e9f8ead59a9a957abf1b4e9189d8a1dc0f99c95?s=96&d=mm&r=g\",\"url\":\"https:\\\/\\\/secure.gravatar.com\\\/avatar\\\/ee69161e582e62309424f0115e9f8ead59a9a957abf1b4e9189d8a1dc0f99c95?s=96&d=mm&r=g\",\"contentUrl\":\"https:\\\/\\\/secure.gravatar.com\\\/avatar\\\/ee69161e582e62309424f0115e9f8ead59a9a957abf1b4e9189d8a1dc0f99c95?s=96&d=mm&r=g\",\"caption\":\"pepiteslitteraires.fr\"},\"sameAs\":[\"http:\\\/\\\/pepiteslitteraires.fr\"],\"url\":\"https:\\\/\\\/pepiteslitteraires.fr\\\/index.php\\\/author\\\/pepiteslitteraires-fr\\\/\"}]}<\/script>\n<!-- \/ Yoast SEO plugin. -->","yoast_head_json":{"title":"Blog - pepiteslitteraires.fr","robots":{"index":"index","follow":"follow","max-snippet":"max-snippet:-1","max-image-preview":"max-image-preview:large","max-video-preview":"max-video-preview:-1"},"canonical":"https:\/\/pepiteslitteraires.fr\/index.php\/blog\/","og_locale":"fr_FR","og_type":"article","og_title":"Blog - pepiteslitteraires.fr","og_description":"\u00a0\u00a0\u00a0\u00a0\u00a0\u00a0\u00a0\u00a0\u00a0\u00a0\u00a0\u00a0\u00a0 \u00a9 NicolasGuyot","og_url":"https:\/\/pepiteslitteraires.fr\/index.php\/blog\/","og_site_name":"pepiteslitteraires.fr","article_modified_time":"2023-11-23T22:16:38+00:00","twitter_card":"summary_large_image","twitter_misc":{"Dur\u00e9e de lecture estim\u00e9e":"1 minute"},"schema":{"@context":"https:\/\/schema.org","@graph":[{"@type":["Article","BlogPosting"],"@id":"https:\/\/pepiteslitteraires.fr\/index.php\/blog\/#article","isPartOf":{"@id":"https:\/\/pepiteslitteraires.fr\/index.php\/blog\/"},"author":{"name":"pepiteslitteraires.fr","@id":"https:\/\/pepiteslitteraires.fr\/#\/schema\/person\/8b4d31e9a56f576f95a485b381be6103"},"headline":"Blog","datePublished":"2023-10-18T14:43:23+00:00","dateModified":"2023-11-23T22:16:38+00:00","mainEntityOfPage":{"@id":"https:\/\/pepiteslitteraires.fr\/index.php\/blog\/"},"wordCount":2,"publisher":{"@id":"https:\/\/pepiteslitteraires.fr\/#organization"},"inLanguage":"fr-FR"},{"@type":"WebPage","@id":"https:\/\/pepiteslitteraires.fr\/index.php\/blog\/","url":"https:\/\/pepiteslitteraires.fr\/index.php\/blog\/","name":"Blog - pepiteslitteraires.fr","isPartOf":{"@id":"https:\/\/pepiteslitteraires.fr\/#website"},"datePublished":"2023-10-18T14:43:23+00:00","dateModified":"2023-11-23T22:16:38+00:00","breadcrumb":{"@id":"https:\/\/pepiteslitteraires.fr\/index.php\/blog\/#breadcrumb"},"inLanguage":"fr-FR","potentialAction":[{"@type":"ReadAction","target":["https:\/\/pepiteslitteraires.fr\/index.php\/blog\/"]}]},{"@type":"BreadcrumbList","@id":"https:\/\/pepiteslitteraires.fr\/index.php\/blog\/#breadcrumb","itemListElement":[{"@type":"ListItem","position":1,"name":"Accueil","item":"https:\/\/pepiteslitteraires.fr\/"},{"@type":"ListItem","position":2,"name":"Blog"}]},{"@type":"WebSite","@id":"https:\/\/pepiteslitteraires.fr\/#website","url":"https:\/\/pepiteslitteraires.fr\/","name":"pepiteslitteraires.fr","description":"","publisher":{"@id":"https:\/\/pepiteslitteraires.fr\/#organization"},"potentialAction":[{"@type":"SearchAction","target":{"@type":"EntryPoint","urlTemplate":"https:\/\/pepiteslitteraires.fr\/?s={search_term_string}"},"query-input":{"@type":"PropertyValueSpecification","valueRequired":true,"valueName":"search_term_string"}}],"inLanguage":"fr-FR"},{"@type":"Organization","@id":"https:\/\/pepiteslitteraires.fr\/#organization","name":"pepiteslitteraires.fr","url":"https:\/\/pepiteslitteraires.fr\/","logo":{"@type":"ImageObject","inLanguage":"fr-FR","@id":"https:\/\/pepiteslitteraires.fr\/#\/schema\/logo\/image\/","url":"https:\/\/pepiteslitteraires.fr\/wp-content\/uploads\/2023\/10\/cropped-Pepites-litteraires-logo.jpg","contentUrl":"https:\/\/pepiteslitteraires.fr\/wp-content\/uploads\/2023\/10\/cropped-Pepites-litteraires-logo.jpg","width":500,"height":202,"caption":"pepiteslitteraires.fr"},"image":{"@id":"https:\/\/pepiteslitteraires.fr\/#\/schema\/logo\/image\/"}},{"@type":"Person","@id":"https:\/\/pepiteslitteraires.fr\/#\/schema\/person\/8b4d31e9a56f576f95a485b381be6103","name":"pepiteslitteraires.fr","image":{"@type":"ImageObject","inLanguage":"fr-FR","@id":"https:\/\/secure.gravatar.com\/avatar\/ee69161e582e62309424f0115e9f8ead59a9a957abf1b4e9189d8a1dc0f99c95?s=96&d=mm&r=g","url":"https:\/\/secure.gravatar.com\/avatar\/ee69161e582e62309424f0115e9f8ead59a9a957abf1b4e9189d8a1dc0f99c95?s=96&d=mm&r=g","contentUrl":"https:\/\/secure.gravatar.com\/avatar\/ee69161e582e62309424f0115e9f8ead59a9a957abf1b4e9189d8a1dc0f99c95?s=96&d=mm&r=g","caption":"pepiteslitteraires.fr"},"sameAs":["http:\/\/pepiteslitteraires.fr"],"url":"https:\/\/pepiteslitteraires.fr\/index.php\/author\/pepiteslitteraires-fr\/"}]}},"_links":{"self":[{"href":"https:\/\/pepiteslitteraires.fr\/index.php\/wp-json\/wp\/v2\/pages\/8","targetHints":{"allow":["GET"]}}],"collection":[{"href":"https:\/\/pepiteslitteraires.fr\/index.php\/wp-json\/wp\/v2\/pages"}],"about":[{"href":"https:\/\/pepiteslitteraires.fr\/index.php\/wp-json\/wp\/v2\/types\/page"}],"author":[{"embeddable":true,"href":"https:\/\/pepiteslitteraires.fr\/index.php\/wp-json\/wp\/v2\/users\/1"}],"replies":[{"embeddable":true,"href":"https:\/\/pepiteslitteraires.fr\/index.php\/wp-json\/wp\/v2\/comments?post=8"}],"version-history":[{"count":15,"href":"https:\/\/pepiteslitteraires.fr\/index.php\/wp-json\/wp\/v2\/pages\/8\/revisions"}],"predecessor-version":[{"id":1119,"href":"https:\/\/pepiteslitteraires.fr\/index.php\/wp-json\/wp\/v2\/pages\/8\/revisions\/1119"}],"wp:attachment":[{"href":"https:\/\/pepiteslitteraires.fr\/index.php\/wp-json\/wp\/v2\/media?parent=8"}],"curies":[{"name":"wp","href":"https:\/\/api.w.org\/{rel}","templated":true}]}}